{"id":173878,"date":"2025-12-20T12:25:57","date_gmt":"2025-12-20T09:25:57","guid":{"rendered":"https:\/\/baldumarket.lt\/product\/komoda-harmony-k144-trzydrzwiowa-czarny-grafit-marmur-black-royal\/"},"modified":"2026-04-05T16:07:51","modified_gmt":"2026-04-05T13:07:51","slug":"komoda-harmony-k144-trzydrzwiowa-czarny-grafit-marmur-black-royal","status":"publish","type":"product","link":"https:\/\/baldumarket.lt\/lt\/product\/komoda-harmony-k144-trzydrzwiowa-czarny-grafit-marmur-black-royal\/","title":{"rendered":"Harmony K144 komoda, trij\u0173 dur\u0173, juodo grafito \/ juodo karali\u0161kojo marmuro"},"content":{"rendered":"<p>Funkcionali ir erdvi trij\u0173 dureli\u0173 komoda \u201eHarmony K144\u201c stovi ant auk\u0161t\u0173 (20 cm) auksini\u0173 metalini\u0173 kojeli\u0173, kuri\u0173 blizgesys puikiai dera su komplekto grafito juoda spalva. Baldas turi tris varstomas dureles, u\u017e kuri\u0173 erdv\u0119 dalija horizontali lentyna. Nuleistas komodos stalvir\u0161is padengtas juodo marmuro apdaila ir yra ideali vieta \u0161eimos relikvijoms eksponuoti. Spintel\u0117 pagaminta i\u0161 laminuotos bald\u0173 plok\u0161t\u0117s, kuri yra labai atspari \u012fbr\u0117\u017eimams. Komoda yra to paties pavadinimo komplekto, kur\u012f sudaro komodos, kavos staliukas, vitrina ir televizoriaus staliukas, dalis. Baldai pristatomi supakuoti su ai\u0161kiomis surinkimo instrukcijomis.<\/p>","protected":false},"excerpt":{"rendered":"<p>Plotis: 144 cm<br \/>\nGylis: 37 cm<br \/>\nAuk\u0161tis: 83 cm<br \/>\nBald\u0173 spalva: Grafito juoda \/ Karali\u0161kasis juodas marmuras<\/p>","protected":false},"featured_media":173879,"comment_status":"open","ping_status":"open","template":"","meta":[],"product_brand":[],"product_cat":[9561,1173,4635],"product_tag":[],"class_list":{"0":"post-173878","1":"product","2":"type-product","3":"status-publish","4":"has-post-thumbnail","6":"product_cat-furniture-system-harmony-piaski","7":"product_cat-chests-of-drawers","8":"product_cat-piaski","10":"first","11":"instock","12":"purchasable","13":"product-type-simple"},"_links":{"self":[{"href":"https:\/\/baldumarket.lt\/lt\/wp-json\/wp\/v2\/product\/173878","targetHints":{"allow":["GET"]}}],"collection":[{"href":"https:\/\/baldumarket.lt\/lt\/wp-json\/wp\/v2\/product"}],"about":[{"href":"https:\/\/baldumarket.lt\/lt\/wp-json\/wp\/v2\/types\/product"}],"replies":[{"embeddable":true,"href":"https:\/\/baldumarket.lt\/lt\/wp-json\/wp\/v2\/comments?post=173878"}],"wp:featuredmedia":[{"embeddable":true,"href":"https:\/\/baldumarket.lt\/lt\/wp-json\/wp\/v2\/media\/173879"}],"wp:attachment":[{"href":"https:\/\/baldumarket.lt\/lt\/wp-json\/wp\/v2\/media?parent=173878"}],"wp:term":[{"taxonomy":"product_brand","embeddable":true,"href":"https:\/\/baldumarket.lt\/lt\/wp-json\/wp\/v2\/product_brand?post=173878"},{"taxonomy":"product_cat","embeddable":true,"href":"https:\/\/baldumarket.lt\/lt\/wp-json\/wp\/v2\/product_cat?post=173878"},{"taxonomy":"product_tag","embeddable":true,"href":"https:\/\/baldumarket.lt\/lt\/wp-json\/wp\/v2\/product_tag?post=173878"}],"curies":[{"name":"wp","href":"https:\/\/api.w.org\/{rel}","templated":true}]}}