{"id":173870,"date":"2025-12-20T12:25:48","date_gmt":"2025-12-20T09:25:48","guid":{"rendered":"https:\/\/baldumarket.lt\/product\/komoda-forest-kszd106-drzwi-szuflady-eukaliptus-jodelka-skandi\/"},"modified":"2026-04-05T16:07:51","modified_gmt":"2026-04-05T13:07:51","slug":"komoda-forest-kszd106-drzwi-szuflady-eukaliptus-jodelka-skandi","status":"publish","type":"product","link":"https:\/\/baldumarket.lt\/lt\/product\/komoda-forest-kszd106-drzwi-szuflady-eukaliptus-jodelka-skandi\/","title":{"rendered":"Forest KSZD106 komoda, durel\u0117mis, eukalipto\/eglut\u0117s ra\u0161to"},"content":{"rendered":"<p>\u201eForest KSZD106\u201c komoda turi tris erdvius stal\u010dius ir varstomas duris, u\u017e kuri\u0173 erdv\u0119 dalija horizontali lentyna. Spinteli\u0173 fasadai puo\u0161ti skandinavi\u0161ku \u201eeglut\u0117s\u201c ra\u0161tu ir auksine rankena. Spintel\u0117s korpusas apdailintas eukalipto ra\u0161tu. Visas baldas stovi ant auk\u0161t\u0173 kojeli\u0173, tod\u0117l valymo robot\u0173 pagalba lengva valyti po komoda esan\u010dias dalis. Spintel\u0117 pagaminta i\u0161 laminuotos bald\u0173 plok\u0161t\u0117s, kuri yra labai atspari \u012fbr\u0117\u017eimams. Komoda yra to paties pavadinimo komplekto, kur\u012f sudaro komodos, lentyna, naktinis staliukas ir televizoriaus staliukas, dalis. Baldai pristatomi i\u0161ardyti su ai\u0161kiomis surinkimo instrukcijomis.<\/p>","protected":false},"excerpt":{"rendered":"<p>Plotis: 106 cm<br \/>\nGylis: 38 cm<br \/>\nAuk\u0161tis: 81 cm<br \/>\nBald\u0173 spalva: Eukalipto \/ Skandinavijos silk\u0117s kaulo spalvos<\/p>","protected":false},"featured_media":173871,"comment_status":"open","ping_status":"open","template":"","meta":[],"product_brand":[],"product_cat":[9560,1173,4635],"product_tag":[],"class_list":{"0":"post-173870","1":"product","2":"type-product","3":"status-publish","4":"has-post-thumbnail","6":"product_cat-furniture-system-forest-piaski","7":"product_cat-chests-of-drawers","8":"product_cat-piaski","10":"first","11":"instock","12":"purchasable","13":"product-type-simple"},"_links":{"self":[{"href":"https:\/\/baldumarket.lt\/lt\/wp-json\/wp\/v2\/product\/173870","targetHints":{"allow":["GET"]}}],"collection":[{"href":"https:\/\/baldumarket.lt\/lt\/wp-json\/wp\/v2\/product"}],"about":[{"href":"https:\/\/baldumarket.lt\/lt\/wp-json\/wp\/v2\/types\/product"}],"replies":[{"embeddable":true,"href":"https:\/\/baldumarket.lt\/lt\/wp-json\/wp\/v2\/comments?post=173870"}],"wp:featuredmedia":[{"embeddable":true,"href":"https:\/\/baldumarket.lt\/lt\/wp-json\/wp\/v2\/media\/173871"}],"wp:attachment":[{"href":"https:\/\/baldumarket.lt\/lt\/wp-json\/wp\/v2\/media?parent=173870"}],"wp:term":[{"taxonomy":"product_brand","embeddable":true,"href":"https:\/\/baldumarket.lt\/lt\/wp-json\/wp\/v2\/product_brand?post=173870"},{"taxonomy":"product_cat","embeddable":true,"href":"https:\/\/baldumarket.lt\/lt\/wp-json\/wp\/v2\/product_cat?post=173870"},{"taxonomy":"product_tag","embeddable":true,"href":"https:\/\/baldumarket.lt\/lt\/wp-json\/wp\/v2\/product_tag?post=173870"}],"curies":[{"name":"wp","href":"https:\/\/api.w.org\/{rel}","templated":true}]}}