{"id":173862,"date":"2025-12-20T12:25:38","date_gmt":"2025-12-20T09:25:38","guid":{"rendered":"https:\/\/baldumarket.lt\/product\/komoda-forest-kszd106-drzwi-szuflady-bez-piaskowy-jodelka-skandi\/"},"modified":"2026-04-05T16:07:51","modified_gmt":"2026-04-05T13:07:51","slug":"komoda-forest-kszd106-drzwi-szuflady-bez-piaskowy-jodelka-skandi","status":"publish","type":"product","link":"https:\/\/baldumarket.lt\/lt\/product\/komoda-forest-kszd106-drzwi-szuflady-bez-piaskowy-jodelka-skandi\/","title":{"rendered":"Forest KSZD106 komoda, durel\u0117mis, sm\u0117lio spalvos\/skandinavi\u0161ko ra\u0161to"},"content":{"rendered":"<p>Moderni \u201eForest KSZD106\u201c komoda \u017eavi savo stiliumi ir kokybi\u0161ku meistri\u0161kumu. Komplekte yra trys erdv\u016bs stal\u010diai ir varstomos durys, u\u017e kuri\u0173 erdv\u0119 dalija horizontali lentyna. Spinteli\u0173 fasadai puo\u0161ti skandinavi\u0161ku \u201eeglut\u0117s\u201c ra\u0161tu ir auksine rankena. Baldo korpusas apdailintas sm\u0117lio spalvos. Spintel\u0117 pagaminta i\u0161 laminuotos bald\u0173 plok\u0161t\u0117s, kuri yra labai atspari \u012fbr\u0117\u017eimams. Komoda yra to paties pavadinimo komplekto, kur\u012f sudaro komodos, lentyna, naktinis staliukas ir televizoriaus staliukas, dalis. Baldai pristatomi i\u0161ardyti su ai\u0161kiomis surinkimo instrukcijomis.<\/p>","protected":false},"excerpt":{"rendered":"<p>Plotis: 106 cm<br \/>\nGylis: 38 cm<br \/>\nAuk\u0161tis: 81 cm<br \/>\nBald\u0173 spalva: sm\u0117lio spalvos \/ skandinavi\u0161ko ra\u0161to<\/p>","protected":false},"featured_media":173863,"comment_status":"open","ping_status":"open","template":"","meta":[],"product_brand":[],"product_cat":[9560,1173,4635],"product_tag":[],"class_list":{"0":"post-173862","1":"product","2":"type-product","3":"status-publish","4":"has-post-thumbnail","6":"product_cat-furniture-system-forest-piaski","7":"product_cat-chests-of-drawers","8":"product_cat-piaski","10":"first","11":"instock","12":"purchasable","13":"product-type-simple"},"_links":{"self":[{"href":"https:\/\/baldumarket.lt\/lt\/wp-json\/wp\/v2\/product\/173862","targetHints":{"allow":["GET"]}}],"collection":[{"href":"https:\/\/baldumarket.lt\/lt\/wp-json\/wp\/v2\/product"}],"about":[{"href":"https:\/\/baldumarket.lt\/lt\/wp-json\/wp\/v2\/types\/product"}],"replies":[{"embeddable":true,"href":"https:\/\/baldumarket.lt\/lt\/wp-json\/wp\/v2\/comments?post=173862"}],"wp:featuredmedia":[{"embeddable":true,"href":"https:\/\/baldumarket.lt\/lt\/wp-json\/wp\/v2\/media\/173863"}],"wp:attachment":[{"href":"https:\/\/baldumarket.lt\/lt\/wp-json\/wp\/v2\/media?parent=173862"}],"wp:term":[{"taxonomy":"product_brand","embeddable":true,"href":"https:\/\/baldumarket.lt\/lt\/wp-json\/wp\/v2\/product_brand?post=173862"},{"taxonomy":"product_cat","embeddable":true,"href":"https:\/\/baldumarket.lt\/lt\/wp-json\/wp\/v2\/product_cat?post=173862"},{"taxonomy":"product_tag","embeddable":true,"href":"https:\/\/baldumarket.lt\/lt\/wp-json\/wp\/v2\/product_tag?post=173862"}],"curies":[{"name":"wp","href":"https:\/\/api.w.org\/{rel}","templated":true}]}}