{"id":173822,"date":"2025-12-20T12:24:51","date_gmt":"2025-12-20T09:24:51","guid":{"rendered":"https:\/\/baldumarket.lt\/product\/komoda-diamond-ksz154-drzwi-szuflady-dab-evoke-czarny\/"},"modified":"2026-04-05T16:07:51","modified_gmt":"2026-04-05T13:07:51","slug":"komoda-diamond-ksz154-drzwi-szuflady-dab-evoke-czarny","status":"publish","type":"product","link":"https:\/\/baldumarket.lt\/lt\/product\/komoda-diamond-ksz154-drzwi-szuflady-dab-evoke-czarny\/","title":{"rendered":"Diamond KSZ154 komoda, durel\u0117s, stal\u010diai, \u201eEvoke Oak\u201c\/juoda"},"content":{"rendered":"<p>Funkcionali ir erdvi komoda \u201eDiamond KSZ154\u201c stovi ant auk\u0161t\u0173 (14 cm) juod\u0173 metalini\u0173 kojeli\u0173, kurios pabr\u0117\u017eia jos modern\u0173 charakter\u012f. Komplekt\u0105 sudaro dvejos varstomos durys, u\u017e kuri\u0173 erdv\u0119 dalija horizontali lentyna, ir trys erdv\u016bs stal\u010diai. Vienas i\u0161 fasad\u0173 papuo\u0161tas patraukliu \u012fstri\u017e\u0173 linij\u0173, kurios sukuria eglut\u0117s ra\u0161t\u0105, dekoru. Spintel\u0117 pagaminta i\u0161 laminuotos baldin\u0117s plok\u0161t\u0117s, pasi\u017eymin\u010dios padidintu atsparumu \u012fbr\u0117\u017eimams. Komoda yra to paties pavadinimo komplekto, kur\u012f sudaro komodos, kavos staliukas, drabu\u017ei\u0173 spinta, vitrina ir televizoriaus staliukas, dalis. Baldai pristatomi supakuoti su ai\u0161kiomis surinkimo instrukcijomis.<\/p>","protected":false},"excerpt":{"rendered":"<p>Plotis: 154 cm<br \/>\nGylis: 39 cm<br \/>\nAuk\u0161tis: 77 cm<br \/>\nBald\u0173 spalva: \u201eEvoke Oak\u201c \/ matin\u0117 juoda<\/p>","protected":false},"featured_media":173823,"comment_status":"open","ping_status":"open","template":"","meta":[],"product_brand":[],"product_cat":[9548,1173,4635],"product_tag":[],"class_list":{"0":"post-173822","1":"product","2":"type-product","3":"status-publish","4":"has-post-thumbnail","6":"product_cat-furniture-system-diamond-piaski","7":"product_cat-chests-of-drawers","8":"product_cat-piaski","10":"first","11":"instock","12":"purchasable","13":"product-type-simple"},"_links":{"self":[{"href":"https:\/\/baldumarket.lt\/lt\/wp-json\/wp\/v2\/product\/173822","targetHints":{"allow":["GET"]}}],"collection":[{"href":"https:\/\/baldumarket.lt\/lt\/wp-json\/wp\/v2\/product"}],"about":[{"href":"https:\/\/baldumarket.lt\/lt\/wp-json\/wp\/v2\/types\/product"}],"replies":[{"embeddable":true,"href":"https:\/\/baldumarket.lt\/lt\/wp-json\/wp\/v2\/comments?post=173822"}],"wp:featuredmedia":[{"embeddable":true,"href":"https:\/\/baldumarket.lt\/lt\/wp-json\/wp\/v2\/media\/173823"}],"wp:attachment":[{"href":"https:\/\/baldumarket.lt\/lt\/wp-json\/wp\/v2\/media?parent=173822"}],"wp:term":[{"taxonomy":"product_brand","embeddable":true,"href":"https:\/\/baldumarket.lt\/lt\/wp-json\/wp\/v2\/product_brand?post=173822"},{"taxonomy":"product_cat","embeddable":true,"href":"https:\/\/baldumarket.lt\/lt\/wp-json\/wp\/v2\/product_cat?post=173822"},{"taxonomy":"product_tag","embeddable":true,"href":"https:\/\/baldumarket.lt\/lt\/wp-json\/wp\/v2\/product_tag?post=173822"}],"curies":[{"name":"wp","href":"https:\/\/api.w.org\/{rel}","templated":true}]}}