{"id":173798,"date":"2025-12-20T12:24:23","date_gmt":"2025-12-20T09:24:23","guid":{"rendered":"https:\/\/baldumarket.lt\/product\/komoda-diamond-k104-dwudrzwiowa-dab-evoke-czarny\/"},"modified":"2026-04-05T16:07:42","modified_gmt":"2026-04-05T13:07:42","slug":"komoda-diamond-k104-dwudrzwiowa-dab-evoke-czarny","status":"publish","type":"product","link":"https:\/\/baldumarket.lt\/lt\/product\/komoda-diamond-k104-dwudrzwiowa-dab-evoke-czarny\/","title":{"rendered":"Diamond K104 komoda, dviej\u0173 dur\u0173, \u201eEvoke Oak\u201c \/ juoda"},"content":{"rendered":"<p>\u201eDiamond K104\u201c indauja stovi ant auk\u0161t\u0173, juod\u0173 metalini\u0173 kojeli\u0173, pabr\u0117\u017eian\u010di\u0173 jos modern\u0173 charakter\u012f. Komplekt\u0105 sudaro dvejos varstomos durys, u\u017e kuri\u0173 erdv\u0119 dalija horizontali lentyna. Priekin\u0117s dalys puo\u0161tos patraukliu dekoru, kur\u012f sudaro \u012fstri\u017eos linijos, sukurian\u010dios eglut\u0117s ra\u0161t\u0105. Spintel\u0117 pagaminta i\u0161 laminuotos bald\u0173 plok\u0161t\u0117s, kuri yra labai atspari \u012fbr\u0117\u017eimams. Indauja yra to paties pavadinimo komplekto, kur\u012f sudaro indauja, kavos staliukas, drabu\u017ei\u0173 spinta, vitrina ir televizoriaus staliukas, dalis. Komplektas pristatomas i\u0161ardytas ir prie jo pridedamos ai\u0161kios instrukcijos.<\/p>","protected":false},"excerpt":{"rendered":"<p>Plotis: 104 cm<br \/>\nGylis: 39 cm<br \/>\nAuk\u0161tis: 77 cm<br \/>\nBald\u0173 spalva: \u201eEvoke Oak\u201c \/ matin\u0117 juoda<\/p>","protected":false},"featured_media":173799,"comment_status":"open","ping_status":"open","template":"","meta":[],"product_brand":[],"product_cat":[9548,1173,4635],"product_tag":[],"class_list":{"0":"post-173798","1":"product","2":"type-product","3":"status-publish","4":"has-post-thumbnail","6":"product_cat-furniture-system-diamond-piaski","7":"product_cat-chests-of-drawers","8":"product_cat-piaski","10":"first","11":"instock","12":"purchasable","13":"product-type-simple"},"_links":{"self":[{"href":"https:\/\/baldumarket.lt\/lt\/wp-json\/wp\/v2\/product\/173798","targetHints":{"allow":["GET"]}}],"collection":[{"href":"https:\/\/baldumarket.lt\/lt\/wp-json\/wp\/v2\/product"}],"about":[{"href":"https:\/\/baldumarket.lt\/lt\/wp-json\/wp\/v2\/types\/product"}],"replies":[{"embeddable":true,"href":"https:\/\/baldumarket.lt\/lt\/wp-json\/wp\/v2\/comments?post=173798"}],"wp:featuredmedia":[{"embeddable":true,"href":"https:\/\/baldumarket.lt\/lt\/wp-json\/wp\/v2\/media\/173799"}],"wp:attachment":[{"href":"https:\/\/baldumarket.lt\/lt\/wp-json\/wp\/v2\/media?parent=173798"}],"wp:term":[{"taxonomy":"product_brand","embeddable":true,"href":"https:\/\/baldumarket.lt\/lt\/wp-json\/wp\/v2\/product_brand?post=173798"},{"taxonomy":"product_cat","embeddable":true,"href":"https:\/\/baldumarket.lt\/lt\/wp-json\/wp\/v2\/product_cat?post=173798"},{"taxonomy":"product_tag","embeddable":true,"href":"https:\/\/baldumarket.lt\/lt\/wp-json\/wp\/v2\/product_tag?post=173798"}],"curies":[{"name":"wp","href":"https:\/\/api.w.org\/{rel}","templated":true}]}}