{"id":173786,"date":"2025-12-20T12:24:10","date_gmt":"2025-12-20T09:24:10","guid":{"rendered":"https:\/\/baldumarket.lt\/product\/komoda-color-k144-drzwiczki-cashmere-dab-linea\/"},"modified":"2026-04-05T16:07:42","modified_gmt":"2026-04-05T13:07:42","slug":"komoda-color-k144-drzwiczki-cashmere-dab-linea","status":"publish","type":"product","link":"https:\/\/baldumarket.lt\/lt\/product\/komoda-color-k144-drzwiczki-cashmere-dab-linea\/","title":{"rendered":"COLOR K144 Komoda, su durel\u0117mis, ka\u0161myro\/linea \u0105\u017euolo"},"content":{"rendered":"<p>Erdvi \u201eColor K144\u201c komoda su durel\u0117mis pasi\u017eymi deran\u010dia \u201eCashmere\u201c spalv\u0173 gama priekyje ir korpuse, o vir\u0161uje ir viduje \u2013 \u201eLinea Oak\u201c apdaila. Spintel\u0117 pagaminta i\u0161 \u012fbr\u0117\u017eimams atsparios laminuotos plok\u0161t\u0117s, tod\u0117l yra atsparesn\u0117 \u012fbr\u0117\u017eimams ir lengvai valoma. Komodoje yra trys erdvios spintel\u0117s su varstomomis durel\u0117mis, kiekviena atskirta patogia lentyna. Komplektas pasi\u017eymi patraukliu spalv\u0173 deriniu. Komoda pristatoma supakuota, kartu su lengvai suprantamomis surinkimo instrukcijomis ir furnit\u016bra.<\/p>","protected":false},"excerpt":{"rendered":"<p>Plotis: 144 cm<br \/>\nGylis: 37 cm<br \/>\nAuk\u0161tis: 83 cm<br \/>\nBald\u0173 spalva: Ka\u0161myro \/ Linejaus \u0105\u017euolo<\/p>","protected":false},"featured_media":173787,"comment_status":"open","ping_status":"open","template":"","meta":[],"product_brand":[],"product_cat":[9564,1173,4635],"product_tag":[],"class_list":{"0":"post-173786","1":"product","2":"type-product","3":"status-publish","4":"has-post-thumbnail","6":"product_cat-furniture-system-color-piaski","7":"product_cat-chests-of-drawers","8":"product_cat-piaski","10":"first","11":"instock","12":"purchasable","13":"product-type-simple"},"_links":{"self":[{"href":"https:\/\/baldumarket.lt\/lt\/wp-json\/wp\/v2\/product\/173786","targetHints":{"allow":["GET"]}}],"collection":[{"href":"https:\/\/baldumarket.lt\/lt\/wp-json\/wp\/v2\/product"}],"about":[{"href":"https:\/\/baldumarket.lt\/lt\/wp-json\/wp\/v2\/types\/product"}],"replies":[{"embeddable":true,"href":"https:\/\/baldumarket.lt\/lt\/wp-json\/wp\/v2\/comments?post=173786"}],"wp:featuredmedia":[{"embeddable":true,"href":"https:\/\/baldumarket.lt\/lt\/wp-json\/wp\/v2\/media\/173787"}],"wp:attachment":[{"href":"https:\/\/baldumarket.lt\/lt\/wp-json\/wp\/v2\/media?parent=173786"}],"wp:term":[{"taxonomy":"product_brand","embeddable":true,"href":"https:\/\/baldumarket.lt\/lt\/wp-json\/wp\/v2\/product_brand?post=173786"},{"taxonomy":"product_cat","embeddable":true,"href":"https:\/\/baldumarket.lt\/lt\/wp-json\/wp\/v2\/product_cat?post=173786"},{"taxonomy":"product_tag","embeddable":true,"href":"https:\/\/baldumarket.lt\/lt\/wp-json\/wp\/v2\/product_tag?post=173786"}],"curies":[{"name":"wp","href":"https:\/\/api.w.org\/{rel}","templated":true}]}}