{"id":173770,"date":"2025-12-20T12:23:51","date_gmt":"2025-12-20T09:23:51","guid":{"rendered":"https:\/\/baldumarket.lt\/product\/komoda-boho-k144-68-trzydrzwiowa-dab-riviera-marmur-bianco\/"},"modified":"2026-04-05T16:07:42","modified_gmt":"2026-04-05T13:07:42","slug":"komoda-boho-k144-68-trzydrzwiowa-dab-riviera-marmur-bianco","status":"publish","type":"product","link":"https:\/\/baldumarket.lt\/lt\/product\/komoda-boho-k144-68-trzydrzwiowa-dab-riviera-marmur-bianco\/","title":{"rendered":"Boho komoda K144\/68, trij\u0173 dur\u0173, Riviera Oak\/Bianco marmuras"},"content":{"rendered":"<p>Komoda \u201eBoho K144\/68\u201c pasi\u017eymi kombinuota \u201eRiviera Oak\u201c ir \u201eBianco\u201c marmuro apdaila, pastatyta ant nuleisto stalvir\u0161io. \u0160is dizainas puikiai tinka m\u0117gstamiems suvenyrams, augalams ir smulkiems daiktams eksponuoti. Spintel\u0117 turi tris varstomas duris, u\u017e kuri\u0173 erdv\u0119 skiria horizontali lentyna, o spintel\u0117 stovi ant auk\u0161t\u0173 medini\u0173 kojeli\u0173. Spintel\u0117 pagaminta i\u0161 laminuotos baldin\u0117s plok\u0161t\u0117s, kuri yra labai atspari \u012fbr\u0117\u017eimams. Komoda yra to paties pavadinimo komplekto, kur\u012f sudaro komodos, naktinis staliukas ir televizoriaus staliukai, dalis. Baldai pristatomi i\u0161ardyti ir pridedamos ai\u0161kios instrukcijos.<\/p>","protected":false},"excerpt":{"rendered":"<p>Plotis: 144 cm<br \/>\nGylis: 37 cm<br \/>\nAuk\u0161tis: 68 cm<br \/>\nBald\u0173 spalva: Riviera Oak \/ Bianco marmuras<\/p>","protected":false},"featured_media":173771,"comment_status":"open","ping_status":"open","template":"","meta":[],"product_brand":[],"product_cat":[9559,1173,4635],"product_tag":[],"class_list":{"0":"post-173770","1":"product","2":"type-product","3":"status-publish","4":"has-post-thumbnail","6":"product_cat-furniture-system-boho-piaski","7":"product_cat-chests-of-drawers","8":"product_cat-piaski","10":"first","11":"instock","12":"purchasable","13":"product-type-simple"},"_links":{"self":[{"href":"https:\/\/baldumarket.lt\/lt\/wp-json\/wp\/v2\/product\/173770","targetHints":{"allow":["GET"]}}],"collection":[{"href":"https:\/\/baldumarket.lt\/lt\/wp-json\/wp\/v2\/product"}],"about":[{"href":"https:\/\/baldumarket.lt\/lt\/wp-json\/wp\/v2\/types\/product"}],"replies":[{"embeddable":true,"href":"https:\/\/baldumarket.lt\/lt\/wp-json\/wp\/v2\/comments?post=173770"}],"wp:featuredmedia":[{"embeddable":true,"href":"https:\/\/baldumarket.lt\/lt\/wp-json\/wp\/v2\/media\/173771"}],"wp:attachment":[{"href":"https:\/\/baldumarket.lt\/lt\/wp-json\/wp\/v2\/media?parent=173770"}],"wp:term":[{"taxonomy":"product_brand","embeddable":true,"href":"https:\/\/baldumarket.lt\/lt\/wp-json\/wp\/v2\/product_brand?post=173770"},{"taxonomy":"product_cat","embeddable":true,"href":"https:\/\/baldumarket.lt\/lt\/wp-json\/wp\/v2\/product_cat?post=173770"},{"taxonomy":"product_tag","embeddable":true,"href":"https:\/\/baldumarket.lt\/lt\/wp-json\/wp\/v2\/product_tag?post=173770"}],"curies":[{"name":"wp","href":"https:\/\/api.w.org\/{rel}","templated":true}]}}