{"id":173763,"date":"2025-12-20T12:23:43","date_gmt":"2025-12-20T09:23:43","guid":{"rendered":"https:\/\/baldumarket.lt\/product\/komoda-wysoka-sky-sk155-drzwi-szuflady-wneki-dab-riviera\/"},"modified":"2026-04-05T02:44:15","modified_gmt":"2026-04-04T23:44:15","slug":"komoda-wysoka-sky-sk155-drzwi-szuflady-wneki-dab-riviera","status":"publish","type":"product","link":"https:\/\/baldumarket.lt\/lt\/product\/komoda-wysoka-sky-sk155-drzwi-szuflady-wneki-dab-riviera\/","title":{"rendered":"Auk\u0161ta komoda \u201eSky SK155\u201c, durel\u0117s, stal\u010diai, ni\u0161omis, \u201eRiviera Oak\u201c"},"content":{"rendered":"<p>Didel\u0117 ir erdvi \u201eSky SK155 Riviera Oak\u201c komoda, d\u0117l savo universalaus, modernaus charakterio, puikiai tiks beveik bet kuriame \u0161iuolaiki\u0161kame svetain\u0117s ar poilsio kambaryje. Komoda turi dvejas pilnas, varstomas duris su patogiomis rankenomis, keturis stal\u010dius ir dvi atviras ni\u0161as su papildomu ap\u0161vietimu. \u0160is komplektas yra \u201eSky SK155 Riviera Oak\u201c kolekcijos, pagamintos i\u0161 laminuotos bald\u0173 plok\u0161t\u0117s, pasi\u017eymin\u010dios padidintu atsparumu \u012fbr\u0117\u017eimams, dalis. Spintel\u0117 pristatoma plok\u0161\u010dia, su lengvai suprantamomis surinkimo instrukcijomis. Taip pat galima \u012fsigyti \u201eCountry Gray\u201c spalvos.<\/p>","protected":false},"excerpt":{"rendered":"<p>Plotis: 155 cm<br \/>\nGylis: 40 cm<br \/>\nAuk\u0161tis: 96 cm<br \/>\nBald\u0173 spalva: Riviera Oak<\/p>","protected":false},"featured_media":173764,"comment_status":"open","ping_status":"open","template":"","meta":[],"product_brand":[],"product_cat":[9550,1173,4635],"product_tag":[],"class_list":{"0":"post-173763","1":"product","2":"type-product","3":"status-publish","4":"has-post-thumbnail","6":"product_cat-furniture-system-sky-piaski","7":"product_cat-chests-of-drawers","8":"product_cat-piaski","10":"first","11":"instock","12":"purchasable","13":"product-type-simple"},"_links":{"self":[{"href":"https:\/\/baldumarket.lt\/lt\/wp-json\/wp\/v2\/product\/173763","targetHints":{"allow":["GET"]}}],"collection":[{"href":"https:\/\/baldumarket.lt\/lt\/wp-json\/wp\/v2\/product"}],"about":[{"href":"https:\/\/baldumarket.lt\/lt\/wp-json\/wp\/v2\/types\/product"}],"replies":[{"embeddable":true,"href":"https:\/\/baldumarket.lt\/lt\/wp-json\/wp\/v2\/comments?post=173763"}],"wp:featuredmedia":[{"embeddable":true,"href":"https:\/\/baldumarket.lt\/lt\/wp-json\/wp\/v2\/media\/173764"}],"wp:attachment":[{"href":"https:\/\/baldumarket.lt\/lt\/wp-json\/wp\/v2\/media?parent=173763"}],"wp:term":[{"taxonomy":"product_brand","embeddable":true,"href":"https:\/\/baldumarket.lt\/lt\/wp-json\/wp\/v2\/product_brand?post=173763"},{"taxonomy":"product_cat","embeddable":true,"href":"https:\/\/baldumarket.lt\/lt\/wp-json\/wp\/v2\/product_cat?post=173763"},{"taxonomy":"product_tag","embeddable":true,"href":"https:\/\/baldumarket.lt\/lt\/wp-json\/wp\/v2\/product_tag?post=173763"}],"curies":[{"name":"wp","href":"https:\/\/api.w.org\/{rel}","templated":true}]}}