{"id":173758,"date":"2025-12-20T12:23:37","date_gmt":"2025-12-20T09:23:37","guid":{"rendered":"https:\/\/baldumarket.lt\/product\/garderoba-stella-szafka-z-drzwiczkami-szafka-na-buty-panel-z-wieszakami-polka-lustro-szuflada-dab-riviera-bialy\/"},"modified":"2026-02-03T23:28:54","modified_gmt":"2026-02-03T20:28:54","slug":"garderoba-stella-szafka-z-drzwiczkami-szafka-na-buty-panel-z-wieszakami-polka-lustro-szuflada-dab-riviera-bialy","status":"publish","type":"product","link":"https:\/\/baldumarket.lt\/lt\/product\/garderoba-stella-szafka-z-drzwiczkami-szafka-na-buty-panel-z-wieszakami-polka-lustro-szuflada-dab-riviera-bialy\/","title":{"rendered":"Stella spinta, spintel\u0117 su durel\u0117mis, bat\u0173 spintel\u0117, pertvara su pakabomis, lentyna, veidrodis, stal\u010dius, Riviera \u0105\u017euolas\/balta"},"content":{"rendered":"<p>Spinta \u201eStella Riviera Oak\/White\u201c pagaminta i\u0161 \u012fbr\u0117\u017eimams atsparios ir lengvai valomos laminuotos bald\u0173 plok\u0161t\u0117s. Komplekt\u0105 sudaro bat\u0173 spintel\u0117, sienel\u0117 su pakabomis, prakti\u0161ka lentyna, spintel\u0117 su durel\u0117mis ir veidrodis. Spinta pristatoma supakuota su ai\u0161kiomis surinkimo instrukcijomis.<\/p>","protected":false},"excerpt":{"rendered":"<p>Plotis: 135 cm<br \/>\nGylis: 34 cm<br \/>\n\u016agis: 197 cm<br \/>\nBald\u0173 spalva: Riviera Oak\/White<\/p>","protected":false},"featured_media":173759,"comment_status":"open","ping_status":"open","template":"","meta":[],"product_brand":[],"product_cat":[4635,1177],"product_tag":[],"class_list":{"0":"post-173758","1":"product","2":"type-product","3":"status-publish","4":"has-post-thumbnail","6":"product_cat-piaski","7":"product_cat-wardrobes","9":"first","10":"instock","11":"purchasable","12":"product-type-simple"},"_links":{"self":[{"href":"https:\/\/baldumarket.lt\/lt\/wp-json\/wp\/v2\/product\/173758","targetHints":{"allow":["GET"]}}],"collection":[{"href":"https:\/\/baldumarket.lt\/lt\/wp-json\/wp\/v2\/product"}],"about":[{"href":"https:\/\/baldumarket.lt\/lt\/wp-json\/wp\/v2\/types\/product"}],"replies":[{"embeddable":true,"href":"https:\/\/baldumarket.lt\/lt\/wp-json\/wp\/v2\/comments?post=173758"}],"wp:featuredmedia":[{"embeddable":true,"href":"https:\/\/baldumarket.lt\/lt\/wp-json\/wp\/v2\/media\/173759"}],"wp:attachment":[{"href":"https:\/\/baldumarket.lt\/lt\/wp-json\/wp\/v2\/media?parent=173758"}],"wp:term":[{"taxonomy":"product_brand","embeddable":true,"href":"https:\/\/baldumarket.lt\/lt\/wp-json\/wp\/v2\/product_brand?post=173758"},{"taxonomy":"product_cat","embeddable":true,"href":"https:\/\/baldumarket.lt\/lt\/wp-json\/wp\/v2\/product_cat?post=173758"},{"taxonomy":"product_tag","embeddable":true,"href":"https:\/\/baldumarket.lt\/lt\/wp-json\/wp\/v2\/product_tag?post=173758"}],"curies":[{"name":"wp","href":"https:\/\/api.w.org\/{rel}","templated":true}]}}