{"id":173753,"date":"2025-12-20T12:23:31","date_gmt":"2025-12-20T09:23:31","guid":{"rendered":"https:\/\/baldumarket.lt\/product\/garderoba-primo-pg110-szafka-na-buty-panel-z-wieszakami-polka-lustro-szuflada-dab-riviera-bialy\/"},"modified":"2026-04-05T15:16:07","modified_gmt":"2026-04-05T12:16:07","slug":"garderoba-primo-pg110-szafka-na-buty-panel-z-wieszakami-polka-lustro-szuflada-dab-riviera-bialy","status":"publish","type":"product","link":"https:\/\/baldumarket.lt\/lt\/product\/garderoba-primo-pg110-szafka-na-buty-panel-z-wieszakami-polka-lustro-szuflada-dab-riviera-bialy\/","title":{"rendered":"Primo PG110 Drabu\u017ein\u0117, Bat\u0173 spintel\u0117, Pakabos plok\u0161t\u0117, Lentyna, Veidrodis, Stal\u010dius, Riviera Oak\/White"},"content":{"rendered":"<p>\u201ePrimo PG110\u201c spinta pagaminta i\u0161 \u012fbr\u0117\u017eimams atsparios ir lengvai valomos laminuotos bald\u0173 plok\u0161t\u0117s, kuri\u0105 galima rinktis i\u0161 baltos ir \u201eRiviera Oak\u201c \u0105\u017euolo spalv\u0173 derinio. Komplekt\u0105 sudaro atvira ir u\u017edara bat\u0173 spintel\u0117, sienel\u0117 su pakabomis, prakti\u0161ka lentyna, erdvus stal\u010dius raktams ir smulkiems daiktams bei veidrodis. \u0160is baldas yra to paties pavadinimo kolekcijos dalis ir pristatomas surinktas.<\/p>","protected":false},"excerpt":{"rendered":"<p>Plotis: 110 cm<br \/>\nGylis: 34 cm<br \/>\nAuk\u0161tis: 200 cm<br \/>\nBald\u0173 spalva: Riviera Oak\/White<\/p>","protected":false},"featured_media":173754,"comment_status":"open","ping_status":"open","template":"","meta":[],"product_brand":[],"product_cat":[9565,4635,1177],"product_tag":[],"class_list":{"0":"post-173753","1":"product","2":"type-product","3":"status-publish","4":"has-post-thumbnail","6":"product_cat-furniture-system-primo-piaski","7":"product_cat-piaski","8":"product_cat-wardrobes","10":"first","11":"instock","12":"purchasable","13":"product-type-simple"},"_links":{"self":[{"href":"https:\/\/baldumarket.lt\/lt\/wp-json\/wp\/v2\/product\/173753","targetHints":{"allow":["GET"]}}],"collection":[{"href":"https:\/\/baldumarket.lt\/lt\/wp-json\/wp\/v2\/product"}],"about":[{"href":"https:\/\/baldumarket.lt\/lt\/wp-json\/wp\/v2\/types\/product"}],"replies":[{"embeddable":true,"href":"https:\/\/baldumarket.lt\/lt\/wp-json\/wp\/v2\/comments?post=173753"}],"wp:featuredmedia":[{"embeddable":true,"href":"https:\/\/baldumarket.lt\/lt\/wp-json\/wp\/v2\/media\/173754"}],"wp:attachment":[{"href":"https:\/\/baldumarket.lt\/lt\/wp-json\/wp\/v2\/media?parent=173753"}],"wp:term":[{"taxonomy":"product_brand","embeddable":true,"href":"https:\/\/baldumarket.lt\/lt\/wp-json\/wp\/v2\/product_brand?post=173753"},{"taxonomy":"product_cat","embeddable":true,"href":"https:\/\/baldumarket.lt\/lt\/wp-json\/wp\/v2\/product_cat?post=173753"},{"taxonomy":"product_tag","embeddable":true,"href":"https:\/\/baldumarket.lt\/lt\/wp-json\/wp\/v2\/product_tag?post=173753"}],"curies":[{"name":"wp","href":"https:\/\/api.w.org\/{rel}","templated":true}]}}