{"id":173745,"date":"2025-12-20T12:23:21","date_gmt":"2025-12-20T09:23:21","guid":{"rendered":"https:\/\/baldumarket.lt\/product\/garderoba-nelly-szafka-na-buty-panel-z-wieszakami-polka-lustro-szafa-z-drazkiem-i-polkami-dab-artisan-czarny\/"},"modified":"2026-04-05T16:26:19","modified_gmt":"2026-04-05T13:26:19","slug":"garderoba-nelly-szafka-na-buty-panel-z-wieszakami-polka-lustro-szafa-z-drazkiem-i-polkami-dab-artisan-czarny","status":"publish","type":"product","link":"https:\/\/baldumarket.lt\/lt\/product\/garderoba-nelly-szafka-na-buty-panel-z-wieszakami-polka-lustro-szafa-z-drazkiem-i-polkami-dab-artisan-czarny\/","title":{"rendered":"Nelly drabu\u017ei\u0173 spinta, bat\u0173 spintel\u0117, pakabos dalis, lentyna, veidrodis, drabu\u017ei\u0173 spinta su b\u0117geliu ir lentynomis, Artisan \u0105\u017euolas\/juoda"},"content":{"rendered":"<p>\u201eNelly\u201c spinta \u201eArtisan Oak\u201c spalvos su juodomis lentjuost\u0117mis pagaminta i\u0161 \u012fbr\u0117\u017eimams atsparios ir lengvai valomos laminuotos baldin\u0117s plok\u0161t\u0117s. Komplekt\u0105 sudaro bat\u0173 spintel\u0117, sienel\u0117 su pakabomis, prakti\u0161ka lentyna, spinta su lentynomis, pakabos karnizas ir veidrodis. Spinta pristatoma supakuota ir pateikiamos ai\u0161kios surinkimo instrukcijos.<\/p>","protected":false},"excerpt":{"rendered":"<p>Plotis: 131 cm<br \/>\nGylis: 40 cm<br \/>\n\u016agis: 192 cm<br \/>\nBald\u0173 spalva: Artisan \u0105\u017euolas \/ juoda<\/p>","protected":false},"featured_media":173746,"comment_status":"open","ping_status":"open","template":"","meta":[],"product_brand":[],"product_cat":[9571,4635,1177],"product_tag":[],"class_list":{"0":"post-173745","1":"product","2":"type-product","3":"status-publish","4":"has-post-thumbnail","6":"product_cat-wardrobes-nelly-piaski","7":"product_cat-piaski","8":"product_cat-wardrobes","10":"first","11":"instock","12":"purchasable","13":"product-type-simple"},"_links":{"self":[{"href":"https:\/\/baldumarket.lt\/lt\/wp-json\/wp\/v2\/product\/173745","targetHints":{"allow":["GET"]}}],"collection":[{"href":"https:\/\/baldumarket.lt\/lt\/wp-json\/wp\/v2\/product"}],"about":[{"href":"https:\/\/baldumarket.lt\/lt\/wp-json\/wp\/v2\/types\/product"}],"replies":[{"embeddable":true,"href":"https:\/\/baldumarket.lt\/lt\/wp-json\/wp\/v2\/comments?post=173745"}],"wp:featuredmedia":[{"embeddable":true,"href":"https:\/\/baldumarket.lt\/lt\/wp-json\/wp\/v2\/media\/173746"}],"wp:attachment":[{"href":"https:\/\/baldumarket.lt\/lt\/wp-json\/wp\/v2\/media?parent=173745"}],"wp:term":[{"taxonomy":"product_brand","embeddable":true,"href":"https:\/\/baldumarket.lt\/lt\/wp-json\/wp\/v2\/product_brand?post=173745"},{"taxonomy":"product_cat","embeddable":true,"href":"https:\/\/baldumarket.lt\/lt\/wp-json\/wp\/v2\/product_cat?post=173745"},{"taxonomy":"product_tag","embeddable":true,"href":"https:\/\/baldumarket.lt\/lt\/wp-json\/wp\/v2\/product_tag?post=173745"}],"curies":[{"name":"wp","href":"https:\/\/api.w.org\/{rel}","templated":true}]}}