{"id":173736,"date":"2025-12-20T12:23:10","date_gmt":"2025-12-20T09:23:10","guid":{"rendered":"https:\/\/baldumarket.lt\/product\/garderoba-green-szafka-na-buty-panel-z-wieszakami-polka-lustro-szuflada-szafa-bielizniarka-biala\/"},"modified":"2026-04-05T02:44:15","modified_gmt":"2026-04-04T23:44:15","slug":"garderoba-green-szafka-na-buty-panel-z-wieszakami-polka-lustro-szuflada-szafa-bielizniarka-biala","status":"publish","type":"product","link":"https:\/\/baldumarket.lt\/lt\/product\/garderoba-green-szafka-na-buty-panel-z-wieszakami-polka-lustro-szuflada-szafa-bielizniarka-biala\/","title":{"rendered":"\u017dalia spinta, bat\u0173 spintel\u0117, pakabos skydelis, lentyna, veidrodis, stal\u010dius, drabu\u017ei\u0173 spinta, balta"},"content":{"rendered":"<p>\u017dalia ir balta drabu\u017ei\u0173 spinta pagaminta i\u0161 \u012fbr\u0117\u017eimams atsparios ir lengvai valomos laminuotos baldin\u0117s plok\u0161t\u0117s. Komplekt\u0105 sudaro bat\u0173 spintel\u0117, sienel\u0117 su pakabomis, prakti\u0161ka lentyna ir spinta su lentynomis bei veidrod\u017eiu. Spinta pristatoma supakuota, pateikiant ai\u0161kias surinkimo instrukcijas.<\/p>","protected":false},"excerpt":{"rendered":"<p>Plotis: 90 cm<br \/>\nGylis: 34 cm<br \/>\n\u016agis: 195 cm<br \/>\nBald\u0173 spalva: balta<\/p>","protected":false},"featured_media":173737,"comment_status":"open","ping_status":"open","template":"","meta":[],"product_brand":[],"product_cat":[9550,4635,1177],"product_tag":[],"class_list":{"0":"post-173736","1":"product","2":"type-product","3":"status-publish","4":"has-post-thumbnail","6":"product_cat-furniture-system-sky-piaski","7":"product_cat-piaski","8":"product_cat-wardrobes","10":"first","11":"instock","12":"purchasable","13":"product-type-simple"},"_links":{"self":[{"href":"https:\/\/baldumarket.lt\/lt\/wp-json\/wp\/v2\/product\/173736","targetHints":{"allow":["GET"]}}],"collection":[{"href":"https:\/\/baldumarket.lt\/lt\/wp-json\/wp\/v2\/product"}],"about":[{"href":"https:\/\/baldumarket.lt\/lt\/wp-json\/wp\/v2\/types\/product"}],"replies":[{"embeddable":true,"href":"https:\/\/baldumarket.lt\/lt\/wp-json\/wp\/v2\/comments?post=173736"}],"wp:featuredmedia":[{"embeddable":true,"href":"https:\/\/baldumarket.lt\/lt\/wp-json\/wp\/v2\/media\/173737"}],"wp:attachment":[{"href":"https:\/\/baldumarket.lt\/lt\/wp-json\/wp\/v2\/media?parent=173736"}],"wp:term":[{"taxonomy":"product_brand","embeddable":true,"href":"https:\/\/baldumarket.lt\/lt\/wp-json\/wp\/v2\/product_brand?post=173736"},{"taxonomy":"product_cat","embeddable":true,"href":"https:\/\/baldumarket.lt\/lt\/wp-json\/wp\/v2\/product_cat?post=173736"},{"taxonomy":"product_tag","embeddable":true,"href":"https:\/\/baldumarket.lt\/lt\/wp-json\/wp\/v2\/product_tag?post=173736"}],"curies":[{"name":"wp","href":"https:\/\/api.w.org\/{rel}","templated":true}]}}