{"id":173732,"date":"2025-12-20T12:23:02","date_gmt":"2025-12-20T09:23:02","guid":{"rendered":"https:\/\/baldumarket.lt\/product\/garderoba-diamond-g134-szafa-jednodrzwiowa-z-lustrem-szafka-na-buty-z-poduszka-wieszaki-polka-dab-evoke-czarny\/"},"modified":"2026-04-05T16:07:42","modified_gmt":"2026-04-05T13:07:42","slug":"garderoba-diamond-g134-szafa-jednodrzwiowa-z-lustrem-szafka-na-buty-z-poduszka-wieszaki-polka-dab-evoke-czarny","status":"publish","type":"product","link":"https:\/\/baldumarket.lt\/lt\/product\/garderoba-diamond-g134-szafa-jednodrzwiowa-z-lustrem-szafka-na-buty-z-poduszka-wieszaki-polka-dab-evoke-czarny\/","title":{"rendered":"\u201eDiamond G134\u201c spinta, vien\u0173 dur\u0173 spinta su veidrod\u017eiu, bat\u0173 spintel\u0117 su pagalv\u0117le, pakabos, lentyna, \u201eEvoke Oak\u201c\/juoda"},"content":{"rendered":"<p>Drabu\u017ein\u0117 \u201eDiamond W54\u201c pagaminta i\u0161 \u012fbr\u0117\u017eimams atsparios ir lengvai valomos laminuotos bald\u0173 plok\u0161t\u0117s, juodos ir \u201eEvoka Oak\u201c \u0105\u017euolo spalv\u0173 derinio. Komplekt\u0105 sudaro vien\u0173 dur\u0173 spinta su veidrod\u017eiu, bat\u0173 spintel\u0117, s\u0117dyn\u0117s pagalv\u0117l\u0117, sienel\u0117 su pakabomis ir prakti\u0161ka lentyna. \u0160i drabu\u017ein\u0117 priklauso to paties pavadinimo bald\u0173 kolekcijai ir pristatoma supakuota kartu su surinkimo instrukcijomis.<\/p>","protected":false},"excerpt":{"rendered":"<p>Plotis: 134 cm<br \/>\nGylis: 39 cm<br \/>\n\u016agis: 197 cm<br \/>\nBald\u0173 spalva: \u201eEvoke Oak\u201c \/ matin\u0117 juoda<\/p>","protected":false},"featured_media":173733,"comment_status":"open","ping_status":"open","template":"","meta":[],"product_brand":[],"product_cat":[9548,4635,1177],"product_tag":[],"class_list":{"0":"post-173732","1":"product","2":"type-product","3":"status-publish","4":"has-post-thumbnail","6":"product_cat-furniture-system-diamond-piaski","7":"product_cat-piaski","8":"product_cat-wardrobes","10":"first","11":"instock","12":"purchasable","13":"product-type-simple"},"_links":{"self":[{"href":"https:\/\/baldumarket.lt\/lt\/wp-json\/wp\/v2\/product\/173732","targetHints":{"allow":["GET"]}}],"collection":[{"href":"https:\/\/baldumarket.lt\/lt\/wp-json\/wp\/v2\/product"}],"about":[{"href":"https:\/\/baldumarket.lt\/lt\/wp-json\/wp\/v2\/types\/product"}],"replies":[{"embeddable":true,"href":"https:\/\/baldumarket.lt\/lt\/wp-json\/wp\/v2\/comments?post=173732"}],"wp:featuredmedia":[{"embeddable":true,"href":"https:\/\/baldumarket.lt\/lt\/wp-json\/wp\/v2\/media\/173733"}],"wp:attachment":[{"href":"https:\/\/baldumarket.lt\/lt\/wp-json\/wp\/v2\/media?parent=173732"}],"wp:term":[{"taxonomy":"product_brand","embeddable":true,"href":"https:\/\/baldumarket.lt\/lt\/wp-json\/wp\/v2\/product_brand?post=173732"},{"taxonomy":"product_cat","embeddable":true,"href":"https:\/\/baldumarket.lt\/lt\/wp-json\/wp\/v2\/product_cat?post=173732"},{"taxonomy":"product_tag","embeddable":true,"href":"https:\/\/baldumarket.lt\/lt\/wp-json\/wp\/v2\/product_tag?post=173732"}],"curies":[{"name":"wp","href":"https:\/\/api.w.org\/{rel}","templated":true}]}}