{"id":171791,"date":"2025-12-19T22:04:14","date_gmt":"2025-12-19T19:04:14","guid":{"rendered":"https:\/\/baldumarket.lt\/product\/komoda-lana-k-100-orzech-elegant-szafka-stojaca-4-drzwiowa\/"},"modified":"2026-04-06T16:07:45","modified_gmt":"2026-04-06T13:07:45","slug":"komoda-lana-k-100-orzech-elegant-szafka-stojaca-4-drzwiowa","status":"publish","type":"product","link":"https:\/\/baldumarket.lt\/lt\/product\/komoda-lana-k-100-orzech-elegant-szafka-stojaca-4-drzwiowa\/","title":{"rendered":"LANA K-100 Eleganti\u0161ka rie\u0161utmed\u017eio komoda &#8211; 4 dur\u0173 grind\u0173 spintel\u0117"},"content":{"rendered":"<p>Baldas pagamintas i\u0161 18 mm storio matin\u0117s med\u017eio dro\u017eli\u0173 plok\u0161t\u0117s, laminuotos i\u0161 abiej\u0173 pusi\u0173, apdailintos 1 mm ABS briaunomis. Kojel\u0117s ir rankenos pagamintos i\u0161 juodo milteliniu b\u016bdu da\u017eyto plieno.<\/p>","protected":false},"excerpt":{"rendered":"<p>PLOTIS 100 cm, GYLIS 40 cm, AUK\u0160TIS 110 cm, MED\u017dIAGOS Med\u017eio dro\u017eli\u0173 plok\u0161t\u0117 + milteliniu b\u016bdu da\u017eytas plienas, PAVIR\u0160IUS Matinis, STILIUS Loft, SVORIS SU PAKUOTE 53 kg, KITA Gaminys skirtas savaranki\u0161kam surinkimui su pateiktomis instrukcijomis<\/p>","protected":false},"featured_media":171792,"comment_status":"open","ping_status":"open","template":"","meta":[],"product_brand":[],"product_cat":[9535,1173,4109],"product_tag":[],"class_list":{"0":"post-171791","1":"product","2":"type-product","3":"status-publish","4":"has-post-thumbnail","6":"product_cat-furniture-system-lana","7":"product_cat-chests-of-drawers","8":"product_cat-mazzoni","10":"first","11":"instock","12":"purchasable","13":"product-type-simple"},"_links":{"self":[{"href":"https:\/\/baldumarket.lt\/lt\/wp-json\/wp\/v2\/product\/171791","targetHints":{"allow":["GET"]}}],"collection":[{"href":"https:\/\/baldumarket.lt\/lt\/wp-json\/wp\/v2\/product"}],"about":[{"href":"https:\/\/baldumarket.lt\/lt\/wp-json\/wp\/v2\/types\/product"}],"replies":[{"embeddable":true,"href":"https:\/\/baldumarket.lt\/lt\/wp-json\/wp\/v2\/comments?post=171791"}],"wp:featuredmedia":[{"embeddable":true,"href":"https:\/\/baldumarket.lt\/lt\/wp-json\/wp\/v2\/media\/171792"}],"wp:attachment":[{"href":"https:\/\/baldumarket.lt\/lt\/wp-json\/wp\/v2\/media?parent=171791"}],"wp:term":[{"taxonomy":"product_brand","embeddable":true,"href":"https:\/\/baldumarket.lt\/lt\/wp-json\/wp\/v2\/product_brand?post=171791"},{"taxonomy":"product_cat","embeddable":true,"href":"https:\/\/baldumarket.lt\/lt\/wp-json\/wp\/v2\/product_cat?post=171791"},{"taxonomy":"product_tag","embeddable":true,"href":"https:\/\/baldumarket.lt\/lt\/wp-json\/wp\/v2\/product_tag?post=171791"}],"curies":[{"name":"wp","href":"https:\/\/api.w.org\/{rel}","templated":true}]}}