{"id":171760,"date":"2025-12-19T22:03:38","date_gmt":"2025-12-19T19:03:38","guid":{"rendered":"https:\/\/baldumarket.lt\/product\/lawa-lana-s-110-dab-artisan-czarny-stolik-kawowy-z-polka\/"},"modified":"2026-02-11T11:52:42","modified_gmt":"2026-02-11T08:52:42","slug":"lawa-lana-s-110-dab-artisan-czarny-stolik-kawowy-z-polka","status":"publish","type":"product","link":"https:\/\/baldumarket.lt\/lt\/product\/lawa-lana-s-110-dab-artisan-czarny-stolik-kawowy-z-polka\/","title":{"rendered":"LANA S-110 Kavos staliukas, Artisan Oak \/ Black &#8211; Kavos staliukas su lentyna"},"content":{"rendered":"<p>Baldas pagamintas i\u0161 matin\u0117s med\u017eio dro\u017eli\u0173 plok\u0161t\u0117s, laminuotos i\u0161 abiej\u0173 pusi\u0173, apdailintos ABS kra\u0161tais. Kojel\u0117s ir rankenos pagamintos i\u0161 juodo milteliniu b\u016bdu da\u017eyto plieno.<\/p>","protected":false},"excerpt":{"rendered":"<p>PLOTIS 110 cm, GYLIS 60 cm, AUK\u0160TIS 41 cm, MED\u017dIAGOS Med\u017eio dro\u017eli\u0173 plok\u0161t\u0117 + milteliniu b\u016bdu da\u017eytas plienas, PAVIR\u0160IUS Matinis, STILIUS Loft, SVORIS SU PAKUOTE 35 kg, KITA Gaminys skirtas savaranki\u0161kam surinkimui su pateiktomis instrukcijomis<\/p>","protected":false},"featured_media":171761,"comment_status":"open","ping_status":"open","template":"","meta":[],"product_brand":[],"product_cat":[9535,866,4109],"product_tag":[],"class_list":{"0":"post-171760","1":"product","2":"type-product","3":"status-publish","4":"has-post-thumbnail","6":"product_cat-furniture-system-lana","7":"product_cat-coffee-tables","8":"product_cat-mazzoni","10":"first","11":"instock","12":"purchasable","13":"product-type-simple"},"_links":{"self":[{"href":"https:\/\/baldumarket.lt\/lt\/wp-json\/wp\/v2\/product\/171760","targetHints":{"allow":["GET"]}}],"collection":[{"href":"https:\/\/baldumarket.lt\/lt\/wp-json\/wp\/v2\/product"}],"about":[{"href":"https:\/\/baldumarket.lt\/lt\/wp-json\/wp\/v2\/types\/product"}],"replies":[{"embeddable":true,"href":"https:\/\/baldumarket.lt\/lt\/wp-json\/wp\/v2\/comments?post=171760"}],"wp:featuredmedia":[{"embeddable":true,"href":"https:\/\/baldumarket.lt\/lt\/wp-json\/wp\/v2\/media\/171761"}],"wp:attachment":[{"href":"https:\/\/baldumarket.lt\/lt\/wp-json\/wp\/v2\/media?parent=171760"}],"wp:term":[{"taxonomy":"product_brand","embeddable":true,"href":"https:\/\/baldumarket.lt\/lt\/wp-json\/wp\/v2\/product_brand?post=171760"},{"taxonomy":"product_cat","embeddable":true,"href":"https:\/\/baldumarket.lt\/lt\/wp-json\/wp\/v2\/product_cat?post=171760"},{"taxonomy":"product_tag","embeddable":true,"href":"https:\/\/baldumarket.lt\/lt\/wp-json\/wp\/v2\/product_tag?post=171760"}],"curies":[{"name":"wp","href":"https:\/\/api.w.org\/{rel}","templated":true}]}}