{"id":171581,"date":"2025-12-19T22:00:09","date_gmt":"2025-12-19T19:00:09","guid":{"rendered":"https:\/\/baldumarket.lt\/product\/aston-orzech-elegant-nowoczesna-lawa-rozkladana-podnoszona-stol-lawostol\/"},"modified":"2026-01-09T13:13:09","modified_gmt":"2026-01-09T10:13:09","slug":"aston-orzech-elegant-nowoczesna-lawa-rozkladana-podnoszona-stol-lawostol","status":"publish","type":"product","link":"https:\/\/baldumarket.lt\/lt\/produktas\/aston-orzech-elegant-nowoczesna-lawa-rozkladana-podnoszona-stol-lawostol\/","title":{"rendered":"ASTON Orzech Elegant &#8211; NOWOCZESNA \u0141AWA ROZK\u0141ADANA PODNOSZONA ST\u00d3\u0141 \u0141AWOST\u00d3\u0141"},"content":{"rendered":"<p>The coffee table is made of 18 and 28 mm thick matte chipboard laminated on both sides, finished with 1 mm ABS edging. The tabletop is additionally thickened to 36 mm.<br \/>\nIncludes:<br \/>\nClear, step-by-step instructions, making assembly very easy and taking approximately 45-60 minutes.<\/p>","protected":false},"excerpt":{"rendered":"<p>WIDTH 120 cm \/ 160 cm \/ 200 cm, DEPTH 70 or 80 cm (depending on selection) ADJUSTABLE, HEIGHT 56 &#8211; 74 cm, NUMBER OF INSERTS 2 pcs x 40 cm (hidden under the tabletop), MATERIALS Particle board, FUNCTION Extendable tabletop, SURFACE Matte, STYLE Modern, WEIGHT WITH PACKAGING 65 kg<\/p>","protected":false},"featured_media":171582,"comment_status":"open","ping_status":"open","template":"","meta":[],"product_brand":[],"product_cat":[866,4109],"product_tag":[],"class_list":{"0":"post-171581","1":"product","2":"type-product","3":"status-publish","4":"has-post-thumbnail","6":"product_cat-coffee-tables","7":"product_cat-mazzoni","9":"first","10":"instock","11":"purchasable","12":"product-type-simple"},"_links":{"self":[{"href":"https:\/\/baldumarket.lt\/lt\/wp-json\/wp\/v2\/product\/171581","targetHints":{"allow":["GET"]}}],"collection":[{"href":"https:\/\/baldumarket.lt\/lt\/wp-json\/wp\/v2\/product"}],"about":[{"href":"https:\/\/baldumarket.lt\/lt\/wp-json\/wp\/v2\/types\/product"}],"replies":[{"embeddable":true,"href":"https:\/\/baldumarket.lt\/lt\/wp-json\/wp\/v2\/comments?post=171581"}],"wp:featuredmedia":[{"embeddable":true,"href":"https:\/\/baldumarket.lt\/lt\/wp-json\/wp\/v2\/media\/171582"}],"wp:attachment":[{"href":"https:\/\/baldumarket.lt\/lt\/wp-json\/wp\/v2\/media?parent=171581"}],"wp:term":[{"taxonomy":"product_brand","embeddable":true,"href":"https:\/\/baldumarket.lt\/lt\/wp-json\/wp\/v2\/product_brand?post=171581"},{"taxonomy":"product_cat","embeddable":true,"href":"https:\/\/baldumarket.lt\/lt\/wp-json\/wp\/v2\/product_cat?post=171581"},{"taxonomy":"product_tag","embeddable":true,"href":"https:\/\/baldumarket.lt\/lt\/wp-json\/wp\/v2\/product_tag?post=171581"}],"curies":[{"name":"wp","href":"https:\/\/api.w.org\/{rel}","templated":true}]}}