{"id":171557,"date":"2025-12-19T21:59:42","date_gmt":"2025-12-19T18:59:42","guid":{"rendered":"https:\/\/baldumarket.lt\/product\/renzo-czarny-okragly-stol-o110-rozkladany-do-180-cm-do-kuchni-jadalni-salonu-retro\/"},"modified":"2026-02-10T10:35:47","modified_gmt":"2026-02-10T07:35:47","slug":"renzo-czarny-okragly-stol-o110-rozkladany-do-180-cm-do-kuchni-jadalni-salonu-retro","status":"publish","type":"product","link":"https:\/\/baldumarket.lt\/lt\/product\/renzo-czarny-okragly-stol-o110-rozkladany-do-180-cm-do-kuchni-jadalni-salonu-retro\/","title":{"rendered":"RENZO Black &#8211; APVALUS STALAS \u00d8110, I\u0160PL\u0116STAMAS IKI 180 CM | VIRTUVEI, VALGOMAJAM, SVETAINEI, RETRO STILIUS"},"content":{"rendered":"<p>RENZO stalas \u2013 eleganti\u0161kas ir FUNKCIONALUS, pasi\u017eymintis nesenstan\u010diu dizainu. Apval\u0173 stalvir\u0161\u012f galima lengvai prailginti d\u0117l sumaniai pasl\u0117pto, \u201csulankstomo\u201d prailginimo \u012fd\u0117klo, kuris nenaudojant pasislepia po apa\u010dia. Tai suteikia stalui universalumo \u2013 kasdien naudojant jis u\u017eima minimaliai vietos, o prireikus greitai transformuojasi \u012f didesn\u012f stal\u0105, puikiai tinkant\u012f susib\u016brimams su \u0161eima ar draugais.<br \/>\nTaip pat verta d\u0117mesio unikalus pagrindas \u2013 dinami\u0161kos, geometrin\u0117s formos med\u017eio masyvo koja. Skulpt\u016bri\u0161ka forma suteikia visam baldui modernumo, kartu u\u017etikrindama stabilum\u0105 ir patog\u0173 s\u0117d\u0117jim\u0105.<br \/>\nRENZO derina estetik\u0105, prakti\u0161kum\u0105 ir tvirt\u0105 meistri\u0161kum\u0105, tapdamas unikaliu bet kurio valgomojo ar svetain\u0117s akcentu.<br \/>\n_______<br \/>\nStalvir\u0161is pagamintas i\u0161 18 mm storio matin\u0117s med\u017eio dro\u017eli\u0173 plok\u0161t\u0117s, laminuotos i\u0161 abiej\u0173 pusi\u0173, su 36 mm storio \u0161oniniu praplatinimu, o praplatinim\u0173 \u012fd\u0117klai pagaminti i\u0161 18 mm storio plok\u0161t\u0117s. Visas gaminys apdailintas 1 mm ABS briaunomis.<br \/>\nStalo kojos pagamintos i\u0161 buko medienos su lakuota apdaila.<br \/>\nVERTA \u017dINOTI: Stalas turi \u201csulankstom\u0105\u201d prailginimo \u012fd\u0117kl\u0105, integruot\u0105 su prailginimo mechanizmu ir pasl\u0117pt\u0105 po stalvir\u0161iu, tod\u0117l jis visada yra ranka pasiekiamas.<br \/>\nPakuot\u0117s matmenys ir svoris:<br \/>\n1. 124 x 61,5 x 8,5 cm (16,0 kg)<br \/>\n2. 84 x 61 x 14 cm (28,0 kg)<\/p>","protected":false},"excerpt":{"rendered":"<p>PLOTIS 110 cm \/ 180 cm, GYLIS 110 cm, AUK\u0160TIS 77,5 cm, STALVIR\u0160IO FORMA Apvali, MED\u017dIAGOS Med\u017eio dro\u017eli\u0173 plok\u0161t\u0117 + buko mediena, FUNKCIJA I\u0161traukiamas stalvir\u0161is, STILIUS Modernus \/ Skandinavi\u0161kas \/ Klasikinis, SVORIS SU PAKUOTE 44 kg<\/p>","protected":false},"featured_media":171558,"comment_status":"open","ping_status":"open","template":"","meta":[],"product_brand":[],"product_cat":[9520,4109,1934],"product_tag":[],"class_list":{"0":"post-171557","1":"product","2":"type-product","3":"status-publish","4":"has-post-thumbnail","6":"product_cat-tables-mazzoni","7":"product_cat-mazzoni","8":"product_cat-tables","10":"first","11":"instock","12":"purchasable","13":"product-type-simple"},"_links":{"self":[{"href":"https:\/\/baldumarket.lt\/lt\/wp-json\/wp\/v2\/product\/171557","targetHints":{"allow":["GET"]}}],"collection":[{"href":"https:\/\/baldumarket.lt\/lt\/wp-json\/wp\/v2\/product"}],"about":[{"href":"https:\/\/baldumarket.lt\/lt\/wp-json\/wp\/v2\/types\/product"}],"replies":[{"embeddable":true,"href":"https:\/\/baldumarket.lt\/lt\/wp-json\/wp\/v2\/comments?post=171557"}],"wp:featuredmedia":[{"embeddable":true,"href":"https:\/\/baldumarket.lt\/lt\/wp-json\/wp\/v2\/media\/171558"}],"wp:attachment":[{"href":"https:\/\/baldumarket.lt\/lt\/wp-json\/wp\/v2\/media?parent=171557"}],"wp:term":[{"taxonomy":"product_brand","embeddable":true,"href":"https:\/\/baldumarket.lt\/lt\/wp-json\/wp\/v2\/product_brand?post=171557"},{"taxonomy":"product_cat","embeddable":true,"href":"https:\/\/baldumarket.lt\/lt\/wp-json\/wp\/v2\/product_cat?post=171557"},{"taxonomy":"product_tag","embeddable":true,"href":"https:\/\/baldumarket.lt\/lt\/wp-json\/wp\/v2\/product_tag?post=171557"}],"curies":[{"name":"wp","href":"https:\/\/api.w.org\/{rel}","templated":true}]}}