{"id":171494,"date":"2025-12-19T21:58:30","date_gmt":"2025-12-19T18:58:30","guid":{"rendered":"https:\/\/baldumarket.lt\/product\/ida-kremowo-brazowe-tkanina-monza-90-preston-22-stelaz-bezowy-nowoczesne-krzeslo-tapicerowane-boucle-boho\/"},"modified":"2026-02-10T10:30:35","modified_gmt":"2026-02-10T07:30:35","slug":"ida-kremowo-brazowe-tkanina-monza-90-preston-22-stelaz-bezowy-nowoczesne-krzeslo-tapicerowane-boucle-boho","status":"publish","type":"product","link":"https:\/\/baldumarket.lt\/lt\/product\/ida-kremowo-brazowe-tkanina-monza-90-preston-22-stelaz-bezowy-nowoczesne-krzeslo-tapicerowane-boucle-boho\/","title":{"rendered":"IDA kremin\u0117s rudos spalvos (Monza 90\/Preston 22 audinys) \/ sm\u0117lio spalvos r\u0117mas \u2013 MODERNI BUKL\u0116 BOHO APMU\u0160TA K\u0116D\u0116"},"content":{"rendered":"<p>IDA k\u0117d\u0117 pasi\u017eymi paprasta, patogia forma ir tvirta konstrukcija. Kont\u016bruota, apmu\u0161ta s\u0117dyn\u0117 su horizontaliomis si\u016bl\u0117mis suteikia subtilumo, o lieknos, \u012f \u0161onus \u0161iek tiek i\u0161plat\u0117jusios metalin\u0117s kojel\u0117s suteikia stabilumo ir modernumo.<br \/>\nTai idealus pasirinkimas ie\u0161kantiems modernaus, minimalistinio dizaino, kuris bet kuriame kambaryje suteiks harmoning\u0105 ir subalansuot\u0105 i\u0161vaizd\u0105.<\/p>","protected":false},"excerpt":{"rendered":"<p>MED\u017dIAGOS \u201eMonza+Preston\u201c audinys \/ milteliniu b\u016bdu da\u017eytas plienas, STILIUS Modernus \/ Skandinavi\u0161kas \/ Klasikinis, KITA Gaminys skirtas savaranki\u0161kam surinkimui su pateiktomis instrukcijomis MAKSIMALI APKROVA 110 kg<\/p>","protected":false},"featured_media":171495,"comment_status":"open","ping_status":"open","template":"","meta":[],"product_brand":[],"product_cat":[9519,1930,4109],"product_tag":[],"class_list":{"0":"post-171494","1":"product","2":"type-product","3":"status-publish","4":"has-post-thumbnail","6":"product_cat-armchairs-and-stools-mazzoni","7":"product_cat-chairs","8":"product_cat-mazzoni","10":"first","11":"instock","12":"purchasable","13":"product-type-simple"},"_links":{"self":[{"href":"https:\/\/baldumarket.lt\/lt\/wp-json\/wp\/v2\/product\/171494","targetHints":{"allow":["GET"]}}],"collection":[{"href":"https:\/\/baldumarket.lt\/lt\/wp-json\/wp\/v2\/product"}],"about":[{"href":"https:\/\/baldumarket.lt\/lt\/wp-json\/wp\/v2\/types\/product"}],"replies":[{"embeddable":true,"href":"https:\/\/baldumarket.lt\/lt\/wp-json\/wp\/v2\/comments?post=171494"}],"wp:featuredmedia":[{"embeddable":true,"href":"https:\/\/baldumarket.lt\/lt\/wp-json\/wp\/v2\/media\/171495"}],"wp:attachment":[{"href":"https:\/\/baldumarket.lt\/lt\/wp-json\/wp\/v2\/media?parent=171494"}],"wp:term":[{"taxonomy":"product_brand","embeddable":true,"href":"https:\/\/baldumarket.lt\/lt\/wp-json\/wp\/v2\/product_brand?post=171494"},{"taxonomy":"product_cat","embeddable":true,"href":"https:\/\/baldumarket.lt\/lt\/wp-json\/wp\/v2\/product_cat?post=171494"},{"taxonomy":"product_tag","embeddable":true,"href":"https:\/\/baldumarket.lt\/lt\/wp-json\/wp\/v2\/product_tag?post=171494"}],"curies":[{"name":"wp","href":"https:\/\/api.w.org\/{rel}","templated":true}]}}