{"id":171462,"date":"2025-12-19T21:57:54","date_gmt":"2025-12-19T18:57:54","guid":{"rendered":"https:\/\/baldumarket.lt\/product\/aldo-bez-latte-tkanina-monza-60-stelaz-dab-lakierowany-krzeslo-drewniane-boucle-do-salonu-jadalni-kuchni-retro\/"},"modified":"2026-02-10T10:30:35","modified_gmt":"2026-02-10T07:30:35","slug":"aldo-bez-latte-tkanina-monza-60-stelaz-dab-lakierowany-krzeslo-drewniane-boucle-do-salonu-jadalni-kuchni-retro","status":"publish","type":"product","link":"https:\/\/baldumarket.lt\/lt\/product\/aldo-bez-latte-tkanina-monza-60-stelaz-dab-lakierowany-krzeslo-drewniane-boucle-do-salonu-jadalni-kuchni-retro\/","title":{"rendered":"ALDO Latte Beige (audinys \u201eMonza 60\u201c) \/ lakuotas \u0105\u017euolo r\u0117mas &#8211; MEDIN\u0116 BUKL\u0116 K\u0116D\u0116 SVETAINEI VALGOMAJAM RETRO VIRTUVEI"},"content":{"rendered":"<p>Moderni ALDO k\u0117d\u0117 sujungia lengv\u0105 form\u0105 ir tvirt\u0105 meistri\u0161kum\u0105. Stabili, tvirto \u0105\u017euolo konstrukcija suteikia jai eleganti\u0161k\u0105, nat\u016brali\u0105 i\u0161vaizd\u0105 ir ilgaam\u017ei\u0161kum\u0105, o apvali atlo\u0161as ir mink\u0161ta s\u0117dyn\u0117 u\u017etikrina auk\u0161t\u0105 komfort\u0105.<br \/>\nK\u0117d\u0117 aptraukta itin patvariu, d\u0117m\u0117ms atspariu apmu\u0161alu, tod\u0117l idealiai tinka tiek namams (virtuv\u0117ms, valgomiesiems ir svetain\u0117ms), tiek komercin\u0117ms erdv\u0117ms, tokioms kaip restoranai ir kavin\u0117s.<br \/>\nMinimalistinis ALDO k\u0117d\u0117s dizainas skland\u017eiai dera su \u012fvairiais stiliais, \u012fskaitant skandinavi\u0161k\u0105, klasikin\u012f ir modern\u0173, suteikdamas bet kokiam interjerui elegancijos ir jaukumo.<\/p>","protected":false},"excerpt":{"rendered":"<p>MED\u017dIAGOS Audinys \u201eMonza\u201c \/ \u0105\u017euolo mediena, STILIUS Modernus \/ Skandinavi\u0161kas \/ Klasikinis, SVORIS SU PAKUOTE 6,8 kg, KITA Gaminys skirtas savaranki\u0161kam surinkimui su pateiktomis instrukcijomis MAKSIMALI APKROVA 110 kg<\/p>","protected":false},"featured_media":171463,"comment_status":"open","ping_status":"open","template":"","meta":[],"product_brand":[],"product_cat":[9519,1930,4109],"product_tag":[],"class_list":{"0":"post-171462","1":"product","2":"type-product","3":"status-publish","4":"has-post-thumbnail","6":"product_cat-armchairs-and-stools-mazzoni","7":"product_cat-chairs","8":"product_cat-mazzoni","10":"first","11":"instock","12":"purchasable","13":"product-type-simple"},"_links":{"self":[{"href":"https:\/\/baldumarket.lt\/lt\/wp-json\/wp\/v2\/product\/171462","targetHints":{"allow":["GET"]}}],"collection":[{"href":"https:\/\/baldumarket.lt\/lt\/wp-json\/wp\/v2\/product"}],"about":[{"href":"https:\/\/baldumarket.lt\/lt\/wp-json\/wp\/v2\/types\/product"}],"replies":[{"embeddable":true,"href":"https:\/\/baldumarket.lt\/lt\/wp-json\/wp\/v2\/comments?post=171462"}],"wp:featuredmedia":[{"embeddable":true,"href":"https:\/\/baldumarket.lt\/lt\/wp-json\/wp\/v2\/media\/171463"}],"wp:attachment":[{"href":"https:\/\/baldumarket.lt\/lt\/wp-json\/wp\/v2\/media?parent=171462"}],"wp:term":[{"taxonomy":"product_brand","embeddable":true,"href":"https:\/\/baldumarket.lt\/lt\/wp-json\/wp\/v2\/product_brand?post=171462"},{"taxonomy":"product_cat","embeddable":true,"href":"https:\/\/baldumarket.lt\/lt\/wp-json\/wp\/v2\/product_cat?post=171462"},{"taxonomy":"product_tag","embeddable":true,"href":"https:\/\/baldumarket.lt\/lt\/wp-json\/wp\/v2\/product_tag?post=171462"}],"curies":[{"name":"wp","href":"https:\/\/api.w.org\/{rel}","templated":true}]}}