{"id":171438,"date":"2025-12-19T21:57:27","date_gmt":"2025-12-19T18:57:27","guid":{"rendered":"https:\/\/baldumarket.lt\/product\/iris-bezowe-tkanina-basel-24-stelaz-szary-bez-kaszmir-nowoczesne-krzeslo-tapicerowane-do-salonu-jadalni-boho\/"},"modified":"2026-02-10T10:30:26","modified_gmt":"2026-02-10T07:30:26","slug":"iris-bezowe-tkanina-basel-24-stelaz-szary-bez-kaszmir-nowoczesne-krzeslo-tapicerowane-do-salonu-jadalni-boho","status":"publish","type":"product","link":"https:\/\/baldumarket.lt\/lt\/product\/iris-bezowe-tkanina-basel-24-stelaz-szary-bez-kaszmir-nowoczesne-krzeslo-tapicerowane-do-salonu-jadalni-boho\/","title":{"rendered":"IRIS Beige (Basel 24 audinys) \/ pilkai sm\u0117lio spalvos r\u0117mas (ka\u0161myras) &#8211; MODERNUS BOHO STILIUS APMU\u0160TAS SVETAIN\u0116S \/ VALGOMOJO K\u0116D\u0116"},"content":{"rendered":"<p>IRIS mink\u0161ta k\u0117d\u0117 \u2013 eleganti\u0161kas ir modernus modelis, puikiai tiksiantis \u012fvairiuose interjeruose. I\u0161skirtinis jos bruo\u017eas \u2013 kruop\u0161\u010diai suformuota s\u0117dyn\u0117 ir atlo\u0161as, u\u017epildyti bald\u0173 putomis, kurios suteikia i\u0161skirtin\u012f komfort\u0105. Plonas r\u0117mas suteikia lengvumo, o pagamintas i\u0161 milteliniu b\u016bdu da\u017eyto plieno u\u017etikrina patvarum\u0105 ir atsparum\u0105 pa\u017eeidimams.<\/p>","protected":false},"excerpt":{"rendered":"<p>MED\u017dIAGOS Basel audinys \/ milteliniu b\u016bdu da\u017eytas plienas, STILIUS Modernus \/ Bohemi\u0161kas, KITA Gaminys skirtas savaranki\u0161kam surinkimui su pateiktomis instrukcijomis MAKSIMALI APKROVA 120 kg<\/p>","protected":false},"featured_media":171439,"comment_status":"open","ping_status":"open","template":"","meta":[],"product_brand":[],"product_cat":[9519,1930,4109],"product_tag":[],"class_list":{"0":"post-171438","1":"product","2":"type-product","3":"status-publish","4":"has-post-thumbnail","6":"product_cat-armchairs-and-stools-mazzoni","7":"product_cat-chairs","8":"product_cat-mazzoni","10":"first","11":"instock","12":"purchasable","13":"product-type-simple"},"_links":{"self":[{"href":"https:\/\/baldumarket.lt\/lt\/wp-json\/wp\/v2\/product\/171438","targetHints":{"allow":["GET"]}}],"collection":[{"href":"https:\/\/baldumarket.lt\/lt\/wp-json\/wp\/v2\/product"}],"about":[{"href":"https:\/\/baldumarket.lt\/lt\/wp-json\/wp\/v2\/types\/product"}],"replies":[{"embeddable":true,"href":"https:\/\/baldumarket.lt\/lt\/wp-json\/wp\/v2\/comments?post=171438"}],"wp:featuredmedia":[{"embeddable":true,"href":"https:\/\/baldumarket.lt\/lt\/wp-json\/wp\/v2\/media\/171439"}],"wp:attachment":[{"href":"https:\/\/baldumarket.lt\/lt\/wp-json\/wp\/v2\/media?parent=171438"}],"wp:term":[{"taxonomy":"product_brand","embeddable":true,"href":"https:\/\/baldumarket.lt\/lt\/wp-json\/wp\/v2\/product_brand?post=171438"},{"taxonomy":"product_cat","embeddable":true,"href":"https:\/\/baldumarket.lt\/lt\/wp-json\/wp\/v2\/product_cat?post=171438"},{"taxonomy":"product_tag","embeddable":true,"href":"https:\/\/baldumarket.lt\/lt\/wp-json\/wp\/v2\/product_tag?post=171438"}],"curies":[{"name":"wp","href":"https:\/\/api.w.org\/{rel}","templated":true}]}}