{"id":171430,"date":"2025-12-19T21:57:17","date_gmt":"2025-12-19T18:57:17","guid":{"rendered":"https:\/\/baldumarket.lt\/product\/iris-terakota-tkanina-basel-44-krzeslo-tapicerowane-plecionka-do-salonu-jadalni-loft\/"},"modified":"2026-02-11T11:47:41","modified_gmt":"2026-02-11T08:47:41","slug":"iris-terakota-tkanina-basel-44-krzeslo-tapicerowane-plecionka-do-salonu-jadalni-loft","status":"publish","type":"product","link":"https:\/\/baldumarket.lt\/lt\/product\/iris-terakota-tkanina-basel-44-krzeslo-tapicerowane-plecionka-do-salonu-jadalni-loft\/","title":{"rendered":"IRIS Terracotta (Basel 44 audinys) &#8211; APMU\u0160TA PINTO K\u0116D\u0116 SVETAINEI\/VALGOMAJAM, PAL\u0116PEI"},"content":{"rendered":"<p>IRIS mink\u0161ta k\u0117d\u0117 \u2013 eleganti\u0161kas ir modernus modelis, puikiai tiksiantis \u012fvairiuose interjeruose. I\u0161skirtinis jos bruo\u017eas \u2013 kruop\u0161\u010diai suformuota s\u0117dyn\u0117 ir atlo\u0161as, u\u017epildyti apmu\u0161al\u0173 putomis, kurios suteikia i\u0161skirtin\u012f komfort\u0105. Plonas juodas r\u0117mas suteikia lengvumo, o pagamintas i\u0161 milteliniu b\u016bdu da\u017eyto plieno u\u017etikrina patvarum\u0105 ir atsparum\u0105 pa\u017eeidimams.<\/p>","protected":false},"excerpt":{"rendered":"<p>MED\u017dIAGOS Basel audinys \/ milteliniu b\u016bdu da\u017eytas plienas, STILIUS Modernus \/ Loftas, KITA Gaminys skirtas savaranki\u0161kam surinkimui su pateiktomis instrukcijomis MAKSIMALI APKROVA 120 kg<\/p>","protected":false},"featured_media":171431,"comment_status":"open","ping_status":"open","template":"","meta":[],"product_brand":[],"product_cat":[9519,1930,4109],"product_tag":[],"class_list":{"0":"post-171430","1":"product","2":"type-product","3":"status-publish","4":"has-post-thumbnail","6":"product_cat-armchairs-and-stools-mazzoni","7":"product_cat-chairs","8":"product_cat-mazzoni","10":"first","11":"instock","12":"purchasable","13":"product-type-simple"},"_links":{"self":[{"href":"https:\/\/baldumarket.lt\/lt\/wp-json\/wp\/v2\/product\/171430","targetHints":{"allow":["GET"]}}],"collection":[{"href":"https:\/\/baldumarket.lt\/lt\/wp-json\/wp\/v2\/product"}],"about":[{"href":"https:\/\/baldumarket.lt\/lt\/wp-json\/wp\/v2\/types\/product"}],"replies":[{"embeddable":true,"href":"https:\/\/baldumarket.lt\/lt\/wp-json\/wp\/v2\/comments?post=171430"}],"wp:featuredmedia":[{"embeddable":true,"href":"https:\/\/baldumarket.lt\/lt\/wp-json\/wp\/v2\/media\/171431"}],"wp:attachment":[{"href":"https:\/\/baldumarket.lt\/lt\/wp-json\/wp\/v2\/media?parent=171430"}],"wp:term":[{"taxonomy":"product_brand","embeddable":true,"href":"https:\/\/baldumarket.lt\/lt\/wp-json\/wp\/v2\/product_brand?post=171430"},{"taxonomy":"product_cat","embeddable":true,"href":"https:\/\/baldumarket.lt\/lt\/wp-json\/wp\/v2\/product_cat?post=171430"},{"taxonomy":"product_tag","embeddable":true,"href":"https:\/\/baldumarket.lt\/lt\/wp-json\/wp\/v2\/product_tag?post=171430"}],"curies":[{"name":"wp","href":"https:\/\/api.w.org\/{rel}","templated":true}]}}