{"id":171423,"date":"2025-12-19T21:57:09","date_gmt":"2025-12-19T18:57:09","guid":{"rendered":"https:\/\/baldumarket.lt\/product\/viva-mat-bezowy-super-mat-anti-fingerprint-nowoczesna-lawa-stolik-kawowy-z-polkami-kaszmir\/"},"modified":"2026-02-03T23:28:59","modified_gmt":"2026-02-03T20:28:59","slug":"viva-mat-bezowy-super-mat-anti-fingerprint-nowoczesna-lawa-stolik-kawowy-z-polkami-kaszmir","status":"publish","type":"product","link":"https:\/\/baldumarket.lt\/lt\/product\/viva-mat-bezowy-super-mat-anti-fingerprint-nowoczesna-lawa-stolik-kawowy-z-polkami-kaszmir\/","title":{"rendered":"VIVA MAT sm\u0117lio spalvos [Super matinis \/ atsparus pir\u0161t\u0173 atspaudams] &#8211; MODERNUS KA\u0160MYRO KAVOS STALIUKAS SU LENTYNOMIS"},"content":{"rendered":"<p>Kavos staliukas pagamintas i\u0161 28 mm storio matin\u0117s med\u017eio dro\u017eli\u0173 plok\u0161t\u0117s, laminuotos i\u0161 abiej\u0173 pusi\u0173, o lentyn\u0173 storis \u2013 18 mm. Visas staliukas apdailintas 1 mm storio ABS briaunomis.<br \/>\n_______<br \/>\nStalvir\u0161is ir lentynos pagamintos i\u0161 \u201eAcrylux Mat Anti-fingerprint\u201c plok\u0161t\u0117s \u2013 idealus sprendimas ie\u0161kantiems novatori\u0161k\u0173 sprendim\u0173. Plok\u0161t\u0117s padengtos itin matiniu laminatu, pasi\u017eymin\u010diu specialiomis hidrofobin\u0117mis savyb\u0117mis, kurios suteikia pavir\u0161iui papildom\u0173 privalum\u0173, toki\u0173 kaip:<br \/>\nLengva valyti \u2013 riebalai ir skys\u010diai prilimpa d\u0117l laminato adsorbcini\u0173 savybi\u0173<br \/>\nSuma\u017eintas pir\u0161t\u0173 atspaud\u0173 kiekis priekin\u0117je pus\u0117je<br \/>\nDidelis atsparumas \u012fbr\u0117\u017eimams, cheminiams pa\u017eeidimams ir UV spinduliams<br \/>\nPuikus spalv\u0173 gylis<br \/>\nSupermatinis, atlasinis pavir\u0161iaus padengimas<\/p>","protected":false},"excerpt":{"rendered":"<p>PLOTIS 110 cm, GYLIS 60 cm, AUK\u0160TIS 45 cm, MED\u017dIAGOS Acrylux Mat plok\u0161t\u0117 nuo pir\u0161t\u0173 atspaud\u0173, PAVIR\u0160IUS Super Mat (apsauga nuo pir\u0161t\u0173 atspaud\u0173), STILIUS Modernus, SVORIS SU PAKUOTE 29,5 kg, KITA Produktas skirtas savaranki\u0161kam surinkimui su pateiktomis instrukcijomis<\/p>","protected":false},"featured_media":171424,"comment_status":"open","ping_status":"open","template":"","meta":[],"product_brand":[],"product_cat":[866,4109],"product_tag":[],"class_list":{"0":"post-171423","1":"product","2":"type-product","3":"status-publish","4":"has-post-thumbnail","6":"product_cat-coffee-tables","7":"product_cat-mazzoni","9":"first","10":"instock","11":"purchasable","12":"product-type-simple"},"_links":{"self":[{"href":"https:\/\/baldumarket.lt\/lt\/wp-json\/wp\/v2\/product\/171423","targetHints":{"allow":["GET"]}}],"collection":[{"href":"https:\/\/baldumarket.lt\/lt\/wp-json\/wp\/v2\/product"}],"about":[{"href":"https:\/\/baldumarket.lt\/lt\/wp-json\/wp\/v2\/types\/product"}],"replies":[{"embeddable":true,"href":"https:\/\/baldumarket.lt\/lt\/wp-json\/wp\/v2\/comments?post=171423"}],"wp:featuredmedia":[{"embeddable":true,"href":"https:\/\/baldumarket.lt\/lt\/wp-json\/wp\/v2\/media\/171424"}],"wp:attachment":[{"href":"https:\/\/baldumarket.lt\/lt\/wp-json\/wp\/v2\/media?parent=171423"}],"wp:term":[{"taxonomy":"product_brand","embeddable":true,"href":"https:\/\/baldumarket.lt\/lt\/wp-json\/wp\/v2\/product_brand?post=171423"},{"taxonomy":"product_cat","embeddable":true,"href":"https:\/\/baldumarket.lt\/lt\/wp-json\/wp\/v2\/product_cat?post=171423"},{"taxonomy":"product_tag","embeddable":true,"href":"https:\/\/baldumarket.lt\/lt\/wp-json\/wp\/v2\/product_tag?post=171423"}],"curies":[{"name":"wp","href":"https:\/\/api.w.org\/{rel}","templated":true}]}}