{"id":171415,"date":"2025-12-19T21:57:00","date_gmt":"2025-12-19T18:57:00","guid":{"rendered":"https:\/\/baldumarket.lt\/product\/aston-bezowy-super-mat-anti-fingerprint-nowoczesna-lawa-rozkladana-podnoszona-stol-lawostol-kaszmir\/"},"modified":"2026-02-11T10:15:40","modified_gmt":"2026-02-11T07:15:40","slug":"aston-bezowy-super-mat-anti-fingerprint-nowoczesna-lawa-rozkladana-podnoszona-stol-lawostol-kaszmir","status":"publish","type":"product","link":"https:\/\/baldumarket.lt\/lt\/product\/aston-bezowy-super-mat-anti-fingerprint-nowoczesna-lawa-rozkladana-podnoszona-stol-lawostol-kaszmir\/","title":{"rendered":"ASTON Beige [Super Mat \/ Apsauga nuo pir\u0161t\u0173 atspaud\u0173] \u2013 MODERNUS SULANKSTYMAS PAKELIAMAS STALAS-STALAS KA\u0160MYRO M\u0116LYJE"},"content":{"rendered":"<p>Kavos staliukas pagamintas i\u0161 18 ir 28 mm storio matin\u0117s med\u017eio dro\u017eli\u0173 plok\u0161t\u0117s, laminuotos i\u0161 abiej\u0173 pusi\u0173, apdailintos 1 mm ABS kra\u0161tais. Stalvir\u0161is papildomai pastorintas iki 36 mm.<br \/>\n_______<br \/>\nBaldai pagaminti vien i\u0161 \u201eAcrylux Mat Anti-fingerprint\u201c plok\u0161t\u0117s \u2013 idealus sprendimas ie\u0161kantiems novatori\u0161k\u0173 sprendim\u0173. Plok\u0161t\u0117s padengtos itin matiniu laminatu, pasi\u017eymin\u010diu specialiomis hidrofobin\u0117mis savyb\u0117mis, kurios suteikia pavir\u0161iui papildom\u0173 privalum\u0173, toki\u0173 kaip:<br \/>\nLengva valyti \u2013 riebalai ir skys\u010diai prilimpa d\u0117l laminato adsorbcini\u0173 savybi\u0173<br \/>\nSuma\u017eintas pir\u0161t\u0173 atspaud\u0173 kiekis priekin\u0117je pus\u0117je<br \/>\nDidelis atsparumas \u012fbr\u0117\u017eimams, cheminiams pa\u017eeidimams ir UV spinduliams<br \/>\nPuikus spalv\u0173 gylis<br \/>\nSupermatinis, atlasinis pavir\u0161iaus padengimas<\/p>","protected":false},"excerpt":{"rendered":"<p>PLOTIS 120 cm \/ 160 cm \/ 200 cm, GYLIS 70 cm REGULIUOJAMAS, AUK\u0160TIS 56\u201374 cm, \u012eD\u0116KL\u0172 SKAI\u010cIUS 2 vnt. x 40 cm (pasl\u0117pta po stalvir\u0161iu), MED\u017dIAGOS \u201eAcrylux Mat\u201c plok\u0161t\u0117, apsauganti nuo pir\u0161t\u0173 atspaud\u0173, FUNKCIJA I\u0161skleid\u017eiamas stalvir\u0161is, PAVIR\u0160IUS \u201eSuper Mat\u201c (apsauga nuo pir\u0161t\u0173 atspaud\u0173), STILIUS Modernus, SVORIS SU PAKUOTE 65 kg<\/p>","protected":false},"featured_media":171416,"comment_status":"open","ping_status":"open","template":"","meta":[],"product_brand":[],"product_cat":[9522,866,4109],"product_tag":[],"class_list":{"0":"post-171415","1":"product","2":"type-product","3":"status-publish","4":"has-post-thumbnail","6":"product_cat-transformer-tables-aston-mazzoni","7":"product_cat-coffee-tables","8":"product_cat-mazzoni","10":"first","11":"instock","12":"purchasable","13":"product-type-simple"},"_links":{"self":[{"href":"https:\/\/baldumarket.lt\/lt\/wp-json\/wp\/v2\/product\/171415","targetHints":{"allow":["GET"]}}],"collection":[{"href":"https:\/\/baldumarket.lt\/lt\/wp-json\/wp\/v2\/product"}],"about":[{"href":"https:\/\/baldumarket.lt\/lt\/wp-json\/wp\/v2\/types\/product"}],"replies":[{"embeddable":true,"href":"https:\/\/baldumarket.lt\/lt\/wp-json\/wp\/v2\/comments?post=171415"}],"wp:featuredmedia":[{"embeddable":true,"href":"https:\/\/baldumarket.lt\/lt\/wp-json\/wp\/v2\/media\/171416"}],"wp:attachment":[{"href":"https:\/\/baldumarket.lt\/lt\/wp-json\/wp\/v2\/media?parent=171415"}],"wp:term":[{"taxonomy":"product_brand","embeddable":true,"href":"https:\/\/baldumarket.lt\/lt\/wp-json\/wp\/v2\/product_brand?post=171415"},{"taxonomy":"product_cat","embeddable":true,"href":"https:\/\/baldumarket.lt\/lt\/wp-json\/wp\/v2\/product_cat?post=171415"},{"taxonomy":"product_tag","embeddable":true,"href":"https:\/\/baldumarket.lt\/lt\/wp-json\/wp\/v2\/product_tag?post=171415"}],"curies":[{"name":"wp","href":"https:\/\/api.w.org\/{rel}","templated":true}]}}