{"id":171391,"date":"2025-12-19T21:56:32","date_gmt":"2025-12-19T18:56:32","guid":{"rendered":"https:\/\/baldumarket.lt\/product\/lova-dab-craft-zloty-czarny-owalna-lawa-110x60-cm-nowoczesny-stolik-kawowy\/"},"modified":"2026-02-03T23:28:59","modified_gmt":"2026-02-03T20:28:59","slug":"lova-dab-craft-zloty-czarny-owalna-lawa-110x60-cm-nowoczesny-stolik-kawowy","status":"publish","type":"product","link":"https:\/\/baldumarket.lt\/lt\/product\/lova-dab-craft-zloty-czarny-owalna-lawa-110x60-cm-nowoczesny-stolik-kawowy\/","title":{"rendered":"LOVA Craft \u0105\u017euolo aukso\/juodo atspalvio \u2013 ovalus kavos staliukas 110\u00d760 cm modernus kavos staliukas"},"content":{"rendered":"<p>LOVA kavos staliukas yra modernus baldas su unikalia, dizainerio forma.<br \/>\nJo ovalus stalvir\u0161is pastatytas ant \u012fsp\u016bdingo pagrindo, sudaryto i\u0161 dviej\u0173 \u012fstri\u017eai i\u0161d\u0117styt\u0173 kojeli\u0173, sukurian\u010di\u0173 dinami\u0161k\u0105 \u201cV\u201d form\u0105. Visas baldas laikosi ant tvirto, ovalo formos pagrindo, kuris suteikia stabilumo ir pabr\u0117\u017eia eleganti\u0161k\u0105 stalo charakter\u012f.<br \/>\nLOVA puikiai dera \u0161iuolaikin\u0117se svetain\u0117se, derindama FUNKCIONALUM\u0104 su modernia estetika. Ji idealiai tinka kaip pagrindinis poilsio zonos elementas, suteikiantis daug vietos g\u0117rimams, u\u017ekand\u017eiams ir dekoracijoms.<br \/>\n___<br \/>\nKavos staliukas pagamintas i\u0161 28 mm storio (vir\u0161us ir pagrindas) ir 36 mm storio (kojos) matin\u0117s dvipus\u0117s laminuotos med\u017eio dro\u017eli\u0173 plok\u0161t\u0117s. Visas stalas apdailintas 1 mm ABS briaunomis.<br \/>\nMok\u0117jimo matmenys ir svoris:<br \/>\n123 x 65,5 x 8 cm (18,5 kg)<br \/>\nDaugiau informacijos apie pristatym\u0105 rasite skiltyje \u201cMok\u0117jimas ir pristatymas\u201d.<\/p>","protected":false},"excerpt":{"rendered":"<p>PLOTIS 110 cm, GYLIS 60 cm, AUK\u0160TIS 45 cm VIR\u0160AUS FORMA Ovali, MED\u017dIAGOS Med\u017eio dro\u017eli\u0173 plok\u0161t\u0117, PAVIR\u0160IUS Matinis, STILIUS Modernus, SVORIS SU PAKUOTE 18,5 kg<\/p>","protected":false},"featured_media":171392,"comment_status":"open","ping_status":"open","template":"","meta":[],"product_brand":[],"product_cat":[866,4109],"product_tag":[],"class_list":{"0":"post-171391","1":"product","2":"type-product","3":"status-publish","4":"has-post-thumbnail","6":"product_cat-coffee-tables","7":"product_cat-mazzoni","9":"first","10":"instock","11":"purchasable","12":"product-type-simple"},"_links":{"self":[{"href":"https:\/\/baldumarket.lt\/lt\/wp-json\/wp\/v2\/product\/171391","targetHints":{"allow":["GET"]}}],"collection":[{"href":"https:\/\/baldumarket.lt\/lt\/wp-json\/wp\/v2\/product"}],"about":[{"href":"https:\/\/baldumarket.lt\/lt\/wp-json\/wp\/v2\/types\/product"}],"replies":[{"embeddable":true,"href":"https:\/\/baldumarket.lt\/lt\/wp-json\/wp\/v2\/comments?post=171391"}],"wp:featuredmedia":[{"embeddable":true,"href":"https:\/\/baldumarket.lt\/lt\/wp-json\/wp\/v2\/media\/171392"}],"wp:attachment":[{"href":"https:\/\/baldumarket.lt\/lt\/wp-json\/wp\/v2\/media?parent=171391"}],"wp:term":[{"taxonomy":"product_brand","embeddable":true,"href":"https:\/\/baldumarket.lt\/lt\/wp-json\/wp\/v2\/product_brand?post=171391"},{"taxonomy":"product_cat","embeddable":true,"href":"https:\/\/baldumarket.lt\/lt\/wp-json\/wp\/v2\/product_cat?post=171391"},{"taxonomy":"product_tag","embeddable":true,"href":"https:\/\/baldumarket.lt\/lt\/wp-json\/wp\/v2\/product_tag?post=171391"}],"curies":[{"name":"wp","href":"https:\/\/api.w.org\/{rel}","templated":true}]}}