{"id":171363,"date":"2025-12-19T21:56:00","date_gmt":"2025-12-19T18:56:00","guid":{"rendered":"https:\/\/baldumarket.lt\/product\/zestaw-torino-stol-4-krzesla-bialy-jasny-szary-tkanina-sawana-21-drewniany-komplet-do-kuchni-jadalni\/"},"modified":"2026-02-10T10:37:26","modified_gmt":"2026-02-10T07:37:26","slug":"zestaw-torino-stol-4-krzesla-bialy-jasny-szary-tkanina-sawana-21-drewniany-komplet-do-kuchni-jadalni","status":"publish","type":"product","link":"https:\/\/baldumarket.lt\/lt\/product\/zestaw-torino-stol-4-krzesla-bialy-jasny-szary-tkanina-sawana-21-drewniany-komplet-do-kuchni-jadalni\/","title":{"rendered":"TORINO stalas + 4 k\u0117d\u0117s, baltas\/\u0161viesiai pilkas komplektas (audinys \u201eSawana 21\u201c) &#8211; MEDINIS VIRTUV\u0116S\/VALGOMOJO KOMPLEKTAS"},"content":{"rendered":"<p>TORINO rinkinys \u2013 stilius ir patogumas kompakti\u0161kame dizaine<br \/>\nTORINO komplektas \u2013 tai harmoningas FUNKCIONALUMO ir estetikos derinys, skirtas ma\u017eoms virtuv\u0117ms ir valgomiesiems.<br \/>\nKomplekt\u0105 sudaro tvirtas, sta\u010diakampis stalas ir keturios patogios k\u0117d\u0117s su apmu\u0161alais, u\u017etikrinan\u010dios komfort\u0105 kasdieni\u0173 valgi\u0173 metu.<br \/>\nKlasikin\u0117 forma, vizualiai eleganti\u0161kos linijos ir rafinuotos detal\u0117s daro TORINO baldus puikiai tinkan\u010dius tiek moderniam, tiek tradici\u0161kesniam interjerui. Tai prakti\u0161kas ir eleganti\u0161kas sprendimas, kuriame derinamas patvarumas ir jaukumas.<br \/>\n_______<br \/>\nStalvir\u0161is pagamintas i\u0161 MDF plok\u0161t\u0117s, o kojos ir k\u0117d\u0117s \u2013 i\u0161 lakuotos kau\u010diukmed\u017eio medienos.<br \/>\nK\u0117d\u0117s matmenys:<br \/>\nS\u0117dyn\u0117s plotis: 40 cm<br \/>\nS\u0117dyn\u0117s gylis: 40 cm<br \/>\nAtlo\u0161o auk\u0161tis: 84,5 cm<\/p>","protected":false},"excerpt":{"rendered":"<p>PLOTIS 110 cm, GYLIS 70 cm, AUK\u0160TIS 74,5 cm, STALVIR\u0160IAUS FORMA Sta\u010diakampis, MED\u017dIAGOS MDF \/ Kau\u010diukmedis \/ Sawana audinys, STILIUS Modernus \/ Skandinavi\u0161kas \/ Klasikinis, SVORIS SU PAKUOTE 37,4 kg<\/p>","protected":false},"featured_media":171364,"comment_status":"open","ping_status":"open","template":"","meta":[],"product_brand":[],"product_cat":[9520,4109,1934],"product_tag":[],"class_list":{"0":"post-171363","1":"product","2":"type-product","3":"status-publish","4":"has-post-thumbnail","6":"product_cat-tables-mazzoni","7":"product_cat-mazzoni","8":"product_cat-tables","10":"first","11":"instock","12":"purchasable","13":"product-type-simple"},"_links":{"self":[{"href":"https:\/\/baldumarket.lt\/lt\/wp-json\/wp\/v2\/product\/171363","targetHints":{"allow":["GET"]}}],"collection":[{"href":"https:\/\/baldumarket.lt\/lt\/wp-json\/wp\/v2\/product"}],"about":[{"href":"https:\/\/baldumarket.lt\/lt\/wp-json\/wp\/v2\/types\/product"}],"replies":[{"embeddable":true,"href":"https:\/\/baldumarket.lt\/lt\/wp-json\/wp\/v2\/comments?post=171363"}],"wp:featuredmedia":[{"embeddable":true,"href":"https:\/\/baldumarket.lt\/lt\/wp-json\/wp\/v2\/media\/171364"}],"wp:attachment":[{"href":"https:\/\/baldumarket.lt\/lt\/wp-json\/wp\/v2\/media?parent=171363"}],"wp:term":[{"taxonomy":"product_brand","embeddable":true,"href":"https:\/\/baldumarket.lt\/lt\/wp-json\/wp\/v2\/product_brand?post=171363"},{"taxonomy":"product_cat","embeddable":true,"href":"https:\/\/baldumarket.lt\/lt\/wp-json\/wp\/v2\/product_cat?post=171363"},{"taxonomy":"product_tag","embeddable":true,"href":"https:\/\/baldumarket.lt\/lt\/wp-json\/wp\/v2\/product_tag?post=171363"}],"curies":[{"name":"wp","href":"https:\/\/api.w.org\/{rel}","templated":true}]}}