{"id":171311,"date":"2025-12-19T21:54:59","date_gmt":"2025-12-19T18:54:59","guid":{"rendered":"https:\/\/baldumarket.lt\/product\/vito-czarny-mat-nogi-czarne-duzy-okragly-stol-o110-rozkladany-do-310-cm-z-nogami-y-loftowy-industrialny\/"},"modified":"2026-02-10T10:37:18","modified_gmt":"2026-02-10T07:37:18","slug":"vito-czarny-mat-nogi-czarne-duzy-okragly-stol-o110-rozkladany-do-310-cm-z-nogami-y-loftowy-industrialny","status":"publish","type":"product","link":"https:\/\/baldumarket.lt\/lt\/product\/vito-czarny-mat-nogi-czarne-duzy-okragly-stol-o110-rozkladany-do-310-cm-z-nogami-y-loftowy-industrialny\/","title":{"rendered":"VITO matin\u0117s juodos\/juodos kojos \u2013 DIDELIS APVALUS STALAS \u00d8110, I\u0160TRAUKIAMAS IKI 310 CM SU Y FORMOS KOJOMIS, PAL\u0116P\u0116S\/PRAMONINIS STILIUS"},"content":{"rendered":"<p>VITO stalas \u2013 tai puikus prakti\u0161kumo ir modernaus dizaino derinys. D\u0117l i\u0161manaus dizaino su i\u0161traukiamu stalvir\u0161iu ir papildomais \u012fd\u0117klais stal\u0105 galima lengvai prailginti iki \u012fsp\u016bdingo ilgio, prie kurio patogiai tilps iki 10\u201312 \u017emoni\u0173. Jis idealiai tinka tiek kasdien\u0117ms vakarien\u0117ms, tiek didesniems \u0161eimos ar socialiniams susib\u016brimams.<br \/>\nI\u0161skirtinis VITO stalo bruo\u017eas \u2013 stabilios, Y formos kojel\u0117s, kurios suteikia stalui unikali\u0105 i\u0161vaizd\u0105 ir u\u017etikrina tvirt\u0105 atram\u0105. I\u0161pl\u0117timo mechanizmas yra intuityvus ir patvarus, tod\u0117l stalo dyd\u012f pakeisti galima greitai ir lengvai.<br \/>\nVITO stalas puikiai tiks tiek virtuv\u0117je\/valgomajame, tiek svetain\u0117je, tapdamas bet kurio interjero traukos centru.<br \/>\n_______<br \/>\nStalvir\u0161is pagamintas i\u0161 28 mm storio matin\u0117s med\u017eio dro\u017eli\u0173 plok\u0161t\u0117s, laminuotos i\u0161 abiej\u0173 pusi\u0173 (su \u0161oniniais praplatinimais iki 56 mm), o praplatinim\u0173 \u012fd\u0117klai pagaminti i\u0161 28 mm storio plok\u0161t\u0117s. Visas stalas apdailintas 1 mm ABS briauna. Stalo kojos pagamintos i\u0161 milteliniu b\u016bdu da\u017eyto plieno (koj\u0173 skerspj\u016bvis: 3 x 6 cm). Taip pat pridedamos ir atramin\u0117s kojos, pagamintos i\u0161 tos pa\u010dios med\u017eiagos.<br \/>\nVERTA \u017dINOTI: D\u0117l apvalios stalvir\u0161io formos prailginimo \u012fd\u0117klai laikomi atskirai (j\u0173 negalima laikyti po stalvir\u0161iu).<br \/>\nPakuot\u0117s matmenys ir svoriai:<br \/>\n1. 124 x 61,5 x 12,5 cm (26,6 kg)<br \/>\n2. 124 x 56,5 x 70 cm (21,3 kg)<br \/>\n3. 124 x 56,5 x 70 cm (21,3 kg)<br \/>\n4. 69,5 x 28,5 x 11,5 cm (14,3 kg)<br \/>\n5. 80,5 x 56 x 24 cm (12,6 kg)<\/p>","protected":false},"excerpt":{"rendered":"<p>PLOTIS 110 \/ 160 \/ 210 \/ 260 \/ 310 cm, GYLIS 110 cm, AUK\u0160TIS 77,5 cm, \u012eD\u0116KL\u0172 SKAI\u010cIUS 4 vnt. x 50 cm (laikyti atskirai) VIR\u0160AUS FORMA Apvali, FUNKCIJA I\u0161traukiamas stalvir\u0161is, PAVIR\u0160IUS Matinis, STILIUS Loft \/ Industrial, SVORIS SU PAKUOTE 96 kg<\/p>","protected":false},"featured_media":171312,"comment_status":"open","ping_status":"open","template":"","meta":[],"product_brand":[],"product_cat":[9520,4109,1934],"product_tag":[],"class_list":{"0":"post-171311","1":"product","2":"type-product","3":"status-publish","4":"has-post-thumbnail","6":"product_cat-tables-mazzoni","7":"product_cat-mazzoni","8":"product_cat-tables","10":"first","11":"instock","12":"purchasable","13":"product-type-simple"},"_links":{"self":[{"href":"https:\/\/baldumarket.lt\/lt\/wp-json\/wp\/v2\/product\/171311","targetHints":{"allow":["GET"]}}],"collection":[{"href":"https:\/\/baldumarket.lt\/lt\/wp-json\/wp\/v2\/product"}],"about":[{"href":"https:\/\/baldumarket.lt\/lt\/wp-json\/wp\/v2\/types\/product"}],"replies":[{"embeddable":true,"href":"https:\/\/baldumarket.lt\/lt\/wp-json\/wp\/v2\/comments?post=171311"}],"wp:featuredmedia":[{"embeddable":true,"href":"https:\/\/baldumarket.lt\/lt\/wp-json\/wp\/v2\/media\/171312"}],"wp:attachment":[{"href":"https:\/\/baldumarket.lt\/lt\/wp-json\/wp\/v2\/media?parent=171311"}],"wp:term":[{"taxonomy":"product_brand","embeddable":true,"href":"https:\/\/baldumarket.lt\/lt\/wp-json\/wp\/v2\/product_brand?post=171311"},{"taxonomy":"product_cat","embeddable":true,"href":"https:\/\/baldumarket.lt\/lt\/wp-json\/wp\/v2\/product_cat?post=171311"},{"taxonomy":"product_tag","embeddable":true,"href":"https:\/\/baldumarket.lt\/lt\/wp-json\/wp\/v2\/product_tag?post=171311"}],"curies":[{"name":"wp","href":"https:\/\/api.w.org\/{rel}","templated":true}]}}