{"id":171249,"date":"2025-12-19T21:53:48","date_gmt":"2025-12-19T18:53:48","guid":{"rendered":"https:\/\/baldumarket.lt\/product\/hairpin-s-120-dab-artisan-bezowy-stol-do-kuchni-jadalni-salonu-nowoczesny-boho\/"},"modified":"2026-02-11T11:43:56","modified_gmt":"2026-02-11T08:43:56","slug":"hairpin-s-120-dab-artisan-bezowy-stol-do-kuchni-jadalni-salonu-nowoczesny-boho","status":"publish","type":"product","link":"https:\/\/baldumarket.lt\/lt\/product\/hairpin-s-120-dab-artisan-bezowy-stol-do-kuchni-jadalni-salonu-nowoczesny-boho\/","title":{"rendered":"HAIRPIN S-120 Artisan Oak\/Beige \u2013 MODERNUS\/BOHO VIRTUV\u0116S VALGOMOJO SVETAIN\u0116S STALIUKAS"},"content":{"rendered":"<p>Stalvir\u0161is pagamintas i\u0161 18 mm storio dvipus\u0117s matin\u0117s med\u017eio dro\u017eli\u0173 plok\u0161t\u0117s. Papildomas elementas \u2013 milteliniu b\u016bdu da\u017eytos metalin\u0117s kojel\u0117s.<br \/>\nPakuot\u0117s matmenys ir svoris:<br \/>\n131 x 74 x 4 cm (20,7 kg)<br \/>\n80 x 19 x 15 cm (6,9 kg)<\/p>","protected":false},"excerpt":{"rendered":"<p>PLOTIS 120 cm, GYLIS 70 cm, AUK\u0160TIS 75 cm, PAVIR\u0160IUS Matinis, STILIUS Modernus \/ Boho, SVORIS SU PAKUOTE 28 kg, KITA Gaminys skirtas savaranki\u0161kam surinkimui su pateiktomis instrukcijomis<\/p>","protected":false},"featured_media":171250,"comment_status":"open","ping_status":"open","template":"","meta":[],"product_brand":[],"product_cat":[9520,4109,1934],"product_tag":[],"class_list":{"0":"post-171249","1":"product","2":"type-product","3":"status-publish","4":"has-post-thumbnail","6":"product_cat-tables-mazzoni","7":"product_cat-mazzoni","8":"product_cat-tables","10":"first","11":"instock","12":"purchasable","13":"product-type-simple"},"_links":{"self":[{"href":"https:\/\/baldumarket.lt\/lt\/wp-json\/wp\/v2\/product\/171249","targetHints":{"allow":["GET"]}}],"collection":[{"href":"https:\/\/baldumarket.lt\/lt\/wp-json\/wp\/v2\/product"}],"about":[{"href":"https:\/\/baldumarket.lt\/lt\/wp-json\/wp\/v2\/types\/product"}],"replies":[{"embeddable":true,"href":"https:\/\/baldumarket.lt\/lt\/wp-json\/wp\/v2\/comments?post=171249"}],"wp:featuredmedia":[{"embeddable":true,"href":"https:\/\/baldumarket.lt\/lt\/wp-json\/wp\/v2\/media\/171250"}],"wp:attachment":[{"href":"https:\/\/baldumarket.lt\/lt\/wp-json\/wp\/v2\/media?parent=171249"}],"wp:term":[{"taxonomy":"product_brand","embeddable":true,"href":"https:\/\/baldumarket.lt\/lt\/wp-json\/wp\/v2\/product_brand?post=171249"},{"taxonomy":"product_cat","embeddable":true,"href":"https:\/\/baldumarket.lt\/lt\/wp-json\/wp\/v2\/product_cat?post=171249"},{"taxonomy":"product_tag","embeddable":true,"href":"https:\/\/baldumarket.lt\/lt\/wp-json\/wp\/v2\/product_tag?post=171249"}],"curies":[{"name":"wp","href":"https:\/\/api.w.org\/{rel}","templated":true}]}}