{"id":171237,"date":"2025-12-19T21:53:33","date_gmt":"2025-12-19T18:53:33","guid":{"rendered":"https:\/\/baldumarket.lt\/product\/rock-bezowy-polysk-dab-artisan-nowoczesna-lawa-do-salonu-stolik-kawowy-z-polka\/"},"modified":"2026-02-03T23:29:01","modified_gmt":"2026-02-03T20:29:01","slug":"rock-bezowy-polysk-dab-artisan-nowoczesna-lawa-do-salonu-stolik-kawowy-z-polka","status":"publish","type":"product","link":"https:\/\/baldumarket.lt\/lt\/product\/rock-bezowy-polysk-dab-artisan-nowoczesna-lawa-do-salonu-stolik-kawowy-z-polka\/","title":{"rendered":"ROCK sm\u0117lio spalvos blizgios \/ artisan \u0105\u017euolo spalvos &#8211; MODERNUS SVETAIN\u0116S KAVOS STALIUKAS SU LENTYNA"},"content":{"rendered":"<p>Stalvir\u0161is pagamintas i\u0161 28 mm storio MDF plok\u0161t\u0117s su blizgia apdaila. Likusios dalys \u2013 i\u0161 abiej\u0173 pusi\u0173 laminuota 28 mm storio matin\u0117 med\u017eio dro\u017eli\u0173 plok\u0161t\u0117 ir 18 mm storio lentyna. Visa dalis apdailinta 1 mm storio ABS briaunomis.<\/p>","protected":false},"excerpt":{"rendered":"<p>PLOTIS 100 cm, GYLIS 60 cm, AUK\u0160TIS 43 cm, MED\u017dIAGOS MDF + med\u017eio dro\u017eli\u0173 plok\u0161t\u0117, PAVIR\u0160IUS Blizgus + matinis, STILIUS Modernus, SVORIS SU PAKUOTE 31,5 kg, KITA Gaminys skirtas savaranki\u0161kam surinkimui su pateiktomis instrukcijomis<\/p>","protected":false},"featured_media":171238,"comment_status":"open","ping_status":"open","template":"","meta":[],"product_brand":[],"product_cat":[866,4109],"product_tag":[],"class_list":{"0":"post-171237","1":"product","2":"type-product","3":"status-publish","4":"has-post-thumbnail","6":"product_cat-coffee-tables","7":"product_cat-mazzoni","9":"first","10":"instock","11":"purchasable","12":"product-type-simple"},"_links":{"self":[{"href":"https:\/\/baldumarket.lt\/lt\/wp-json\/wp\/v2\/product\/171237","targetHints":{"allow":["GET"]}}],"collection":[{"href":"https:\/\/baldumarket.lt\/lt\/wp-json\/wp\/v2\/product"}],"about":[{"href":"https:\/\/baldumarket.lt\/lt\/wp-json\/wp\/v2\/types\/product"}],"replies":[{"embeddable":true,"href":"https:\/\/baldumarket.lt\/lt\/wp-json\/wp\/v2\/comments?post=171237"}],"wp:featuredmedia":[{"embeddable":true,"href":"https:\/\/baldumarket.lt\/lt\/wp-json\/wp\/v2\/media\/171238"}],"wp:attachment":[{"href":"https:\/\/baldumarket.lt\/lt\/wp-json\/wp\/v2\/media?parent=171237"}],"wp:term":[{"taxonomy":"product_brand","embeddable":true,"href":"https:\/\/baldumarket.lt\/lt\/wp-json\/wp\/v2\/product_brand?post=171237"},{"taxonomy":"product_cat","embeddable":true,"href":"https:\/\/baldumarket.lt\/lt\/wp-json\/wp\/v2\/product_cat?post=171237"},{"taxonomy":"product_tag","embeddable":true,"href":"https:\/\/baldumarket.lt\/lt\/wp-json\/wp\/v2\/product_tag?post=171237"}],"curies":[{"name":"wp","href":"https:\/\/api.w.org\/{rel}","templated":true}]}}