{"id":171221,"date":"2025-12-19T21:53:14","date_gmt":"2025-12-19T18:53:14","guid":{"rendered":"https:\/\/baldumarket.lt\/product\/piano-dab-artisan-bezowy-szampanski-nowoczesny-stol-rozkladany-do-200-cm\/"},"modified":"2026-02-11T12:24:07","modified_gmt":"2026-02-11T09:24:07","slug":"piano-dab-artisan-bezowy-szampanski-nowoczesny-stol-rozkladany-do-200-cm","status":"publish","type":"product","link":"https:\/\/baldumarket.lt\/lt\/product\/piano-dab-artisan-bezowy-szampanski-nowoczesny-stol-rozkladany-do-200-cm\/","title":{"rendered":"PIANO Artisan \u0105\u017euolo\/sm\u0117lio spalvos (\u0161ampano spalvos) &#8211; MODERNUS STALAS, IKI 200 CM ILGIO!"},"content":{"rendered":"<p>Stalas pagamintas i\u0161 auk\u0161tos kokyb\u0117s, 18 mm storio, matin\u0117s med\u017eio dro\u017eli\u0173 plok\u0161t\u0117s, laminuotos i\u0161 abiej\u0173 pusi\u0173, su 1 mm ABS kra\u0161tu. Stalvir\u0161is papildomai sutvirtintas 36 mm storio \u0161onin\u0117mis panel\u0117mis. Platforma pagaminta i\u0161 28 mm storio plok\u0161t\u0117s.<br \/>\nSVARBU: Prailginimo \u012fd\u0117klai yra specialioje \u201csaugykloje\u201d po stalvir\u0161iu, tod\u0117l jie visada yra pasiekiami prailginant stal\u0105 ir nereikia j\u0173 laikyti atskirai.<br \/>\nPakuot\u0117s matmenys ir svoris:<br \/>\n1. 91 x 65 x 11,5 cm (20 kg)<br \/>\n2. 99 x 60 x 6 cm (15 kg)<br \/>\n3. 91 x 49 x 9 cm (11 kg)<\/p>","protected":false},"excerpt":{"rendered":"<p>PLOTIS 120 cm \/ 160 cm \/ 200 cm, GYLIS 80 cm, AUK\u0160TIS 76 cm, \u012eD\u0116KL\u0172 SKAI\u010cIUS 2 vnt. x 40 cm (pasl\u0117pta po stalvir\u0161iu), FUNKCIJA I\u0161traukiamas stalvir\u0161is, PAVIR\u0160IUS Matinis, STILIUS Modernus, SVORIS SU PAKUOTE 53,3 kg<\/p>","protected":false},"featured_media":171222,"comment_status":"open","ping_status":"open","template":"","meta":[],"product_brand":[],"product_cat":[9520,9541,4109,1934],"product_tag":[],"class_list":{"0":"post-171221","1":"product","2":"type-product","3":"status-publish","4":"has-post-thumbnail","6":"product_cat-tables-mazzoni","7":"product_cat-transformer-tables-piano-mazzoni","8":"product_cat-mazzoni","9":"product_cat-tables","11":"first","12":"instock","13":"purchasable","14":"product-type-simple"},"_links":{"self":[{"href":"https:\/\/baldumarket.lt\/lt\/wp-json\/wp\/v2\/product\/171221","targetHints":{"allow":["GET"]}}],"collection":[{"href":"https:\/\/baldumarket.lt\/lt\/wp-json\/wp\/v2\/product"}],"about":[{"href":"https:\/\/baldumarket.lt\/lt\/wp-json\/wp\/v2\/types\/product"}],"replies":[{"embeddable":true,"href":"https:\/\/baldumarket.lt\/lt\/wp-json\/wp\/v2\/comments?post=171221"}],"wp:featuredmedia":[{"embeddable":true,"href":"https:\/\/baldumarket.lt\/lt\/wp-json\/wp\/v2\/media\/171222"}],"wp:attachment":[{"href":"https:\/\/baldumarket.lt\/lt\/wp-json\/wp\/v2\/media?parent=171221"}],"wp:term":[{"taxonomy":"product_brand","embeddable":true,"href":"https:\/\/baldumarket.lt\/lt\/wp-json\/wp\/v2\/product_brand?post=171221"},{"taxonomy":"product_cat","embeddable":true,"href":"https:\/\/baldumarket.lt\/lt\/wp-json\/wp\/v2\/product_cat?post=171221"},{"taxonomy":"product_tag","embeddable":true,"href":"https:\/\/baldumarket.lt\/lt\/wp-json\/wp\/v2\/product_tag?post=171221"}],"curies":[{"name":"wp","href":"https:\/\/api.w.org\/{rel}","templated":true}]}}