{"id":171190,"date":"2025-12-19T21:52:37","date_gmt":"2025-12-19T18:52:37","guid":{"rendered":"https:\/\/baldumarket.lt\/product\/bosco-dab-naturalny-noga-czarna-okragly-stol-120-cm-do-kuchni-jadalni-salonu-fornir\/"},"modified":"2026-02-10T10:37:09","modified_gmt":"2026-02-10T07:37:09","slug":"bosco-dab-naturalny-noga-czarna-okragly-stol-120-cm-do-kuchni-jadalni-salonu-fornir","status":"publish","type":"product","link":"https:\/\/baldumarket.lt\/lt\/product\/bosco-dab-naturalny-noga-czarna-okragly-stol-120-cm-do-kuchni-jadalni-salonu-fornir\/","title":{"rendered":"BOSCO nat\u016bralaus \u0105\u017euolo\/juodos kojos &#8211; apvalus stalas 120 cm virtuvei, valgomajam, svetainei, fanera"},"content":{"rendered":"<p>BOSCO stalas \u2013 eleganti\u0161kas, modernaus charakterio baldas, i\u0161siskiriantis minimalistine forma ir kruop\u0161\u010diai parinktomis med\u017eiagomis.<br \/>\nApvalus stalvir\u0161is pagamintas i\u0161 patvarios MDF plok\u0161t\u0117s, padengtos nat\u016braliu luk\u0161tu, kuris pabr\u0117\u017eia jo rafinuot\u0105 i\u0161vaizd\u0105 ir suteikia malon\u0173 liesti pavir\u0161i\u0173. Ry\u0161ki, k\u016bgin\u0117, milteliniu b\u016bdu da\u017eyta plienin\u0117 koja suteikia stabil\u0173 pagrind\u0105, u\u017etikrina patvarum\u0105 ir modern\u0173 vizualin\u012f akcent\u0105.<br \/>\nBOSCO puikiai tinka virtuv\u0117ms ir valgomiesiems, derindamas FUNKCIONALUM\u0104 su rafinuotu stiliumi.<\/p>","protected":false},"excerpt":{"rendered":"<p>PLOTIS 120 cm, GYLIS 120 cm, AUK\u0160TIS 75 cm, STALVIR\u0160IAUS FORMA Apvali, MED\u017dIAGOS MDF \/ nat\u016brali fanera \/ milteliniu b\u016bdu da\u017eytas plienas, PAVIR\u0160IUS Matinis, STILIUS Modernus \/ Loftas, SVORIS SU PAKUOTE 40,4 kg<\/p>","protected":false},"featured_media":171191,"comment_status":"open","ping_status":"open","template":"","meta":[],"product_brand":[],"product_cat":[9520,4109,1934],"product_tag":[],"class_list":{"0":"post-171190","1":"product","2":"type-product","3":"status-publish","4":"has-post-thumbnail","6":"product_cat-tables-mazzoni","7":"product_cat-mazzoni","8":"product_cat-tables","10":"first","11":"instock","12":"purchasable","13":"product-type-simple"},"_links":{"self":[{"href":"https:\/\/baldumarket.lt\/lt\/wp-json\/wp\/v2\/product\/171190","targetHints":{"allow":["GET"]}}],"collection":[{"href":"https:\/\/baldumarket.lt\/lt\/wp-json\/wp\/v2\/product"}],"about":[{"href":"https:\/\/baldumarket.lt\/lt\/wp-json\/wp\/v2\/types\/product"}],"replies":[{"embeddable":true,"href":"https:\/\/baldumarket.lt\/lt\/wp-json\/wp\/v2\/comments?post=171190"}],"wp:featuredmedia":[{"embeddable":true,"href":"https:\/\/baldumarket.lt\/lt\/wp-json\/wp\/v2\/media\/171191"}],"wp:attachment":[{"href":"https:\/\/baldumarket.lt\/lt\/wp-json\/wp\/v2\/media?parent=171190"}],"wp:term":[{"taxonomy":"product_brand","embeddable":true,"href":"https:\/\/baldumarket.lt\/lt\/wp-json\/wp\/v2\/product_brand?post=171190"},{"taxonomy":"product_cat","embeddable":true,"href":"https:\/\/baldumarket.lt\/lt\/wp-json\/wp\/v2\/product_cat?post=171190"},{"taxonomy":"product_tag","embeddable":true,"href":"https:\/\/baldumarket.lt\/lt\/wp-json\/wp\/v2\/product_tag?post=171190"}],"curies":[{"name":"wp","href":"https:\/\/api.w.org\/{rel}","templated":true}]}}