{"id":171174,"date":"2025-12-19T21:52:17","date_gmt":"2025-12-19T18:52:17","guid":{"rendered":"https:\/\/baldumarket.lt\/product\/bosco-dab-naturalny-noga-czarna-okragly-stolik-kawowy-65-cm-lawa-do-salonu-fornir\/"},"modified":"2026-02-03T23:29:01","modified_gmt":"2026-02-03T20:29:01","slug":"bosco-dab-naturalny-noga-czarna-okragly-stolik-kawowy-65-cm-lawa-do-salonu-fornir","status":"publish","type":"product","link":"https:\/\/baldumarket.lt\/lt\/product\/bosco-dab-naturalny-noga-czarna-okragly-stolik-kawowy-65-cm-lawa-do-salonu-fornir\/","title":{"rendered":"BOSCO nat\u016bralaus \u0105\u017euolo\/juodos kojos &#8211; apvalus kavos staliukas 65 cm, svetain\u0117s staliukas su fanera"},"content":{"rendered":"<p>BOSCO kavos staliukas \u2013 tai eleganti\u0161kas, modernios formos baldas, kuriame paprastumas derinamas su rafinuotu dizainu. Jis pasi\u017eymi apvaliu faneruotu stalvir\u0161iu, pritvirtintu prie tvirtos, k\u016bgin\u0117s plienin\u0117s kojos, suteikian\u010dios stalui skulpt\u016bri\u0161k\u0105 i\u0161vaizd\u0105 ir i\u0161skirtin\u012f stabilum\u0105. Harmoninga form\u0173 kompozicija leid\u017eia stalui puikiai tinka tiek moderniam, tiek minimalistiniam interjerui. BOSCO yra ne tik FUNKCIONALUS baldas, bet ir stilingas dekoratyvinis akcentas.<\/p>","protected":false},"excerpt":{"rendered":"<p>PLOTIS 65 cm, GYLIS 65 cm, AUK\u0160TIS 43 cm, STALVIR\u0160IAUS FORMA Apvali, MED\u017dIAGOS MDF \/ nat\u016bralus luk\u0161tas \/ milteliniu b\u016bdu da\u017eytas plienas, PAVIR\u0160IUS Matinis, STILIUS Modernus \/ Loftas, SVORIS SU PAKUOTE 19,4 kg<\/p>","protected":false},"featured_media":171175,"comment_status":"open","ping_status":"open","template":"","meta":[],"product_brand":[],"product_cat":[866,4109],"product_tag":[],"class_list":{"0":"post-171174","1":"product","2":"type-product","3":"status-publish","4":"has-post-thumbnail","6":"product_cat-coffee-tables","7":"product_cat-mazzoni","9":"first","10":"instock","11":"purchasable","12":"product-type-simple"},"_links":{"self":[{"href":"https:\/\/baldumarket.lt\/lt\/wp-json\/wp\/v2\/product\/171174","targetHints":{"allow":["GET"]}}],"collection":[{"href":"https:\/\/baldumarket.lt\/lt\/wp-json\/wp\/v2\/product"}],"about":[{"href":"https:\/\/baldumarket.lt\/lt\/wp-json\/wp\/v2\/types\/product"}],"replies":[{"embeddable":true,"href":"https:\/\/baldumarket.lt\/lt\/wp-json\/wp\/v2\/comments?post=171174"}],"wp:featuredmedia":[{"embeddable":true,"href":"https:\/\/baldumarket.lt\/lt\/wp-json\/wp\/v2\/media\/171175"}],"wp:attachment":[{"href":"https:\/\/baldumarket.lt\/lt\/wp-json\/wp\/v2\/media?parent=171174"}],"wp:term":[{"taxonomy":"product_brand","embeddable":true,"href":"https:\/\/baldumarket.lt\/lt\/wp-json\/wp\/v2\/product_brand?post=171174"},{"taxonomy":"product_cat","embeddable":true,"href":"https:\/\/baldumarket.lt\/lt\/wp-json\/wp\/v2\/product_cat?post=171174"},{"taxonomy":"product_tag","embeddable":true,"href":"https:\/\/baldumarket.lt\/lt\/wp-json\/wp\/v2\/product_tag?post=171174"}],"curies":[{"name":"wp","href":"https:\/\/api.w.org\/{rel}","templated":true}]}}