{"id":171074,"date":"2025-12-19T21:50:17","date_gmt":"2025-12-19T18:50:17","guid":{"rendered":"https:\/\/baldumarket.lt\/product\/roxy-orzech-naturalny-krzeslo-drewniane-do-salonu-jadalni-kuchni-retro\/"},"modified":"2026-02-11T12:46:06","modified_gmt":"2026-02-11T09:46:06","slug":"roxy-orzech-naturalny-krzeslo-drewniane-do-salonu-jadalni-kuchni-retro","status":"publish","type":"product","link":"https:\/\/baldumarket.lt\/lt\/product\/roxy-orzech-naturalny-krzeslo-drewniane-do-salonu-jadalni-kuchni-retro\/","title":{"rendered":"ROXY nat\u016bralus rie\u0161utmedis &#8211; MEDIN\u0116 K\u0116D\u0116 SVETAINEI, VALGOMAJAM, RETRO VIRTUVEI"},"content":{"rendered":"<p>ROXY k\u0117d\u0117 \u2013 tai modernus baldas, pasi\u017eymintis eleganti\u0161ku ir ergonomi\u0161ku dizainu. Jos s\u0117dyn\u0117 ir atlo\u0161as yra kruop\u0161\u010diai suformuoti, kad b\u016bt\u0173 patogu. Atlo\u0161as yra i\u0161skirtin\u0117s, \u0161iek tiek apvalios formos, suteikian\u010dios jam unikali\u0105 i\u0161vaizd\u0105 ir atram\u0105 nugarai.<br \/>\nStabili k\u0117d\u0117s konstrukcija remiasi \u012f tvirt\u0105 r\u0117m\u0105, u\u017etikrinant\u012f patvarum\u0105 ir tvirtum\u0105.<br \/>\n\u201eROXY\u201c dizainas derina klasikin\u012f meistri\u0161kum\u0105 su moderniu stiliumi, tod\u0117l puikiai tinka tiek namams, tiek tokioms erdv\u0117ms kaip restoranai ir biurai.<br \/>\n_______<br \/>\nK\u0117d\u0117s r\u0117mas pagamintas i\u0161 lakuotos kau\u010diukmed\u017eio, o s\u0117dyn\u0117 ir atlo\u0161as \u2013 i\u0161 \u0105\u017euolo faneros (nat\u016bralaus luk\u0161to).<\/p>","protected":false},"excerpt":{"rendered":"<p>MED\u017dIAGOS \u0104\u017euolo fanera + kau\u010diukmedis, STILIUS Modernus \/ Skandinavi\u0161kas \/ Klasikinis, SVORIS SU PAKUOTE 6 kg, KITA Gaminys skirtas savaranki\u0161kam surinkimui su pateiktomis instrukcijomis MAKSIMALI APKROVA 120 kg<\/p>","protected":false},"featured_media":171075,"comment_status":"open","ping_status":"open","template":"","meta":[],"product_brand":[],"product_cat":[9519,1930,4109],"product_tag":[],"class_list":{"0":"post-171074","1":"product","2":"type-product","3":"status-publish","4":"has-post-thumbnail","6":"product_cat-armchairs-and-stools-mazzoni","7":"product_cat-chairs","8":"product_cat-mazzoni","10":"first","11":"instock","12":"purchasable","13":"product-type-simple"},"_links":{"self":[{"href":"https:\/\/baldumarket.lt\/lt\/wp-json\/wp\/v2\/product\/171074","targetHints":{"allow":["GET"]}}],"collection":[{"href":"https:\/\/baldumarket.lt\/lt\/wp-json\/wp\/v2\/product"}],"about":[{"href":"https:\/\/baldumarket.lt\/lt\/wp-json\/wp\/v2\/types\/product"}],"replies":[{"embeddable":true,"href":"https:\/\/baldumarket.lt\/lt\/wp-json\/wp\/v2\/comments?post=171074"}],"wp:featuredmedia":[{"embeddable":true,"href":"https:\/\/baldumarket.lt\/lt\/wp-json\/wp\/v2\/media\/171075"}],"wp:attachment":[{"href":"https:\/\/baldumarket.lt\/lt\/wp-json\/wp\/v2\/media?parent=171074"}],"wp:term":[{"taxonomy":"product_brand","embeddable":true,"href":"https:\/\/baldumarket.lt\/lt\/wp-json\/wp\/v2\/product_brand?post=171074"},{"taxonomy":"product_cat","embeddable":true,"href":"https:\/\/baldumarket.lt\/lt\/wp-json\/wp\/v2\/product_cat?post=171074"},{"taxonomy":"product_tag","embeddable":true,"href":"https:\/\/baldumarket.lt\/lt\/wp-json\/wp\/v2\/product_tag?post=171074"}],"curies":[{"name":"wp","href":"https:\/\/api.w.org\/{rel}","templated":true}]}}