{"id":171058,"date":"2025-12-19T21:49:54","date_gmt":"2025-12-19T18:49:54","guid":{"rendered":"https:\/\/baldumarket.lt\/product\/noble-noir-dab-artisan-bezowy-szampanski-stol-rozkladany-do-218-cm\/"},"modified":"2026-02-11T12:09:35","modified_gmt":"2026-02-11T09:09:35","slug":"noble-noir-dab-artisan-bezowy-szampanski-stol-rozkladany-do-218-cm","status":"publish","type":"product","link":"https:\/\/baldumarket.lt\/lt\/product\/noble-noir-dab-artisan-bezowy-szampanski-stol-rozkladany-do-218-cm\/","title":{"rendered":"NOBLE NOIR Artisan Oak\/Beige (\u0160ampaninis) \u2013 IKI 218 cm I\u0160PL\u0116STAMASIS STALAS!"},"content":{"rendered":"<p>Stalas pagamintas i\u0161 auk\u0161tos kokyb\u0117s, 18 mm storio, matin\u0117s med\u017eio dro\u017eli\u0173 plok\u0161t\u0117s, laminuotos i\u0161 abiej\u0173 pusi\u0173, apdailintos 1 mm ABS kra\u0161tais. Stalvir\u0161is ir pagrindas papildomai pastorinti iki 36 mm \u0161onuose.<br \/>\nSVARBU: Prailginimo \u012fd\u0117klas yra specialiame \u201csaugojimo skyriuje\u201d po stalvir\u0161iu, tod\u0117l j\u012f visada galima pasiekti prailginant stal\u0105 ir nereikia laikyti atskirai.<\/p>","protected":false},"excerpt":{"rendered":"<p>PLOTIS 160 cm \/ 218 cm, GYLIS 90 cm, AUK\u0160TIS 76 cm, \u012eD\u0116KL\u0172 SKAI\u010cIUS 1 vnt. x 58 cm (pasl\u0117pta po stalvir\u0161iu), FUNKCIJA I\u0161traukiamas stalvir\u0161is, PAVIR\u0160IUS Matinis, STILIUS Modernus, SVORIS SU PAKUOTE 71,5 kg<\/p>","protected":false},"featured_media":171059,"comment_status":"open","ping_status":"open","template":"","meta":[],"product_brand":[],"product_cat":[9537,4109,1934],"product_tag":[],"class_list":{"0":"post-171058","1":"product","2":"type-product","3":"status-publish","4":"has-post-thumbnail","6":"product_cat-transformer-tables-noble-noir-mazzoni","7":"product_cat-mazzoni","8":"product_cat-tables","10":"first","11":"instock","12":"purchasable","13":"product-type-simple"},"_links":{"self":[{"href":"https:\/\/baldumarket.lt\/lt\/wp-json\/wp\/v2\/product\/171058","targetHints":{"allow":["GET"]}}],"collection":[{"href":"https:\/\/baldumarket.lt\/lt\/wp-json\/wp\/v2\/product"}],"about":[{"href":"https:\/\/baldumarket.lt\/lt\/wp-json\/wp\/v2\/types\/product"}],"replies":[{"embeddable":true,"href":"https:\/\/baldumarket.lt\/lt\/wp-json\/wp\/v2\/comments?post=171058"}],"wp:featuredmedia":[{"embeddable":true,"href":"https:\/\/baldumarket.lt\/lt\/wp-json\/wp\/v2\/media\/171059"}],"wp:attachment":[{"href":"https:\/\/baldumarket.lt\/lt\/wp-json\/wp\/v2\/media?parent=171058"}],"wp:term":[{"taxonomy":"product_brand","embeddable":true,"href":"https:\/\/baldumarket.lt\/lt\/wp-json\/wp\/v2\/product_brand?post=171058"},{"taxonomy":"product_cat","embeddable":true,"href":"https:\/\/baldumarket.lt\/lt\/wp-json\/wp\/v2\/product_cat?post=171058"},{"taxonomy":"product_tag","embeddable":true,"href":"https:\/\/baldumarket.lt\/lt\/wp-json\/wp\/v2\/product_tag?post=171058"}],"curies":[{"name":"wp","href":"https:\/\/api.w.org\/{rel}","templated":true}]}}