{"id":171042,"date":"2025-12-19T21:49:36","date_gmt":"2025-12-19T18:49:36","guid":{"rendered":"https:\/\/baldumarket.lt\/product\/brawo-dab-artisan-bezowy-szampanski-lawa-z-rozkladanym-i-podnoszonym-blatem-stol-lawostol-z-polka\/"},"modified":"2026-02-11T10:34:54","modified_gmt":"2026-02-11T07:34:54","slug":"brawo-dab-artisan-bezowy-szampanski-lawa-z-rozkladanym-i-podnoszonym-blatem-stol-lawostol-z-polka","status":"publish","type":"product","link":"https:\/\/baldumarket.lt\/lt\/product\/brawo-dab-artisan-bezowy-szampanski-lawa-z-rozkladanym-i-podnoszonym-blatem-stol-lawostol-z-polka\/","title":{"rendered":"BRAWO Artisan Oak\/Beige (Champagne) &#8211; Kavos staliukas su i\u0161traukiamu ir pakeliamu stalvir\u0161iu Kavos staliukas su lentyna"},"content":{"rendered":"<p>Stalas pagamintas i\u0161 18 mm storio matin\u0117s med\u017eio dro\u017eli\u0173 plok\u0161t\u0117s, laminuotos i\u0161 abiej\u0173 pusi\u0173, apdailintos 1 mm ABS kra\u0161tais. Papildoma savyb\u0117 \u2013 k\u0117limo mechanizmas su keturiomis pavaromis, skirtomis stabilizuoti stalvir\u0161\u012f i\u0161 kiekvienos pus\u0117s.<\/p>","protected":false},"excerpt":{"rendered":"<p>PLOTIS 130 cm, GYLIS 65 cm \/ 130 cm, REGULIUOJAMAS AUK\u0160TIS 60\u201372 cm, MED\u017dIAGOS Med\u017eio dro\u017eli\u0173 plok\u0161t\u0117, FUNKCIJA I\u0161traukiamas stalvir\u0161is, PAVIR\u0160IUS Matinis, STILIUS Klasikinis, SVORIS SU PAKUOTE 55 kg<\/p>","protected":false},"featured_media":171043,"comment_status":"open","ping_status":"open","template":"","meta":[],"product_brand":[],"product_cat":[9527,866,4109],"product_tag":[],"class_list":{"0":"post-171042","1":"product","2":"type-product","3":"status-publish","4":"has-post-thumbnail","6":"product_cat-transformer-tables-brawo-mazzoni","7":"product_cat-coffee-tables","8":"product_cat-mazzoni","10":"first","11":"instock","12":"purchasable","13":"product-type-simple"},"_links":{"self":[{"href":"https:\/\/baldumarket.lt\/lt\/wp-json\/wp\/v2\/product\/171042","targetHints":{"allow":["GET"]}}],"collection":[{"href":"https:\/\/baldumarket.lt\/lt\/wp-json\/wp\/v2\/product"}],"about":[{"href":"https:\/\/baldumarket.lt\/lt\/wp-json\/wp\/v2\/types\/product"}],"replies":[{"embeddable":true,"href":"https:\/\/baldumarket.lt\/lt\/wp-json\/wp\/v2\/comments?post=171042"}],"wp:featuredmedia":[{"embeddable":true,"href":"https:\/\/baldumarket.lt\/lt\/wp-json\/wp\/v2\/media\/171043"}],"wp:attachment":[{"href":"https:\/\/baldumarket.lt\/lt\/wp-json\/wp\/v2\/media?parent=171042"}],"wp:term":[{"taxonomy":"product_brand","embeddable":true,"href":"https:\/\/baldumarket.lt\/lt\/wp-json\/wp\/v2\/product_brand?post=171042"},{"taxonomy":"product_cat","embeddable":true,"href":"https:\/\/baldumarket.lt\/lt\/wp-json\/wp\/v2\/product_cat?post=171042"},{"taxonomy":"product_tag","embeddable":true,"href":"https:\/\/baldumarket.lt\/lt\/wp-json\/wp\/v2\/product_tag?post=171042"}],"curies":[{"name":"wp","href":"https:\/\/api.w.org\/{rel}","templated":true}]}}