{"id":171000,"date":"2025-12-19T21:48:44","date_gmt":"2025-12-19T18:48:44","guid":{"rendered":"https:\/\/baldumarket.lt\/product\/cleo-dab-artisan-lawa-stolik-z-rozkladanym-i-podnoszonym-blatem-lawostol\/"},"modified":"2026-02-11T10:41:47","modified_gmt":"2026-02-11T07:41:47","slug":"cleo-dab-artisan-lawa-stolik-z-rozkladanym-i-podnoszonym-blatem-lawostol","status":"publish","type":"product","link":"https:\/\/baldumarket.lt\/lt\/product\/cleo-dab-artisan-lawa-stolik-z-rozkladanym-i-podnoszonym-blatem-lawostol\/","title":{"rendered":"CLEO Artisan Oak &#8211; Kavos staliukas su i\u0161traukiamu ir pakeliamu stalvir\u0161iu"},"content":{"rendered":"<p>Stalas pagamintas i\u0161 18 mm storio matin\u0117s med\u017eio dro\u017eli\u0173 plok\u0161t\u0117s, laminuotos i\u0161 abiej\u0173 pusi\u0173, apdailintos 1 mm ABS kra\u0161tais.<\/p>","protected":false},"excerpt":{"rendered":"<p>PLOTIS 75 cm \/ 150 cm, GYLIS 75 cm, REGULIUOJAMAS AUK\u0160TIS 57\u201369 cm, MED\u017dIAGOS Med\u017eio dro\u017eli\u0173 plok\u0161t\u0117, FUNKCIJA I\u0161traukiamas stalvir\u0161is, PAVIR\u0160IUS Matinis, STILIUS Klasikinis, SVORIS SU PAKUOTE 40 kg<\/p>","protected":false},"featured_media":171001,"comment_status":"open","ping_status":"open","template":"","meta":[],"product_brand":[],"product_cat":[9528,866,4109],"product_tag":[],"class_list":{"0":"post-171000","1":"product","2":"type-product","3":"status-publish","4":"has-post-thumbnail","6":"product_cat-transformer-tables-cleo-mazzoni","7":"product_cat-coffee-tables","8":"product_cat-mazzoni","10":"first","11":"instock","12":"purchasable","13":"product-type-simple"},"_links":{"self":[{"href":"https:\/\/baldumarket.lt\/lt\/wp-json\/wp\/v2\/product\/171000","targetHints":{"allow":["GET"]}}],"collection":[{"href":"https:\/\/baldumarket.lt\/lt\/wp-json\/wp\/v2\/product"}],"about":[{"href":"https:\/\/baldumarket.lt\/lt\/wp-json\/wp\/v2\/types\/product"}],"replies":[{"embeddable":true,"href":"https:\/\/baldumarket.lt\/lt\/wp-json\/wp\/v2\/comments?post=171000"}],"wp:featuredmedia":[{"embeddable":true,"href":"https:\/\/baldumarket.lt\/lt\/wp-json\/wp\/v2\/media\/171001"}],"wp:attachment":[{"href":"https:\/\/baldumarket.lt\/lt\/wp-json\/wp\/v2\/media?parent=171000"}],"wp:term":[{"taxonomy":"product_brand","embeddable":true,"href":"https:\/\/baldumarket.lt\/lt\/wp-json\/wp\/v2\/product_brand?post=171000"},{"taxonomy":"product_cat","embeddable":true,"href":"https:\/\/baldumarket.lt\/lt\/wp-json\/wp\/v2\/product_cat?post=171000"},{"taxonomy":"product_tag","embeddable":true,"href":"https:\/\/baldumarket.lt\/lt\/wp-json\/wp\/v2\/product_tag?post=171000"}],"curies":[{"name":"wp","href":"https:\/\/api.w.org\/{rel}","templated":true}]}}