{"id":170944,"date":"2025-12-19T21:47:36","date_gmt":"2025-12-19T18:47:36","guid":{"rendered":"https:\/\/baldumarket.lt\/product\/zarion-dab-naturalny-stol-barowy-kuchenny-wysoki-drewniany-fornir\/"},"modified":"2026-02-11T12:39:51","modified_gmt":"2026-02-11T09:39:51","slug":"zarion-dab-naturalny-stol-barowy-kuchenny-wysoki-drewniany-fornir","status":"publish","type":"product","link":"https:\/\/baldumarket.lt\/lt\/product\/zarion-dab-naturalny-stol-barowy-kuchenny-wysoki-drewniany-fornir\/","title":{"rendered":"ZARION nat\u016bralus \u0105\u017euolas &#8211; auk\u0161tas baras\/virtuv\u0117s stalas su mediniu fanera"},"content":{"rendered":"<p>ZARION baro stalas puikiai tinka tiek moderniam, tiek klasikiniam interjerui.<br \/>\nLakuotas faneros stalvir\u0161is pasi\u017eymi subtiliu, nat\u016braliu medienos ra\u0161tu, kuris i\u0161ry\u0161kina jos elegancij\u0105. Kau\u010diukmed\u017eio r\u0117mas u\u017etikrina tvirtum\u0105 ir konstrukcijos stabilum\u0105, o paprastas dizainas suteikia stalui nesenstant\u012f \u012fvaizd\u012f.<br \/>\nD\u0117l optimalaus auk\u0161\u010dio stalas puikiai dera su ZARION baro k\u0117d\u0117mis, sukurdamas darni\u0105 ir stiling\u0105 erdv\u0119 bendriems pietums ir socialiniams susib\u016brimams.<br \/>\nVERTA \u017dINOTI:<br \/>\nFanera, skirtingai nei laminatas, yra nat\u016brali med\u017eiaga, perteikianti tikros medienos \u0161ilum\u0105 ir charakter\u012f. Tod\u0117l jos ra\u0161tas ir atspalvis gali \u0161iek tiek skirtis \u2013 net ir to paties baldo viduje. Tai tipi\u0161ka nat\u016bralaus faneros savyb\u0117, pabr\u0117\u017eianti unikal\u0173 baldo charakter\u012f.<\/p>","protected":false},"excerpt":{"rendered":"<p>PLOTIS 120 cm, GYLIS 60 cm, AUK\u0160TIS 105 cm, STALVIR\u0160IAUS FORMA Sta\u010diakampis, MED\u017dIAGOS \u0104\u017euolo fanera + kau\u010diukmedis, STILIUS Modernus \/ Skandinavi\u0161kas \/ Klasikinis, KITA Gaminys skirtas savaranki\u0161kam surinkimui su pateiktomis instrukcijomis MAKSIMALI APKROVA 110 kg<\/p>","protected":false},"featured_media":170945,"comment_status":"open","ping_status":"open","template":"","meta":[],"product_brand":[],"product_cat":[9520,4109,1934],"product_tag":[],"class_list":{"0":"post-170944","1":"product","2":"type-product","3":"status-publish","4":"has-post-thumbnail","6":"product_cat-tables-mazzoni","7":"product_cat-mazzoni","8":"product_cat-tables","10":"first","11":"instock","12":"purchasable","13":"product-type-simple"},"_links":{"self":[{"href":"https:\/\/baldumarket.lt\/lt\/wp-json\/wp\/v2\/product\/170944","targetHints":{"allow":["GET"]}}],"collection":[{"href":"https:\/\/baldumarket.lt\/lt\/wp-json\/wp\/v2\/product"}],"about":[{"href":"https:\/\/baldumarket.lt\/lt\/wp-json\/wp\/v2\/types\/product"}],"replies":[{"embeddable":true,"href":"https:\/\/baldumarket.lt\/lt\/wp-json\/wp\/v2\/comments?post=170944"}],"wp:featuredmedia":[{"embeddable":true,"href":"https:\/\/baldumarket.lt\/lt\/wp-json\/wp\/v2\/media\/170945"}],"wp:attachment":[{"href":"https:\/\/baldumarket.lt\/lt\/wp-json\/wp\/v2\/media?parent=170944"}],"wp:term":[{"taxonomy":"product_brand","embeddable":true,"href":"https:\/\/baldumarket.lt\/lt\/wp-json\/wp\/v2\/product_brand?post=170944"},{"taxonomy":"product_cat","embeddable":true,"href":"https:\/\/baldumarket.lt\/lt\/wp-json\/wp\/v2\/product_cat?post=170944"},{"taxonomy":"product_tag","embeddable":true,"href":"https:\/\/baldumarket.lt\/lt\/wp-json\/wp\/v2\/product_tag?post=170944"}],"curies":[{"name":"wp","href":"https:\/\/api.w.org\/{rel}","templated":true}]}}