{"id":170920,"date":"2025-12-19T21:47:07","date_gmt":"2025-12-19T18:47:07","guid":{"rendered":"https:\/\/baldumarket.lt\/product\/nela-bez-latte-tkanina-monza-60-fr-noga-bezowa-hoker-krzeslo-barowe-obrotowe-tapicerowane-boucle-do-kuchni-salonu-boho\/"},"modified":"2026-02-11T12:06:18","modified_gmt":"2026-02-11T09:06:18","slug":"nela-bez-latte-tkanina-monza-60-fr-noga-bezowa-hoker-krzeslo-barowe-obrotowe-tapicerowane-boucle-do-kuchni-salonu-boho","status":"publish","type":"product","link":"https:\/\/baldumarket.lt\/lt\/product\/nela-bez-latte-tkanina-monza-60-fr-noga-bezowa-hoker-krzeslo-barowe-obrotowe-tapicerowane-boucle-do-kuchni-salonu-boho\/","title":{"rendered":"NELA Latte Beige (Monza audinys 60 FR) \/ sm\u0117lio spalvos koja &#8211; SUKAMA BARO K\u0116D\u0116 APMU\u0160TA BUKL\u0116 VIRTUVEI, SVETAINEI, BOHO STILIAUS"},"content":{"rendered":"<p>NELA taburet\u0117 \u2013 tai modernus ir eleganti\u0161kas baldas, puikiai derinantis FUNKCIONALUM\u0104 ir komfort\u0105. Ergonomi\u0161ka s\u0117dyn\u0117 su u\u017eapvalintu atlo\u0161u suteikia patogi\u0105 nugaros atram\u0105, o \u0161iek tiek kont\u016bruoti kra\u0161tai suteikia stiling\u0105 akcent\u0105.<br \/>\nD\u0117l 360\u00b0 pasukimo mechanizmo ir auk\u0161\u010dio reguliavimo NELA taburet\u0117 suteikia visi\u0161k\u0105 naudojimo laisv\u0119 ir prisitaiko prie \u012fvairi\u0173 stalvir\u0161i\u0173, o \u012fmontuota pakoja suteikia patogi\u0105 koj\u0173 atram\u0105.<br \/>\nStabilus, milteliniu b\u016bdu da\u017eytas metalinis pagrindas u\u017etikrina tvirt\u0105 konstrukcij\u0105, tod\u0117l jis idealiai tinka modernioms virtuv\u0117ms, svetain\u0117ms, barams ir restoranams.<br \/>\n_______<br \/>\nUgniai atsparus audinys (FR) \u2013 d\u0117l specialaus apdorojimo \u0161io gaminio audinys yra atsparus auk\u0161tai temperat\u016brai ir gaisro atveju d\u0117l ilgesnio degimo laiko apribos ugnies plitim\u0105.<\/p>","protected":false},"excerpt":{"rendered":"<p>MED\u017dIAGOS \u201eMonza\u201c audinys \/ milteliniu b\u016bdu da\u017eytas plienas, FUNKCIJA 360\u00b0 pasukamas pagrindas Reguliuojama s\u0117dyn\u0117, AUK\u0160TIS, STILIUS Modernus \/ Bohemi\u0161kas, KITA Gaminys skirtas savaranki\u0161kam surinkimui su pateiktomis instrukcijomis MAKSIMALI APKROVA 110 kg<\/p>","protected":false},"featured_media":170921,"comment_status":"open","ping_status":"open","template":"","meta":[],"product_brand":[],"product_cat":[9519,1930,4109],"product_tag":[],"class_list":{"0":"post-170920","1":"product","2":"type-product","3":"status-publish","4":"has-post-thumbnail","6":"product_cat-armchairs-and-stools-mazzoni","7":"product_cat-chairs","8":"product_cat-mazzoni","10":"first","11":"instock","12":"purchasable","13":"product-type-simple"},"_links":{"self":[{"href":"https:\/\/baldumarket.lt\/lt\/wp-json\/wp\/v2\/product\/170920","targetHints":{"allow":["GET"]}}],"collection":[{"href":"https:\/\/baldumarket.lt\/lt\/wp-json\/wp\/v2\/product"}],"about":[{"href":"https:\/\/baldumarket.lt\/lt\/wp-json\/wp\/v2\/types\/product"}],"replies":[{"embeddable":true,"href":"https:\/\/baldumarket.lt\/lt\/wp-json\/wp\/v2\/comments?post=170920"}],"wp:featuredmedia":[{"embeddable":true,"href":"https:\/\/baldumarket.lt\/lt\/wp-json\/wp\/v2\/media\/170921"}],"wp:attachment":[{"href":"https:\/\/baldumarket.lt\/lt\/wp-json\/wp\/v2\/media?parent=170920"}],"wp:term":[{"taxonomy":"product_brand","embeddable":true,"href":"https:\/\/baldumarket.lt\/lt\/wp-json\/wp\/v2\/product_brand?post=170920"},{"taxonomy":"product_cat","embeddable":true,"href":"https:\/\/baldumarket.lt\/lt\/wp-json\/wp\/v2\/product_cat?post=170920"},{"taxonomy":"product_tag","embeddable":true,"href":"https:\/\/baldumarket.lt\/lt\/wp-json\/wp\/v2\/product_tag?post=170920"}],"curies":[{"name":"wp","href":"https:\/\/api.w.org\/{rel}","templated":true}]}}