{"id":170904,"date":"2025-12-19T21:46:47","date_gmt":"2025-12-19T18:46:47","guid":{"rendered":"https:\/\/baldumarket.lt\/product\/mia-jasny-szary-tkanina-corsica-40-stelaz-debowo-czarny-hoker-krzeslo-barowe-tapicerowane-do-kuchni-salonu-restauracji\/"},"modified":"2026-02-11T12:04:38","modified_gmt":"2026-02-11T09:04:38","slug":"mia-jasny-szary-tkanina-corsica-40-stelaz-debowo-czarny-hoker-krzeslo-barowe-tapicerowane-do-kuchni-salonu-restauracji","status":"publish","type":"product","link":"https:\/\/baldumarket.lt\/lt\/product\/mia-jasny-szary-tkanina-corsica-40-stelaz-debowo-czarny-hoker-krzeslo-barowe-tapicerowane-do-kuchni-salonu-restauracji\/","title":{"rendered":"MIA \u0161viesiai pilka (audinys \u201eCorsica 40\u201c) \/ \u0105\u017euolo juodo r\u0117mo &#8211; APMU\u0160TAS BARO K\u0116D\u0116 VIRTUVEI, SVETAINEI, RESTORANUI"},"content":{"rendered":"<p>MIA taburet\u0117 \u2013 stilingas ir FUNKCIONALUS baldas, puikiai tinkantis moderniam interjerui. Ergonomi\u0161kai suformuota s\u0117dyn\u0117 su patogiu atlo\u0161u u\u017etikrina komfort\u0105, o atviras dizainas suteikia lengvumo.<br \/>\nTvirtas \u0105\u017euolo r\u0117mas su plienine pakoja u\u017etikrina saugum\u0105 ir nat\u016brali\u0105 i\u0161vaizd\u0105.<br \/>\n\u0160i taburet\u0117 \u2013 tai tobulas elegancijos ir FUNKCIONALUMO derinys, puikiai tinkantis virtuv\u0117ms, valgomiesiems, barams ir restoranams.<\/p>","protected":false},"excerpt":{"rendered":"<p>MED\u017dIAGOS Korsikos audinys \/ \u0105\u017euolo mediena \/ milteliniu b\u016bdu da\u017eytas plienas, STILIUS Modernus \/ Skandinavi\u0161kas, KITA Gaminys skirtas savaranki\u0161kam surinkimui su pateiktomis instrukcijomis MAKSIMALI APKROVA 110 kg<\/p>","protected":false},"featured_media":170905,"comment_status":"open","ping_status":"open","template":"","meta":[],"product_brand":[],"product_cat":[9519,1930,4109],"product_tag":[],"class_list":{"0":"post-170904","1":"product","2":"type-product","3":"status-publish","4":"has-post-thumbnail","6":"product_cat-armchairs-and-stools-mazzoni","7":"product_cat-chairs","8":"product_cat-mazzoni","10":"first","11":"instock","12":"purchasable","13":"product-type-simple"},"_links":{"self":[{"href":"https:\/\/baldumarket.lt\/lt\/wp-json\/wp\/v2\/product\/170904","targetHints":{"allow":["GET"]}}],"collection":[{"href":"https:\/\/baldumarket.lt\/lt\/wp-json\/wp\/v2\/product"}],"about":[{"href":"https:\/\/baldumarket.lt\/lt\/wp-json\/wp\/v2\/types\/product"}],"replies":[{"embeddable":true,"href":"https:\/\/baldumarket.lt\/lt\/wp-json\/wp\/v2\/comments?post=170904"}],"wp:featuredmedia":[{"embeddable":true,"href":"https:\/\/baldumarket.lt\/lt\/wp-json\/wp\/v2\/media\/170905"}],"wp:attachment":[{"href":"https:\/\/baldumarket.lt\/lt\/wp-json\/wp\/v2\/media?parent=170904"}],"wp:term":[{"taxonomy":"product_brand","embeddable":true,"href":"https:\/\/baldumarket.lt\/lt\/wp-json\/wp\/v2\/product_brand?post=170904"},{"taxonomy":"product_cat","embeddable":true,"href":"https:\/\/baldumarket.lt\/lt\/wp-json\/wp\/v2\/product_cat?post=170904"},{"taxonomy":"product_tag","embeddable":true,"href":"https:\/\/baldumarket.lt\/lt\/wp-json\/wp\/v2\/product_tag?post=170904"}],"curies":[{"name":"wp","href":"https:\/\/api.w.org\/{rel}","templated":true}]}}