{"id":170888,"date":"2025-12-19T21:46:28","date_gmt":"2025-12-19T18:46:28","guid":{"rendered":"https:\/\/baldumarket.lt\/product\/mia-brazowy-tkanina-preston-22-noga-czarna-hoker-krzeslo-barowe-obrotowe-tapicerowane-do-kuchni-salonu-restauracji\/"},"modified":"2026-02-11T12:04:38","modified_gmt":"2026-02-11T09:04:38","slug":"mia-brazowy-tkanina-preston-22-noga-czarna-hoker-krzeslo-barowe-obrotowe-tapicerowane-do-kuchni-salonu-restauracji","status":"publish","type":"product","link":"https:\/\/baldumarket.lt\/lt\/product\/mia-brazowy-tkanina-preston-22-noga-czarna-hoker-krzeslo-barowe-obrotowe-tapicerowane-do-kuchni-salonu-restauracji\/","title":{"rendered":"MIA ruda (Preston 22 audinys) \/ juoda koja &#8211; Apmu\u0161tas besisukantis baro kr\u0117slas virtuvei, svetainei, restoranui"},"content":{"rendered":"<p>MIA taburet\u0117 \u2013 stilingas ir FUNKCIONALUS baldas, puikiai tinkantis moderniam interjerui. Ergonomi\u0161kai suformuota s\u0117dyn\u0117 su patogiu atlo\u0161u u\u017etikrina komfort\u0105, o atviras dizainas suteikia lengvumo.<br \/>\nK\u0117d\u0117 turi auk\u0161\u010dio reguliavimo mechanizm\u0105, tod\u0117l j\u0105 galima pritaikyti prie \u012fvairi\u0173 stalvir\u0161i\u0173 ir virtuv\u0117s sal\u0173. Papildomas privalumas \u2013 360\u00b0 kampu pasukamas pagrindas, leid\u017eiantis lengvai jud\u0117ti. Stabili metalin\u0117 koja su pla\u010diu pagrindu u\u017etikrina saugum\u0105 ir patvarum\u0105, o \u012fmontuota pakoja padidina s\u0117d\u0117jimo komfort\u0105.<br \/>\nTai puikus elegancijos ir FUNKCIONALUMO derinys, idealiai tinkantis tiek namams, tiek komercin\u0117ms erdv\u0117ms.<\/p>","protected":false},"excerpt":{"rendered":"<p>MED\u017dIAGOS Preston audinys \/ milteliniu b\u016bdu da\u017eytas plienas, FUNKCIJA 360\u00b0 pasukamas pagrindas Reguliuojama s\u0117dyn\u0117, AUK\u0160TIS, STILIUS Modernus \/ Loftas, KITA Gaminys skirtas savaranki\u0161kam surinkimui su pateiktomis instrukcijomis MAKSIMALI APKROVA 110 kg<\/p>","protected":false},"featured_media":170889,"comment_status":"open","ping_status":"open","template":"","meta":[],"product_brand":[],"product_cat":[9519,1930,4109],"product_tag":[],"class_list":{"0":"post-170888","1":"product","2":"type-product","3":"status-publish","4":"has-post-thumbnail","6":"product_cat-armchairs-and-stools-mazzoni","7":"product_cat-chairs","8":"product_cat-mazzoni","10":"first","11":"instock","12":"purchasable","13":"product-type-simple"},"_links":{"self":[{"href":"https:\/\/baldumarket.lt\/lt\/wp-json\/wp\/v2\/product\/170888","targetHints":{"allow":["GET"]}}],"collection":[{"href":"https:\/\/baldumarket.lt\/lt\/wp-json\/wp\/v2\/product"}],"about":[{"href":"https:\/\/baldumarket.lt\/lt\/wp-json\/wp\/v2\/types\/product"}],"replies":[{"embeddable":true,"href":"https:\/\/baldumarket.lt\/lt\/wp-json\/wp\/v2\/comments?post=170888"}],"wp:featuredmedia":[{"embeddable":true,"href":"https:\/\/baldumarket.lt\/lt\/wp-json\/wp\/v2\/media\/170889"}],"wp:attachment":[{"href":"https:\/\/baldumarket.lt\/lt\/wp-json\/wp\/v2\/media?parent=170888"}],"wp:term":[{"taxonomy":"product_brand","embeddable":true,"href":"https:\/\/baldumarket.lt\/lt\/wp-json\/wp\/v2\/product_brand?post=170888"},{"taxonomy":"product_cat","embeddable":true,"href":"https:\/\/baldumarket.lt\/lt\/wp-json\/wp\/v2\/product_cat?post=170888"},{"taxonomy":"product_tag","embeddable":true,"href":"https:\/\/baldumarket.lt\/lt\/wp-json\/wp\/v2\/product_tag?post=170888"}],"curies":[{"name":"wp","href":"https:\/\/api.w.org\/{rel}","templated":true}]}}