{"id":170872,"date":"2025-12-19T21:46:10","date_gmt":"2025-12-19T18:46:10","guid":{"rendered":"https:\/\/baldumarket.lt\/product\/ida-bezowy-tkanina-basel-24-noga-czarna-hoker-krzeslo-barowe-obrotowe-tapicerowane-do-kuchni-salonu-restauracji\/"},"modified":"2026-02-11T11:46:44","modified_gmt":"2026-02-11T08:46:44","slug":"ida-bezowy-tkanina-basel-24-noga-czarna-hoker-krzeslo-barowe-obrotowe-tapicerowane-do-kuchni-salonu-restauracji","status":"publish","type":"product","link":"https:\/\/baldumarket.lt\/lt\/product\/ida-bezowy-tkanina-basel-24-noga-czarna-hoker-krzeslo-barowe-obrotowe-tapicerowane-do-kuchni-salonu-restauracji\/","title":{"rendered":"IDA Beige (Basel 24 audinys) \/ juoda koja \u2013 Apmu\u0161tas besisukantis baro kr\u0117slas virtuvei, svetainei, restoranui"},"content":{"rendered":"<p>IDA taburet\u0117 \u2013 eleganti\u0161kas ir modernus baldas, puikiai papildantis lofto, industrin\u012f ir modern\u0173 interjerus. Ergonomi\u0161ka s\u0117dyn\u0117 su subtiliomis si\u016bl\u0117mis u\u017etikrina patog\u0173 naudojim\u0105, o \u0161iek tiek i\u0161lenktas atlo\u0161as palaiko stubur\u0105, padidindamas s\u0117d\u0117jimo komfort\u0105. Stabilus, milteliniu b\u016bdu da\u017eytas metalinis pagrindas garantuoja patvarum\u0105 ir atsparum\u0105 pa\u017eeidimams.<br \/>\nK\u0117d\u0117 turi auk\u0161\u010dio reguliavimo mechanizm\u0105, leid\u017eiant\u012f j\u0105 pritaikyti prie \u012fvairi\u0173 stalvir\u0161i\u0173 ir virtuv\u0117s sal\u0173 auk\u0161\u010di\u0173. Ji taip pat gali suktis 360\u00b0 kampu. Be to, prakti\u0161ka pakoja suteikia patogi\u0105 koj\u0173 atram\u0105 ir padidina komfort\u0105.<br \/>\nDerindama FUNKCIONALUM\u0104 ir estetin\u012f patrauklum\u0105, IDA taburet\u0117 yra idealus pasirinkimas virtuv\u0117ms, svetain\u0117ms ir tokioms erdv\u0117ms kaip barai ir restoranai.<\/p>","protected":false},"excerpt":{"rendered":"<p>MED\u017dIAGOS \u201eBasel\u201c audinys \/ milteliniu b\u016bdu da\u017eytas plienas, FUNKCIJA 360\u00b0 pasukamas pagrindas Reguliuojama s\u0117dyn\u0117, AUK\u0160TIS, STILIUS Modernus \/ Loftas, KITA Gaminys skirtas savaranki\u0161kam surinkimui su pateiktomis instrukcijomis MAKSIMALI APKROVA 110 kg<\/p>","protected":false},"featured_media":170873,"comment_status":"open","ping_status":"open","template":"","meta":[],"product_brand":[],"product_cat":[9519,1930,4109],"product_tag":[],"class_list":{"0":"post-170872","1":"product","2":"type-product","3":"status-publish","4":"has-post-thumbnail","6":"product_cat-armchairs-and-stools-mazzoni","7":"product_cat-chairs","8":"product_cat-mazzoni","10":"first","11":"instock","12":"purchasable","13":"product-type-simple"},"_links":{"self":[{"href":"https:\/\/baldumarket.lt\/lt\/wp-json\/wp\/v2\/product\/170872","targetHints":{"allow":["GET"]}}],"collection":[{"href":"https:\/\/baldumarket.lt\/lt\/wp-json\/wp\/v2\/product"}],"about":[{"href":"https:\/\/baldumarket.lt\/lt\/wp-json\/wp\/v2\/types\/product"}],"replies":[{"embeddable":true,"href":"https:\/\/baldumarket.lt\/lt\/wp-json\/wp\/v2\/comments?post=170872"}],"wp:featuredmedia":[{"embeddable":true,"href":"https:\/\/baldumarket.lt\/lt\/wp-json\/wp\/v2\/media\/170873"}],"wp:attachment":[{"href":"https:\/\/baldumarket.lt\/lt\/wp-json\/wp\/v2\/media?parent=170872"}],"wp:term":[{"taxonomy":"product_brand","embeddable":true,"href":"https:\/\/baldumarket.lt\/lt\/wp-json\/wp\/v2\/product_brand?post=170872"},{"taxonomy":"product_cat","embeddable":true,"href":"https:\/\/baldumarket.lt\/lt\/wp-json\/wp\/v2\/product_cat?post=170872"},{"taxonomy":"product_tag","embeddable":true,"href":"https:\/\/baldumarket.lt\/lt\/wp-json\/wp\/v2\/product_tag?post=170872"}],"curies":[{"name":"wp","href":"https:\/\/api.w.org\/{rel}","templated":true}]}}