{"id":170856,"date":"2025-12-19T21:45:51","date_gmt":"2025-12-19T18:45:51","guid":{"rendered":"https:\/\/baldumarket.lt\/product\/elena-bez-latte-tkanina-monza-60-noga-czarna-hoker-krzeslo-barowe-obrotowe-tapicerowane-boucle-do-kuchni-salonu-restauracji\/"},"modified":"2026-02-11T10:47:47","modified_gmt":"2026-02-11T07:47:47","slug":"elena-bez-latte-tkanina-monza-60-noga-czarna-hoker-krzeslo-barowe-obrotowe-tapicerowane-boucle-do-kuchni-salonu-restauracji","status":"publish","type":"product","link":"https:\/\/baldumarket.lt\/lt\/product\/elena-bez-latte-tkanina-monza-60-noga-czarna-hoker-krzeslo-barowe-obrotowe-tapicerowane-boucle-do-kuchni-salonu-restauracji\/","title":{"rendered":"ELENA Beige Latte (Monza 60 audinys) \/ juoda koja &#8211; SUKAMA BARO K\u0116D\u0116 APMU\u0160TA VIRTUVEI, SVETAINEI, RESTORANUI"},"content":{"rendered":"<p>ELENA taburet\u0117 sujungia elegancij\u0105 ir FUNKCIONALUM\u0104, puikiai tinkanti moderniam interjerui. Ergonomi\u0161ka s\u0117dyn\u0117 su porankiais ir subtiliai i\u0161lenktas atlo\u0161as suteikia i\u0161skirtin\u012f komfort\u0105. Apmu\u0161alai, pagaminti i\u0161 patvaraus, lengvai pri\u017ei\u016brimo audinio, u\u017etikrina ilgalaik\u0119 estetik\u0105 ir komfort\u0105.<br \/>\nK\u0117d\u0117 turi auk\u0161\u010dio reguliavimo mechanizm\u0105, tod\u0117l puikiai tinka ant \u012fvairi\u0173 stalvir\u0161i\u0173 ir virtuv\u0117s sal\u0173. Papildomas privalumas \u2013 360\u00b0 kampu pasukama s\u0117dyn\u0117 \u201eFUNCTION\u201c. Tvirta, milteliniu b\u016bdu da\u017eyta plienin\u0117 koja turi prakti\u0161k\u0105 pakoj\u012f, kad b\u016bt\u0173 patogiau.<br \/>\nELENA modelis yra stilingas pasirinkimas virtuv\u0117ms, valgomiesiems ir tokioms erdv\u0117ms kaip barai ir restoranai.<\/p>","protected":false},"excerpt":{"rendered":"<p>MED\u017dIAGOS \u201eMonza\u201c audinys \/ milteliniu b\u016bdu da\u017eytas plienas, FUNKCIJA 360\u00b0 pasukamas pagrindas Reguliuojama s\u0117dyn\u0117, AUK\u0160TIS, STILIUS Modernus \/ Loftas, KITA Gaminys skirtas savaranki\u0161kam surinkimui su pateiktomis instrukcijomis MAKSIMALI APKROVA 110 kg<\/p>","protected":false},"featured_media":170857,"comment_status":"open","ping_status":"open","template":"","meta":[],"product_brand":[],"product_cat":[9519,1930,4109],"product_tag":[],"class_list":{"0":"post-170856","1":"product","2":"type-product","3":"status-publish","4":"has-post-thumbnail","6":"product_cat-armchairs-and-stools-mazzoni","7":"product_cat-chairs","8":"product_cat-mazzoni","10":"first","11":"instock","12":"purchasable","13":"product-type-simple"},"_links":{"self":[{"href":"https:\/\/baldumarket.lt\/lt\/wp-json\/wp\/v2\/product\/170856","targetHints":{"allow":["GET"]}}],"collection":[{"href":"https:\/\/baldumarket.lt\/lt\/wp-json\/wp\/v2\/product"}],"about":[{"href":"https:\/\/baldumarket.lt\/lt\/wp-json\/wp\/v2\/types\/product"}],"replies":[{"embeddable":true,"href":"https:\/\/baldumarket.lt\/lt\/wp-json\/wp\/v2\/comments?post=170856"}],"wp:featuredmedia":[{"embeddable":true,"href":"https:\/\/baldumarket.lt\/lt\/wp-json\/wp\/v2\/media\/170857"}],"wp:attachment":[{"href":"https:\/\/baldumarket.lt\/lt\/wp-json\/wp\/v2\/media?parent=170856"}],"wp:term":[{"taxonomy":"product_brand","embeddable":true,"href":"https:\/\/baldumarket.lt\/lt\/wp-json\/wp\/v2\/product_brand?post=170856"},{"taxonomy":"product_cat","embeddable":true,"href":"https:\/\/baldumarket.lt\/lt\/wp-json\/wp\/v2\/product_cat?post=170856"},{"taxonomy":"product_tag","embeddable":true,"href":"https:\/\/baldumarket.lt\/lt\/wp-json\/wp\/v2\/product_tag?post=170856"}],"curies":[{"name":"wp","href":"https:\/\/api.w.org\/{rel}","templated":true}]}}