{"id":170848,"date":"2025-12-19T21:45:42","date_gmt":"2025-12-19T18:45:42","guid":{"rendered":"https:\/\/baldumarket.lt\/product\/clara-bezowy-tkanina-basel-24-stelaz-bezowy-hoker-krzeslo-barowe-tapicerowane-do-kuchni-salonu-restauracji\/"},"modified":"2026-02-10T10:30:18","modified_gmt":"2026-02-10T07:30:18","slug":"clara-bezowy-tkanina-basel-24-stelaz-bezowy-hoker-krzeslo-barowe-tapicerowane-do-kuchni-salonu-restauracji","status":"publish","type":"product","link":"https:\/\/baldumarket.lt\/lt\/product\/clara-bezowy-tkanina-basel-24-stelaz-bezowy-hoker-krzeslo-barowe-tapicerowane-do-kuchni-salonu-restauracji\/","title":{"rendered":"CLARA Beige (Basel 24 audinys) \/ sm\u0117lio spalvos r\u0117mas &#8211; APMU\u0160TAS BARO K\u0116D\u0116 VIRTUVEI, SVETAINEI, RESTORANUI"},"content":{"rendered":"<p>CLARA taburet\u0117 sujungia elegancij\u0105, komfort\u0105 ir modern\u0173 dizain\u0105. Ergonomi\u0161ka atlo\u0161o forma ir mink\u0161ta s\u0117dyn\u0117 u\u017etikrina komfort\u0105 net ir ilgai naudojant. Apmu\u0161alai, pagaminti i\u0161 itin patvaraus, lengvai pri\u017ei\u016brimo audinio, garantuoja ilgaam\u017ei\u0161kum\u0105 ir ilgalaik\u0119 estetik\u0105.<br \/>\nPlonos, milteliniu b\u016bdu da\u017eytos plienin\u0117s kojel\u0117s u\u017etikrina stabilum\u0105 ir ilgaam\u017ei\u0161kum\u0105, o subtili j\u0173 forma suteikia k\u0117dei lengvumo.<br \/>\nCLARA puikiai tinka virtuv\u0117ms\/valgomiesiems, svetain\u0117ms ir restoranams, harmoningai dera prie \u012fvairi\u0173 interjero dizain\u0173.<\/p>","protected":false},"excerpt":{"rendered":"<p>MED\u017dIAGOS Basel audinys \/ milteliniu b\u016bdu da\u017eytas plienas, STILIUS Modernus \/ Loftas, KITA Gaminys skirtas savaranki\u0161kam surinkimui su pateiktomis instrukcijomis MAKSIMALI APKROVA 110 kg<\/p>","protected":false},"featured_media":170849,"comment_status":"open","ping_status":"open","template":"","meta":[],"product_brand":[],"product_cat":[9519,1930,4109],"product_tag":[],"class_list":{"0":"post-170848","1":"product","2":"type-product","3":"status-publish","4":"has-post-thumbnail","6":"product_cat-armchairs-and-stools-mazzoni","7":"product_cat-chairs","8":"product_cat-mazzoni","10":"first","11":"instock","12":"purchasable","13":"product-type-simple"},"_links":{"self":[{"href":"https:\/\/baldumarket.lt\/lt\/wp-json\/wp\/v2\/product\/170848","targetHints":{"allow":["GET"]}}],"collection":[{"href":"https:\/\/baldumarket.lt\/lt\/wp-json\/wp\/v2\/product"}],"about":[{"href":"https:\/\/baldumarket.lt\/lt\/wp-json\/wp\/v2\/types\/product"}],"replies":[{"embeddable":true,"href":"https:\/\/baldumarket.lt\/lt\/wp-json\/wp\/v2\/comments?post=170848"}],"wp:featuredmedia":[{"embeddable":true,"href":"https:\/\/baldumarket.lt\/lt\/wp-json\/wp\/v2\/media\/170849"}],"wp:attachment":[{"href":"https:\/\/baldumarket.lt\/lt\/wp-json\/wp\/v2\/media?parent=170848"}],"wp:term":[{"taxonomy":"product_brand","embeddable":true,"href":"https:\/\/baldumarket.lt\/lt\/wp-json\/wp\/v2\/product_brand?post=170848"},{"taxonomy":"product_cat","embeddable":true,"href":"https:\/\/baldumarket.lt\/lt\/wp-json\/wp\/v2\/product_cat?post=170848"},{"taxonomy":"product_tag","embeddable":true,"href":"https:\/\/baldumarket.lt\/lt\/wp-json\/wp\/v2\/product_tag?post=170848"}],"curies":[{"name":"wp","href":"https:\/\/api.w.org\/{rel}","templated":true}]}}