{"id":170840,"date":"2025-12-19T21:45:33","date_gmt":"2025-12-19T18:45:33","guid":{"rendered":"https:\/\/baldumarket.lt\/product\/vera-jasnoszare-taupe-tkanina-basel-34-nowoczesne-krzeslo-kubelkowe-tapicerowane-do-salonu-jadalni-loft\/"},"modified":"2026-02-11T12:59:58","modified_gmt":"2026-02-11T09:59:58","slug":"vera-jasnoszare-taupe-tkanina-basel-34-nowoczesne-krzeslo-kubelkowe-tapicerowane-do-salonu-jadalni-loft","status":"publish","type":"product","link":"https:\/\/baldumarket.lt\/lt\/product\/vera-jasnoszare-taupe-tkanina-basel-34-nowoczesne-krzeslo-kubelkowe-tapicerowane-do-salonu-jadalni-loft\/","title":{"rendered":"VERA \u0161viesiai pilka rusvai gelsva (Basel 34 audinys) \u2013 MODERNI APMU\u0160TA K\u0116D\u0116 SVETAINEI\/VALGOMAJAM PAL\u0116PEI"},"content":{"rendered":"<p>VERA k\u0117d\u0117 \u2013 tai eleganti\u0161kas baldas, pasi\u017eymintis patogia kibiro forma, u\u017etikrinan\u010dia optimali\u0105 atram\u0105 nugarai ir rankoms. Ergonomi\u0161ki porankiai garantuoja auk\u0161t\u0105 s\u0117d\u0117jimo komfort\u0105 tiek ilgesni\u0173 susitikim\u0173, tiek kasdienio naudojimo metu.<br \/>\nI\u0161 itin patvaraus, lengvai pri\u017ei\u016brimo audinio pagaminti apmu\u0161alai derina estetik\u0105 ir FUNKCIONALUM\u0104, o lieknos, bet tvirtos, milteliniu b\u016bdu da\u017eytos plienin\u0117s kojel\u0117s u\u017etikrina stabilum\u0105 ir ilgaam\u017ei\u0161kum\u0105.<br \/>\nD\u0117l modernaus dizaino ir patogumo derinio VERA k\u0117d\u0117 puikiai tinka tiek namams, tiek biurui.<\/p>","protected":false},"excerpt":{"rendered":"<p>MED\u017dIAGOS Basel audinys \/ milteliniu b\u016bdu da\u017eytas plienas, STILIUS Modernus \/ Loftas, KITA Gaminys skirtas savaranki\u0161kam surinkimui su pateiktomis instrukcijomis MAKSIMALI APKROVA 110 kg<\/p>","protected":false},"featured_media":170841,"comment_status":"open","ping_status":"open","template":"","meta":[],"product_brand":[],"product_cat":[9519,1930,4109],"product_tag":[],"class_list":{"0":"post-170840","1":"product","2":"type-product","3":"status-publish","4":"has-post-thumbnail","6":"product_cat-armchairs-and-stools-mazzoni","7":"product_cat-chairs","8":"product_cat-mazzoni","10":"first","11":"instock","12":"purchasable","13":"product-type-simple"},"_links":{"self":[{"href":"https:\/\/baldumarket.lt\/lt\/wp-json\/wp\/v2\/product\/170840","targetHints":{"allow":["GET"]}}],"collection":[{"href":"https:\/\/baldumarket.lt\/lt\/wp-json\/wp\/v2\/product"}],"about":[{"href":"https:\/\/baldumarket.lt\/lt\/wp-json\/wp\/v2\/types\/product"}],"replies":[{"embeddable":true,"href":"https:\/\/baldumarket.lt\/lt\/wp-json\/wp\/v2\/comments?post=170840"}],"wp:featuredmedia":[{"embeddable":true,"href":"https:\/\/baldumarket.lt\/lt\/wp-json\/wp\/v2\/media\/170841"}],"wp:attachment":[{"href":"https:\/\/baldumarket.lt\/lt\/wp-json\/wp\/v2\/media?parent=170840"}],"wp:term":[{"taxonomy":"product_brand","embeddable":true,"href":"https:\/\/baldumarket.lt\/lt\/wp-json\/wp\/v2\/product_brand?post=170840"},{"taxonomy":"product_cat","embeddable":true,"href":"https:\/\/baldumarket.lt\/lt\/wp-json\/wp\/v2\/product_cat?post=170840"},{"taxonomy":"product_tag","embeddable":true,"href":"https:\/\/baldumarket.lt\/lt\/wp-json\/wp\/v2\/product_tag?post=170840"}],"curies":[{"name":"wp","href":"https:\/\/api.w.org\/{rel}","templated":true}]}}