{"id":170824,"date":"2025-12-19T21:45:14","date_gmt":"2025-12-19T18:45:14","guid":{"rendered":"https:\/\/baldumarket.lt\/product\/nela-bez-latte-tkanina-monza-60-nogi-bezowe-nowoczesne-krzeslo-obrotowe-tapicerowane-boucle-do-kuchni-salonu-boho\/"},"modified":"2026-02-11T12:06:18","modified_gmt":"2026-02-11T09:06:18","slug":"nela-bez-latte-tkanina-monza-60-nogi-bezowe-nowoczesne-krzeslo-obrotowe-tapicerowane-boucle-do-kuchni-salonu-boho","status":"publish","type":"product","link":"https:\/\/baldumarket.lt\/lt\/product\/nela-bez-latte-tkanina-monza-60-nogi-bezowe-nowoczesne-krzeslo-obrotowe-tapicerowane-boucle-do-kuchni-salonu-boho\/","title":{"rendered":"NELA Latte Beige (Monza 60 audinys) \/ sm\u0117lio spalvos kojel\u0117s &#8211; MODERNI SUKAMA K\u0116D\u0116, APMU\u0160TA BUKLE APMU\u0160TU, BOHO VIRTUVEI \/ SVETAINEI"},"content":{"rendered":"<p>NELA sukamoji k\u0117d\u0117 apjungia komfort\u0105, FUNKCIONALUM\u0104 ir modern\u0173 dizain\u0105. Jos apvali s\u0117dyn\u0117 ir atlo\u0161as yra ergonomi\u0161kai suprojektuoti, u\u017etikrinantys patogi\u0105 nugaros atram\u0105 ir didel\u012f komfort\u0105. Apmu\u0161alai pagaminti i\u0161 itin patvaraus ir lengvai pri\u017ei\u016brimo audinio, atsparaus trin\u010diai ir d\u0117m\u0117ms, u\u017etikrinan\u010dio ilgalaik\u012f naudojim\u0105.<br \/>\nK\u0117d\u0117 pasi\u017eymi 360\u00b0 pasukimo konstrukcija, kuri leid\u017eia lengvai jud\u0117ti ir padidina FUNKCIONALUM\u0104.<br \/>\nStabilum\u0105 u\u017etikrina tvirta, keturi\u0173 atram\u0173 koja, pagaminta i\u0161 milteliniu b\u016bdu da\u017eyto plieno, o apsaugin\u0117s plastikin\u0117s kojel\u0117s apsaugo grindis nuo subrai\u017eymo, tod\u0117l NELA modelis idealiai tinka \u012fvairiems interjerams. Tai eleganti\u0161kas ir prakti\u0161kas pasirinkimas valgomiesiems, svetain\u0117ms ar biurams.<br \/>\n_______<br \/>\nUgniai atsparus audinys (FR) \u2013 d\u0117l specialaus apdorojimo \u0161io gaminio audinys yra atsparus auk\u0161tai temperat\u016brai ir gaisro atveju d\u0117l ilgesnio degimo laiko apribos ugnies plitim\u0105.<\/p>","protected":false},"excerpt":{"rendered":"<p>MED\u017dIAGOS Monza audinys \/ milteliniu b\u016bdu da\u017eytas plienas, FUNKCIJA 360\u00b0 pasukamas pagrindas, STILIUS Modernus \/ Bohemi\u0161kas, KITA Gaminys skirtas savaranki\u0161kam surinkimui su pateiktomis instrukcijomis MAKSIMALI APKROVA 110 kg<\/p>","protected":false},"featured_media":170825,"comment_status":"open","ping_status":"open","template":"","meta":[],"product_brand":[],"product_cat":[9519,1930,4109],"product_tag":[],"class_list":{"0":"post-170824","1":"product","2":"type-product","3":"status-publish","4":"has-post-thumbnail","6":"product_cat-armchairs-and-stools-mazzoni","7":"product_cat-chairs","8":"product_cat-mazzoni","10":"first","11":"instock","12":"purchasable","13":"product-type-simple"},"_links":{"self":[{"href":"https:\/\/baldumarket.lt\/lt\/wp-json\/wp\/v2\/product\/170824","targetHints":{"allow":["GET"]}}],"collection":[{"href":"https:\/\/baldumarket.lt\/lt\/wp-json\/wp\/v2\/product"}],"about":[{"href":"https:\/\/baldumarket.lt\/lt\/wp-json\/wp\/v2\/types\/product"}],"replies":[{"embeddable":true,"href":"https:\/\/baldumarket.lt\/lt\/wp-json\/wp\/v2\/comments?post=170824"}],"wp:featuredmedia":[{"embeddable":true,"href":"https:\/\/baldumarket.lt\/lt\/wp-json\/wp\/v2\/media\/170825"}],"wp:attachment":[{"href":"https:\/\/baldumarket.lt\/lt\/wp-json\/wp\/v2\/media?parent=170824"}],"wp:term":[{"taxonomy":"product_brand","embeddable":true,"href":"https:\/\/baldumarket.lt\/lt\/wp-json\/wp\/v2\/product_brand?post=170824"},{"taxonomy":"product_cat","embeddable":true,"href":"https:\/\/baldumarket.lt\/lt\/wp-json\/wp\/v2\/product_cat?post=170824"},{"taxonomy":"product_tag","embeddable":true,"href":"https:\/\/baldumarket.lt\/lt\/wp-json\/wp\/v2\/product_tag?post=170824"}],"curies":[{"name":"wp","href":"https:\/\/api.w.org\/{rel}","templated":true}]}}