{"id":170776,"date":"2025-12-19T21:44:14","date_gmt":"2025-12-19T18:44:14","guid":{"rendered":"https:\/\/baldumarket.lt\/product\/altea-kremowe-tkanina-monza-90-nogi-dab-naturalny-nowoczesne-krzeslo-tapicerowane-boucle-do-salonu-jadalni-kuchni\/"},"modified":"2026-02-10T10:45:05","modified_gmt":"2026-02-10T07:45:05","slug":"altea-kremowe-tkanina-monza-90-nogi-dab-naturalny-nowoczesne-krzeslo-tapicerowane-boucle-do-salonu-jadalni-kuchni","status":"publish","type":"product","link":"https:\/\/baldumarket.lt\/lt\/product\/altea-kremowe-tkanina-monza-90-nogi-dab-naturalny-nowoczesne-krzeslo-tapicerowane-boucle-do-salonu-jadalni-kuchni\/","title":{"rendered":"ALTEA kremin\u0117s spalvos (Monza 90 audinys) \/ nat\u016bralaus \u0105\u017euolo kojel\u0117s \u2013 MODERNI BUKL\u0116 APMU\u0160TA K\u0116D\u0116 SVETAINEI, VALGOMAJAM, VIRTUVEI"},"content":{"rendered":"<p>Eleganti\u0161ka ir patogi k\u0117d\u0117, kuri puikiai papildys modern\u0173 ar skandinavi\u0161ko stiliaus interjer\u0105. Paprastas, bet stilingas dizainas i\u0161siskirs bet kuriame kambaryje, o \u0105\u017euolin\u0117s kojel\u0117s suteiks jai lengvumo ir mados \u012fsp\u016bd\u012f.<br \/>\nK\u0117d\u0117 pagaminta kruop\u0161\u010diai, kruop\u0161\u010diai apgalvojant smulkiausias detales, u\u017etikrinant puiki\u0105 kokyb\u0119 ir ilgaam\u017ei\u0161kum\u0105. Ji taip pat lengvai pri\u017ei\u016brima ir atspari d\u0117m\u0117ms.<br \/>\nD\u0117l savo universalumo \u0161i k\u0117d\u0117 tiks daugelyje kambari\u0173, toki\u0173 kaip svetain\u0117, valgomasis, virtuv\u0117 ar biuras. Ji si\u016blo ne tik puik\u0173 s\u0117d\u0117jimo komfort\u0105, bet ir stiling\u0105 bei modern\u0173 dizain\u0105, kuris pary\u0161kins bet kokio interjero individual\u0173 charakter\u012f.<\/p>","protected":false},"excerpt":{"rendered":"<p>MED\u017dIAGOS Audinys \u201eMonza\u201c \/ \u0105\u017euolo mediena \/ milteliniu b\u016bdu da\u017eytas plienas, STILIUS Modernus \/ Skandinavi\u0161kas \/ Klasikinis, KITA Gaminys skirtas savaranki\u0161kam surinkimui su pateiktomis instrukcijomis MAKSIMALI APKROVA 110 kg<\/p>","protected":false},"featured_media":170777,"comment_status":"open","ping_status":"open","template":"","meta":[],"product_brand":[],"product_cat":[9519,1930,4109],"product_tag":[],"class_list":{"0":"post-170776","1":"product","2":"type-product","3":"status-publish","4":"has-post-thumbnail","6":"product_cat-armchairs-and-stools-mazzoni","7":"product_cat-chairs","8":"product_cat-mazzoni","10":"first","11":"instock","12":"purchasable","13":"product-type-simple"},"_links":{"self":[{"href":"https:\/\/baldumarket.lt\/lt\/wp-json\/wp\/v2\/product\/170776","targetHints":{"allow":["GET"]}}],"collection":[{"href":"https:\/\/baldumarket.lt\/lt\/wp-json\/wp\/v2\/product"}],"about":[{"href":"https:\/\/baldumarket.lt\/lt\/wp-json\/wp\/v2\/types\/product"}],"replies":[{"embeddable":true,"href":"https:\/\/baldumarket.lt\/lt\/wp-json\/wp\/v2\/comments?post=170776"}],"wp:featuredmedia":[{"embeddable":true,"href":"https:\/\/baldumarket.lt\/lt\/wp-json\/wp\/v2\/media\/170777"}],"wp:attachment":[{"href":"https:\/\/baldumarket.lt\/lt\/wp-json\/wp\/v2\/media?parent=170776"}],"wp:term":[{"taxonomy":"product_brand","embeddable":true,"href":"https:\/\/baldumarket.lt\/lt\/wp-json\/wp\/v2\/product_brand?post=170776"},{"taxonomy":"product_cat","embeddable":true,"href":"https:\/\/baldumarket.lt\/lt\/wp-json\/wp\/v2\/product_cat?post=170776"},{"taxonomy":"product_tag","embeddable":true,"href":"https:\/\/baldumarket.lt\/lt\/wp-json\/wp\/v2\/product_tag?post=170776"}],"curies":[{"name":"wp","href":"https:\/\/api.w.org\/{rel}","templated":true}]}}