{"id":170768,"date":"2025-12-19T21:44:05","date_gmt":"2025-12-19T18:44:05","guid":{"rendered":"https:\/\/baldumarket.lt\/product\/zestaw-stol-aldo-dab-artisan-nogi-bezowe-okragly-rozkladany-i-4-krzesla-altea-bezowe-nogi-dab-naturalny-tapicerowane\/"},"modified":"2026-04-12T17:00:33","modified_gmt":"2026-04-12T14:00:33","slug":"zestaw-stol-aldo-dab-artisan-nogi-bezowe-okragly-rozkladany-i-4-krzesla-altea-bezowe-nogi-dab-naturalny-tapicerowane","status":"publish","type":"product","link":"https:\/\/baldumarket.lt\/lt\/product\/zestaw-stol-aldo-dab-artisan-nogi-bezowe-okragly-rozkladany-i-4-krzesla-altea-bezowe-nogi-dab-naturalny-tapicerowane\/","title":{"rendered":"KOMPLEKTAS: ALDO Artisan \u0105\u017euolinis stalas su sm\u0117lio spalvos kojomis \u2013 apvalus, i\u0161traukiamas, ir 4 ALTEA sm\u0117lio spalvos k\u0117d\u0117s su nat\u016bralaus \u0105\u017euolo kojomis \u2013 apmu\u0161tos"},"content":{"rendered":"<p>ADLO lentel\u0117<br \/>\nModernus ir FUNKCIONALUS baldas, puikiai derinantis estetik\u0105 ir prakti\u0161kum\u0105.<br \/>\nTvirta konstrukcija paremta stabiliomis, i\u0161 milteliniu b\u016bdu da\u017eyto plieno pagamintomis kojel\u0117mis, u\u017etikrinan\u010diomis patvarum\u0105 ir modern\u0173 charakter\u012f. Apvalus stalvir\u0161is u\u017etikrina komfort\u0105 ir skatina bendravim\u0105 bendr\u0173 valgi\u0173 metu, o \u012fmontuoto prailginimo mechanizmo d\u0117ka stal\u0105 galima lengvai i\u0161pl\u0117sti, kad tilpt\u0173 daugiau \u017emoni\u0173.<br \/>\nALDO \u2013 puikus sprendimas tiek kasdieniams susib\u016brimams, tiek ypatingoms progoms.<br \/>\n_______<br \/>\nStalas pagamintas i\u0161 matin\u0117s med\u017eio dro\u017eli\u0173 plok\u0161t\u0117s, laminuotos i\u0161 abiej\u0173 pusi\u0173, 28 mm storio (stalvir\u0161is + \u012fd\u0117klas) ir 18 mm storio (u\u017edangalai po stalvir\u0161iu), ir apdailintas 1 mm ABS briaunomis.<br \/>\nPapildoma ypatyb\u0117 \u2013 juodos spalvos milteliniu b\u016bdu da\u017eytos metalin\u0117s stalo kojos (koj\u0173 skerspj\u016bvis: 3 x 6 cm).<br \/>\nPrailginimo \u012fd\u0117klas laikomas atskirai (jo negalima laikyti po stalvir\u0161iu).<br \/>\nPakuot\u0117s matmenys ir svoris:<br \/>\n1. 106 x 62 x 9 cm (29 kg)<br \/>\n2. 80,5 x 56 x 24 cm (12,6 kg)<br \/>\nALTEA k\u0117d\u0117s<br \/>\nEleganti\u0161kos ir patogios k\u0117d\u0117s, kurios puikiai papildys modern\u0173 ar skandinavi\u0161ko stiliaus interjer\u0105. J\u0173 paprastas, ta\u010diau stilingas dizainas i\u0161siskirs bet kuriame kambaryje, o kau\u010diukmed\u017eio kojel\u0117s suteiks joms lengvumo ir mados \u012fsp\u016bd\u012f.<br \/>\nK\u0117d\u0117s pagamintos kruop\u0161\u010diai, kruop\u0161\u010diai apgalvojant smulkiausias detales, u\u017etikrinant puiki\u0105 kokyb\u0119 ir ilgaam\u017ei\u0161kum\u0105. Jas taip pat lengva pri\u017ei\u016br\u0117ti ir jos atsparios d\u0117m\u0117ms.<br \/>\nD\u0117l savo universalumo \u0161ios k\u0117d\u0117s tiks daugelyje kambari\u0173, pavyzd\u017eiui, svetain\u0117je, valgomajame, virtuv\u0117je ar biure. Jos si\u016blo ne tik puik\u0173 s\u0117d\u0117jimo komfort\u0105, bet ir stiling\u0105 bei modern\u0173 dizain\u0105, kuris pary\u0161kins bet kokio interjero individual\u0173 charakter\u012f.<\/p>","protected":false},"excerpt":{"rendered":"<p>PLOTIS 90 cm, GYLIS 90 cm, AUK\u0160TIS 77,5 cm \u012eD\u0116KL\u0172 KIEKIS 1 vnt. x 55 cm (sand\u0117liuojami atskirai) VIR\u0160AUS FORMA Apvali, FUNKCIJA I\u0161traukiamas stalvir\u0161is, PAVIR\u0160IUS Matinis, STILIUS Loft \/ Industrial, SVORIS SU PAKUOTE 41,6 kg | 52,2 kg<\/p>","protected":false},"featured_media":170769,"comment_status":"open","ping_status":"open","template":"","meta":[],"product_brand":[],"product_cat":[9519,4109,9121],"product_tag":[],"class_list":{"0":"post-170768","1":"product","2":"type-product","3":"status-publish","4":"has-post-thumbnail","6":"product_cat-armchairs-and-stools-mazzoni","7":"product_cat-mazzoni","8":"product_cat-table-sets","10":"first","11":"instock","12":"purchasable","13":"product-type-simple"},"_links":{"self":[{"href":"https:\/\/baldumarket.lt\/lt\/wp-json\/wp\/v2\/product\/170768","targetHints":{"allow":["GET"]}}],"collection":[{"href":"https:\/\/baldumarket.lt\/lt\/wp-json\/wp\/v2\/product"}],"about":[{"href":"https:\/\/baldumarket.lt\/lt\/wp-json\/wp\/v2\/types\/product"}],"replies":[{"embeddable":true,"href":"https:\/\/baldumarket.lt\/lt\/wp-json\/wp\/v2\/comments?post=170768"}],"wp:featuredmedia":[{"embeddable":true,"href":"https:\/\/baldumarket.lt\/lt\/wp-json\/wp\/v2\/media\/170769"}],"wp:attachment":[{"href":"https:\/\/baldumarket.lt\/lt\/wp-json\/wp\/v2\/media?parent=170768"}],"wp:term":[{"taxonomy":"product_brand","embeddable":true,"href":"https:\/\/baldumarket.lt\/lt\/wp-json\/wp\/v2\/product_brand?post=170768"},{"taxonomy":"product_cat","embeddable":true,"href":"https:\/\/baldumarket.lt\/lt\/wp-json\/wp\/v2\/product_cat?post=170768"},{"taxonomy":"product_tag","embeddable":true,"href":"https:\/\/baldumarket.lt\/lt\/wp-json\/wp\/v2\/product_tag?post=170768"}],"curies":[{"name":"wp","href":"https:\/\/api.w.org\/{rel}","templated":true}]}}