{"id":170736,"date":"2025-12-19T21:43:29","date_gmt":"2025-12-19T18:43:29","guid":{"rendered":"https:\/\/baldumarket.lt\/product\/aldo-dab-brazowy-nogi-czarne-okragly-stol-rozkladany-z-nogami-y-loftowy-industrialny-do-salonu-jadalni\/"},"modified":"2026-02-10T10:38:34","modified_gmt":"2026-02-10T07:38:34","slug":"aldo-dab-brazowy-nogi-czarne-okragly-stol-rozkladany-z-nogami-y-loftowy-industrialny-do-salonu-jadalni","status":"publish","type":"product","link":"https:\/\/baldumarket.lt\/lt\/product\/aldo-dab-brazowy-nogi-czarne-okragly-stol-rozkladany-z-nogami-y-loftowy-industrialny-do-salonu-jadalni\/","title":{"rendered":"ALDO rudo \u0105\u017euolo\/juod\u0173 koj\u0173 apvalus i\u0161traukiamas stalas su Y formos kojomis, LOFT\/INDUSTRIAL, SVETAINEI\/VALGOMAJAM"},"content":{"rendered":"<p>ALDO stalas yra modernus ir FUNKCIONALUS baldas, puikiai derinantis estetik\u0105 ir prakti\u0161kum\u0105.<br \/>\nTvirta konstrukcija paremta stabiliomis, Y formos kojel\u0117mis, pagamintomis i\u0161 milteliniu b\u016bdu da\u017eyto plieno, u\u017etikrinan\u010diomis patvarum\u0105 ir modern\u0173 charakter\u012f. Apvalus stalvir\u0161is u\u017etikrina komfort\u0105 ir skatina bendravim\u0105 bendr\u0173 valgi\u0173 metu, o d\u0117l \u012fmontuoto prailginimo mechanizmo stal\u0105 galima lengvai i\u0161pl\u0117sti, kad tilpt\u0173 daugiau \u017emoni\u0173.<br \/>\nALDO \u2013 puikus sprendimas tiek kasdieniams susib\u016brimams, tiek ypatingoms progoms.<br \/>\n_______<br \/>\n Dydis: 90 cm (+ 1 55 cm \u012fd\u0117klas)<br \/>\nStalas pagamintas i\u0161 matin\u0117s med\u017eio dro\u017eli\u0173 plok\u0161t\u0117s, laminuotos i\u0161 abiej\u0173 pusi\u0173, 28 mm storio (vir\u0161us + \u012fd\u0117klas) ir 18 mm storio (u\u017edanga po stalvir\u0161iu), ir apdailintas 1 mm ABS briaunomis.<br \/>\nPapildomas bruo\u017eas \u2013 juodos spalvos milteliniu b\u016bdu da\u017eytos metalin\u0117s kojel\u0117s (koj\u0173 skerspj\u016bvis: 3 x 6 cm). Prailginimo \u012fd\u0117klas laikomas atskirai (jo negalima laikyti po stalvir\u0161iu).<br \/>\nPakuot\u0117s matmenys ir svoris (90 cm dyd\u017eio):<br \/>\n1. 106 x 62 x 9 cm (29 kg)<br \/>\n2. 80,5 x 56 x 24 cm (12,6 kg)<br \/>\n Dydis 100 cm (+ 2 x 50 cm \u012fd\u0117klai)<br \/>\nStalas pagamintas i\u0161 28 mm storio matin\u0117s med\u017eio dro\u017eli\u0173 plok\u0161t\u0117s, laminuotos i\u0161 abiej\u0173 pusi\u0173 (stalvir\u0161is + \u012fd\u0117klai) ir apklijuotos 1 mm ABS kra\u0161tais.<br \/>\nPapildoma ypatyb\u0117 \u2013 juodos spalvos milteliniu b\u016bdu da\u017eytos metalin\u0117s kojel\u0117s (koj\u0173 skerspj\u016bvis: 3 x 6 cm).<br \/>\nPrailginimo \u012fd\u0117klai laikomi atskirai (j\u0173 negalima laikyti po stalvir\u0161iu).<br \/>\nPakuot\u0117s matmenys ir svoris (100 cm dyd\u017eio):<br \/>\n1. 113 x 69,5 x 7,5 cm (20,2 kg)<br \/>\n2. 113 x 56,5 x 7 cm (19,4 kg)<br \/>\n3. 80,5 x 56 x 24 cm (12,6 kg)<\/p>","protected":false},"excerpt":{"rendered":"<p>PLOTIS 90 cm \/ 145 cm 100 cm \/ 150 cm \/ 200 cm, GYLIS 90 cm 100 cm, AUK\u0160TIS 77,5 cm, \u012eD\u0116KL\u0172 SKAI\u010cIUS 1 vnt. x 55 cm (sand\u0117liuojamos atskirai) 2 vnt. x 50 cm (sand\u0117liuojamos atskirai), STALVIR\u0160IO FORMA Apvali, FUNKCIJA I\u0161traukiamas stalvir\u0161is, PAVIR\u0160IUS Matinis, STILIUS Loft \/ Industrial, SVORIS SU PAKUOTE 41,6 kg | 52,2 kg<\/p>","protected":false},"featured_media":170737,"comment_status":"open","ping_status":"open","template":"","meta":[],"product_brand":[],"product_cat":[9520,4109,1934],"product_tag":[],"class_list":{"0":"post-170736","1":"product","2":"type-product","3":"status-publish","4":"has-post-thumbnail","6":"product_cat-tables-mazzoni","7":"product_cat-mazzoni","8":"product_cat-tables","10":"first","11":"instock","12":"purchasable","13":"product-type-simple"},"_links":{"self":[{"href":"https:\/\/baldumarket.lt\/lt\/wp-json\/wp\/v2\/product\/170736","targetHints":{"allow":["GET"]}}],"collection":[{"href":"https:\/\/baldumarket.lt\/lt\/wp-json\/wp\/v2\/product"}],"about":[{"href":"https:\/\/baldumarket.lt\/lt\/wp-json\/wp\/v2\/types\/product"}],"replies":[{"embeddable":true,"href":"https:\/\/baldumarket.lt\/lt\/wp-json\/wp\/v2\/comments?post=170736"}],"wp:featuredmedia":[{"embeddable":true,"href":"https:\/\/baldumarket.lt\/lt\/wp-json\/wp\/v2\/media\/170737"}],"wp:attachment":[{"href":"https:\/\/baldumarket.lt\/lt\/wp-json\/wp\/v2\/media?parent=170736"}],"wp:term":[{"taxonomy":"product_brand","embeddable":true,"href":"https:\/\/baldumarket.lt\/lt\/wp-json\/wp\/v2\/product_brand?post=170736"},{"taxonomy":"product_cat","embeddable":true,"href":"https:\/\/baldumarket.lt\/lt\/wp-json\/wp\/v2\/product_cat?post=170736"},{"taxonomy":"product_tag","embeddable":true,"href":"https:\/\/baldumarket.lt\/lt\/wp-json\/wp\/v2\/product_tag?post=170736"}],"curies":[{"name":"wp","href":"https:\/\/api.w.org\/{rel}","templated":true}]}}