{"id":170688,"date":"2025-12-19T21:42:32","date_gmt":"2025-12-19T18:42:32","guid":{"rendered":"https:\/\/baldumarket.lt\/product\/lusso-dab-artisan-czarny-mat-nowoczesna-lawa-stolik-z-podnoszonym-blatem-schowkiem-polka-na-kolkach\/"},"modified":"2026-02-03T23:29:06","modified_gmt":"2026-02-03T20:29:06","slug":"lusso-dab-artisan-czarny-mat-nowoczesna-lawa-stolik-z-podnoszonym-blatem-schowkiem-polka-na-kolkach","status":"publish","type":"product","link":"https:\/\/baldumarket.lt\/lt\/product\/lusso-dab-artisan-czarny-mat-nowoczesna-lawa-stolik-z-podnoszonym-blatem-schowkiem-polka-na-kolkach\/","title":{"rendered":"LUSSO Artisan Oak\/Matin\u0117 Juoda &#8211; MODERNUS KAVOS STALIUKAS SU PAKELIAMU STALVIR\u0160IU + SAND\u0116LIAVIMO skyriumi + LENTYNA (ANT RATUK\u0172!)"},"content":{"rendered":"<p>Baldai pagaminti i\u0161 auk\u0161tos kokyb\u0117s, matin\u0117s med\u017eio dro\u017eli\u0173 plok\u0161t\u0117s, laminuotos i\u0161 abiej\u0173 pusi\u0173, 28 ir 18 mm storio, apdailintos 1 mm ABS apvadu.<br \/>\nPakuot\u0117s matmenys ir svoris:<br \/>\n126,5 x 72,5 x 6,5 cm (27,3 kg)<br \/>\n108 x 41,5 x 9,5 cm (15,5 kg)<br \/>\nDaugiau informacijos apie pristatym\u0105 rasite skiltyje \u201cMok\u0117jimas ir pristatymas\u201d.<\/p>","protected":false},"excerpt":{"rendered":"<p>PLOTIS 112 cm, GYLIS 66 cm, AUK\u0160TIS 45 cm \/ 71 cm, MED\u017dIAGOS Med\u017eio dro\u017eli\u0173 plok\u0161t\u0117, FUNKCIJA Pakeliamas stalvir\u0161is (n\u0117ra, AUK\u0160\u010cIO reguliavimo), PAVIR\u0160IUS Matinis, STILIUS Modernus \/ Loftas \/ Skandinavi\u0161kas, SVORIS SU PAKUOTE 43 kg<\/p>","protected":false},"featured_media":170689,"comment_status":"open","ping_status":"open","template":"","meta":[],"product_brand":[],"product_cat":[866,4109],"product_tag":[],"class_list":{"0":"post-170688","1":"product","2":"type-product","3":"status-publish","4":"has-post-thumbnail","6":"product_cat-coffee-tables","7":"product_cat-mazzoni","9":"first","10":"instock","11":"purchasable","12":"product-type-simple"},"_links":{"self":[{"href":"https:\/\/baldumarket.lt\/lt\/wp-json\/wp\/v2\/product\/170688","targetHints":{"allow":["GET"]}}],"collection":[{"href":"https:\/\/baldumarket.lt\/lt\/wp-json\/wp\/v2\/product"}],"about":[{"href":"https:\/\/baldumarket.lt\/lt\/wp-json\/wp\/v2\/types\/product"}],"replies":[{"embeddable":true,"href":"https:\/\/baldumarket.lt\/lt\/wp-json\/wp\/v2\/comments?post=170688"}],"wp:featuredmedia":[{"embeddable":true,"href":"https:\/\/baldumarket.lt\/lt\/wp-json\/wp\/v2\/media\/170689"}],"wp:attachment":[{"href":"https:\/\/baldumarket.lt\/lt\/wp-json\/wp\/v2\/media?parent=170688"}],"wp:term":[{"taxonomy":"product_brand","embeddable":true,"href":"https:\/\/baldumarket.lt\/lt\/wp-json\/wp\/v2\/product_brand?post=170688"},{"taxonomy":"product_cat","embeddable":true,"href":"https:\/\/baldumarket.lt\/lt\/wp-json\/wp\/v2\/product_cat?post=170688"},{"taxonomy":"product_tag","embeddable":true,"href":"https:\/\/baldumarket.lt\/lt\/wp-json\/wp\/v2\/product_tag?post=170688"}],"curies":[{"name":"wp","href":"https:\/\/api.w.org\/{rel}","templated":true}]}}