{"id":170640,"date":"2025-12-19T21:41:38","date_gmt":"2025-12-19T18:41:38","guid":{"rendered":"https:\/\/baldumarket.lt\/product\/roderic-bez-latte-tkanina-monza-60-stelaz-dab-lakierowany-dymiony-odcien-orzecha-krzeslo-drewniane-boucle-retro\/"},"modified":"2026-02-10T10:30:18","modified_gmt":"2026-02-10T07:30:18","slug":"roderic-bez-latte-tkanina-monza-60-stelaz-dab-lakierowany-dymiony-odcien-orzecha-krzeslo-drewniane-boucle-retro","status":"publish","type":"product","link":"https:\/\/baldumarket.lt\/lt\/product\/roderic-bez-latte-tkanina-monza-60-stelaz-dab-lakierowany-dymiony-odcien-orzecha-krzeslo-drewniane-boucle-retro\/","title":{"rendered":"RODERIC Latte Beige (audinys \u201eMonza 60\u201c) \/ d\u016bminio lakuoto \u0105\u017euolo r\u0117mas (rie\u0161utmed\u017eio atspalvis) \u2013 RETRO MEDIN\u0116 BUKL\u0116 K\u0116D\u0116"},"content":{"rendered":"<p>RODERIC k\u0117d\u0117 \u2013 tai unikalus nat\u016bralios estetikos ir komforto derinys. Ji pasi\u017eymi patvariu \u0105\u017euolo r\u0117mu su gra\u017eia apdaila, kuri i\u0161ry\u0161kina nat\u016brali\u0105 medienos tekst\u016br\u0105. Apmu\u0161alai pagaminti i\u0161 auk\u0161tos kokyb\u0117s bukl\u0117 audinio su prabangia, garbanota tekst\u016bra. Plonos, stabilios kojel\u0117s ir eleganti\u0161ki porankiai suteikia dizainui lengvumo ir subtilumo.<br \/>\nMink\u0161ta s\u0117dyn\u0117 ir apvalus atlo\u0161as u\u017etikrina komfort\u0105, kartu der\u0117dami prie \u0161iltos medienos, tod\u0117l k\u0117d\u0117 idealiai tinka valgomajam, svetainei ar biurui.<br \/>\nMinimalistinio dizaino RODERIC k\u0117d\u0117 puikiai dera prie skandinavi\u0161ko, klasikinio ir modernaus stili\u0173, suteikdama elegancijos ir jaukumo bet kokiam interjerui.<\/p>","protected":false},"excerpt":{"rendered":"<p>MED\u017dIAGOS Audinys \u201eMonza\u201c \/ \u0105\u017euolo mediena, STILIUS Modernus \/ Skandinavi\u0161kas \/ Klasikinis, SVORIS SU PAKUOTE 9,5 kg, KITA Gaminys skirtas savaranki\u0161kam surinkimui su pateiktomis instrukcijomis MAKSIMALI APKROVA 110 kg<\/p>","protected":false},"featured_media":170641,"comment_status":"open","ping_status":"open","template":"","meta":[],"product_brand":[],"product_cat":[9519,1930,4109],"product_tag":[],"class_list":{"0":"post-170640","1":"product","2":"type-product","3":"status-publish","4":"has-post-thumbnail","6":"product_cat-armchairs-and-stools-mazzoni","7":"product_cat-chairs","8":"product_cat-mazzoni","10":"first","11":"instock","12":"purchasable","13":"product-type-simple"},"_links":{"self":[{"href":"https:\/\/baldumarket.lt\/lt\/wp-json\/wp\/v2\/product\/170640","targetHints":{"allow":["GET"]}}],"collection":[{"href":"https:\/\/baldumarket.lt\/lt\/wp-json\/wp\/v2\/product"}],"about":[{"href":"https:\/\/baldumarket.lt\/lt\/wp-json\/wp\/v2\/types\/product"}],"replies":[{"embeddable":true,"href":"https:\/\/baldumarket.lt\/lt\/wp-json\/wp\/v2\/comments?post=170640"}],"wp:featuredmedia":[{"embeddable":true,"href":"https:\/\/baldumarket.lt\/lt\/wp-json\/wp\/v2\/media\/170641"}],"wp:attachment":[{"href":"https:\/\/baldumarket.lt\/lt\/wp-json\/wp\/v2\/media?parent=170640"}],"wp:term":[{"taxonomy":"product_brand","embeddable":true,"href":"https:\/\/baldumarket.lt\/lt\/wp-json\/wp\/v2\/product_brand?post=170640"},{"taxonomy":"product_cat","embeddable":true,"href":"https:\/\/baldumarket.lt\/lt\/wp-json\/wp\/v2\/product_cat?post=170640"},{"taxonomy":"product_tag","embeddable":true,"href":"https:\/\/baldumarket.lt\/lt\/wp-json\/wp\/v2\/product_tag?post=170640"}],"curies":[{"name":"wp","href":"https:\/\/api.w.org\/{rel}","templated":true}]}}