{"id":170618,"date":"2025-12-19T21:41:13","date_gmt":"2025-12-19T18:41:13","guid":{"rendered":"https:\/\/baldumarket.lt\/product\/arthur-bezowe-tkanina-caso-3-nowoczesne-krzeslo-obrotowe-360-tapicerowane-do-salonu-jadalni-biura-loft\/"},"modified":"2026-02-11T09:58:24","modified_gmt":"2026-02-11T06:58:24","slug":"arthur-bezowe-tkanina-caso-3-nowoczesne-krzeslo-obrotowe-360-tapicerowane-do-salonu-jadalni-biura-loft","status":"publish","type":"product","link":"https:\/\/baldumarket.lt\/lt\/product\/arthur-bezowe-tkanina-caso-3-nowoczesne-krzeslo-obrotowe-360-tapicerowane-do-salonu-jadalni-biura-loft\/","title":{"rendered":"ARTHUR Beige (Caso 3 audinys) \u2013 MODERNI 360\u00b0 SUKAMA K\u0116D\u0116, APMU\u0160TA SVETAINEI \/ VALGOMAJAM \/ BIURUI \/ PAL\u0116PEI"},"content":{"rendered":"<p>ARTHUR sukamoji k\u0117d\u0117 derina elegancij\u0105 ir FUNKCIONALUM\u0104 \u2013 puikiai tinka tiek moderniam, tiek klasikiniam interjerui. Auk\u0161tos kokyb\u0117s audinio apmu\u0161alai u\u017etikrina ne tik patvarum\u0105, bet ir komfort\u0105. Kont\u016bruota atlo\u0161as ir porankiai suteikia ergonomi\u0161k\u0105 atram\u0105 s\u0117dint, o subtilios si\u016bl\u0117s suteikia subtilumo.<br \/>\nK\u0117d\u0117 stovi ant tvirto, keturi\u0173 koj\u0173 metalinio pagrindo, u\u017etikrinan\u010dio stabilum\u0105 ir modern\u0173 vaizd\u0105. 360\u00b0 pasukimo mechanizmas padidina komfort\u0105 ir daro ARTHUR idealiai tinkant\u012f biurams, valgomiesiems ir svetain\u0117ms.<br \/>\nD\u0117l minimalistinio dizaino ARTHUR k\u0117d\u0117 puikiai dera prie \u012fvairi\u0173 interjero dizain\u0173, suteikdama charakterio ir stiliaus.<\/p>","protected":false},"excerpt":{"rendered":"<p>MED\u017dIAGOS Caso audinys \/ milteliniu b\u016bdu da\u017eytas plienas, FUNKCIJA 360\u00b0 pasukamas pagrindas, STILIUS Modernus \/ Loftas MAKSIMALI APKROVA 110 kg<\/p>","protected":false},"featured_media":170619,"comment_status":"open","ping_status":"open","template":"","meta":[],"product_brand":[],"product_cat":[9519,1930,4109],"product_tag":[],"class_list":{"0":"post-170618","1":"product","2":"type-product","3":"status-publish","4":"has-post-thumbnail","6":"product_cat-armchairs-and-stools-mazzoni","7":"product_cat-chairs","8":"product_cat-mazzoni","10":"first","11":"instock","12":"purchasable","13":"product-type-simple"},"_links":{"self":[{"href":"https:\/\/baldumarket.lt\/lt\/wp-json\/wp\/v2\/product\/170618","targetHints":{"allow":["GET"]}}],"collection":[{"href":"https:\/\/baldumarket.lt\/lt\/wp-json\/wp\/v2\/product"}],"about":[{"href":"https:\/\/baldumarket.lt\/lt\/wp-json\/wp\/v2\/types\/product"}],"replies":[{"embeddable":true,"href":"https:\/\/baldumarket.lt\/lt\/wp-json\/wp\/v2\/comments?post=170618"}],"wp:featuredmedia":[{"embeddable":true,"href":"https:\/\/baldumarket.lt\/lt\/wp-json\/wp\/v2\/media\/170619"}],"wp:attachment":[{"href":"https:\/\/baldumarket.lt\/lt\/wp-json\/wp\/v2\/media?parent=170618"}],"wp:term":[{"taxonomy":"product_brand","embeddable":true,"href":"https:\/\/baldumarket.lt\/lt\/wp-json\/wp\/v2\/product_brand?post=170618"},{"taxonomy":"product_cat","embeddable":true,"href":"https:\/\/baldumarket.lt\/lt\/wp-json\/wp\/v2\/product_cat?post=170618"},{"taxonomy":"product_tag","embeddable":true,"href":"https:\/\/baldumarket.lt\/lt\/wp-json\/wp\/v2\/product_tag?post=170618"}],"curies":[{"name":"wp","href":"https:\/\/api.w.org\/{rel}","templated":true}]}}